{"id":1769,"date":"2023-03-31T16:32:03","date_gmt":"2023-03-31T14:32:03","guid":{"rendered":"http:\/\/aed-website.triggerco.de\/product\/test-stand\/"},"modified":"2023-05-05T12:54:07","modified_gmt":"2023-05-05T10:54:07","slug":"test-stand","status":"publish","type":"product","link":"https:\/\/aed-website.trigger-code.com\/es\/product\/test-stand\/","title":{"rendered":"Banco de Pruebas"},"content":{"rendered":"\n<div class=\"wp-block-group is-layout-constrained wp-block-group-is-layout-constrained\">\n<h2 class=\"wp-block-heading has-text-align-center has-cerulean-blue-color has-text-color\">Nuestro banco de pruebas \u2013 Eficiente en lugar de complejo<\/h2>\n\n\n\n<div id=\"cardblock_0dfb9c4f8581ddf1f968de0b0d7837e0\" class=\"block__card -detect-in-viewport\">\n  <div class=\"has-background-color--white has-shadow animate__animated animate__fadeInUp animate__delay-default\">\n\n    \n    <div class=\"card__content-wrapper \">\n      <div class=\"card__inner-blocks inner-blocks\">\n        \n\n<p>Debido al constante aumento de la complejidad y el n\u00famero de componentes del veh\u00edculo, las exigencias sobre el alcance de las pruebas aumentan hoy en d\u00eda. La verificaci\u00f3n de sus productos en una etapa temprana garantiza tiempos de desarrollo m\u00e1s cortos y costos de desarrollo m\u00e1s bajos. Gracias a nuestros a\u00f1os de experiencia y cooperaci\u00f3n con varios fabricantes de autom\u00f3viles en la construcci\u00f3n de bancos de pruebas, sabemos exactamente lo que es importante. Con nosotros prueba sistem\u00e1ticamente.<\/p>\n\n\n\n<p>AED Vantage ofrece soluciones de banco de pruebas estandarizadas y personalizadas para realizar pruebas totalmente automatizadas o manuales de su unidad de control electr\u00f3nico. Las opciones de prueba vers\u00e1tiles est\u00e1n disponibles en la interfaz f\u00e1cil de usar de nuestro sistema. Adem\u00e1s de las pruebas listas para usar, tambi\u00e9n tiene opciones de personalizaci\u00f3n individuales. La arquitectura de hardware y el software se adaptan a sus necesidades de prueba. Adem\u00e1s, puede personalizar sus informes de prueba y clasificar los resultados: esto facilita el an\u00e1lisis de errores. De esta manera, tambi\u00e9n puede dise\u00f1ar procedimientos de prueba, su registro y la preparaci\u00f3n de sus resultados de acuerdo con sus requisitos espec\u00edficos.<\/p>\n\n\n\n<p><strong>La gama de funciones de nuestros sistemas de prueba se adapta con precisi\u00f3n a sus necesidades y, por lo general, lo respalda mediante:<\/strong><\/p>\n\n\n\n<ul class=\"wp-block-list\">\n<li>Pruebas funcionales<\/li>\n\n\n\n<li>Mediciones de brillo<\/li>\n\n\n\n<li>Supervisi\u00f3n del parpadeo en la iluminaci\u00f3n<\/li>\n\n\n\n<li>Determinaci\u00f3n de posici\u00f3n de m\u00f3dulos m\u00f3viles<\/li>\n\n\n\n<li>Pruebas de estr\u00e9s<\/li>\n\n\n\n<li>Pruebas a largo plazo<\/li>\n\n\n\n<li>Pruebas de tensi\u00f3n y cortocircuito<\/li>\n\n\n\n<li>Diagn\u00f3stico<\/li>\n\n\n\n<li>Vigilancia \u00f3ptica (procesamiento de im\u00e1genes)<\/li>\n<\/ul>\n\n      <\/div>\n    <\/div>\n  <\/div>\n<\/div><\/div>\n\n\n\n<div class=\"wp-block-group is-layout-constrained wp-block-group-is-layout-constrained\">\n<h2 class=\"wp-block-heading has-text-align-center has-cerulean-blue-color has-text-color\">Nuestros sistemas de prueba en varios campos de aplicaci\u00f3n<\/h2>\n\n\n\n<div class=\"wp-block-group is-layout-constrained wp-block-group-is-layout-constrained\">\n<h3 class=\"wp-block-heading has-text-align-center has-cerulean-blue-color has-text-color\">El sistema de prueba AED para faros<\/h3>\n\n\n\n<div id=\"cardblock_96aa6a0b6d73f02b46a613ec5644416c\" class=\"block__card -detect-in-viewport\">\n  <div class=\"has-background-color--transparent has-image has-image--right has-image-settings--original has-centered-text\">\n\n          <div class=\"card__image-wrapper animate__animated animate__delay-default animate__fadeInRight\">\n\n                  <img decoding=\"async\" width=\"523\" height=\"291\" src=\"https:\/\/aed-website.trigger-code.com\/wp-content\/uploads\/2023\/03\/el-sistema-de-prueba-aed-para-faros-v3.webp\" class=\"attachment-container_half size-container_half\" alt=\"\" srcset=\"https:\/\/aed-website.trigger-code.com\/wp-content\/uploads\/2023\/03\/el-sistema-de-prueba-aed-para-faros-v3.webp 523w, https:\/\/aed-website.trigger-code.com\/wp-content\/uploads\/2023\/03\/el-sistema-de-prueba-aed-para-faros-v3-300x167.webp 300w, https:\/\/aed-website.trigger-code.com\/wp-content\/uploads\/2023\/03\/el-sistema-de-prueba-aed-para-faros-v3-500x278.webp 500w\" sizes=\"(max-width: 523px) 100vw, 523px\" \/>        \n        \n      <\/div>\n    \n    <div class=\"card__content-wrapper animate__animated animate__delay-default animate__fadeInLeft\">\n      <div class=\"card__inner-blocks inner-blocks\">\n        \n\n<p>Con nuestro sistema de prueba, por ejemplo, puede automatizar las pruebas para la validaci\u00f3n del sistema de sus faros en electr\u00f3nica, mec\u00e1nica y tecnolog\u00eda de iluminaci\u00f3n. El sistema de faros del autom\u00f3vil simula diferentes situaciones de conducci\u00f3n y utiliza el procesamiento de im\u00e1genes para validar el correcto funcionamiento de la unidad de control.<\/p>\n\n\n\n<p>Dependiendo de las se\u00f1ales de entrada, la c\u00e1mara comprueba si las distribuciones de luz se reproducen correctamente. Debido al enfoque basado en software, el sistema se puede adaptar a cualquier tipo de faro y luces traseras sin necesidad de modificar el hardware.<\/p>\n\n      <\/div>\n    <\/div>\n  <\/div>\n<\/div><\/div>\n<\/div>\n\n\n\n<div class=\"wp-block-group is-layout-constrained wp-block-group-is-layout-constrained\">\n<h3 class=\"wp-block-heading has-text-align-center has-cerulean-blue-color has-text-color\">El sistema de prueba AED para controles<\/h3>\n\n\n\n<div id=\"cardblock_f372c09f054538152f68210a3e179a24\" class=\"block__card -detect-in-viewport\">\n  <div class=\"has-background-color--transparent has-image has-image--left has-image-settings--original has-centered-text\">\n\n          <div class=\"card__image-wrapper animate__animated animate__delay-default animate__fadeInLeft\">\n\n                  <img decoding=\"async\" width=\"485\" height=\"368\" src=\"https:\/\/aed-website.trigger-code.com\/wp-content\/uploads\/2023\/03\/el-sistema-de-prueba-aed-para-controles-v3-485x368.webp\" class=\"attachment-container_half size-container_half\" alt=\"\" srcset=\"https:\/\/aed-website.trigger-code.com\/wp-content\/uploads\/2023\/03\/el-sistema-de-prueba-aed-para-controles-v3-485x368.webp 485w, https:\/\/aed-website.trigger-code.com\/wp-content\/uploads\/2023\/03\/el-sistema-de-prueba-aed-para-controles-v3-300x228.webp 300w, https:\/\/aed-website.trigger-code.com\/wp-content\/uploads\/2023\/03\/el-sistema-de-prueba-aed-para-controles-v3-406x308.webp 406w, https:\/\/aed-website.trigger-code.com\/wp-content\/uploads\/2023\/03\/el-sistema-de-prueba-aed-para-controles-v3.webp 523w\" sizes=\"(max-width: 485px) 100vw, 485px\" \/>        \n        \n      <\/div>\n    \n    <div class=\"card__content-wrapper animate__animated animate__delay-default animate__fadeInRight\">\n      <div class=\"card__inner-blocks inner-blocks\">\n        \n\n<p>Otra posibilidad es nuestro sistema de prueba para elementos operativos. Varios botones e interruptores se operan autom\u00e1ticamente. Bas\u00e1ndose en la se\u00f1al LIN, se eval\u00faa y comprueba la respuesta del elemento de control. En nuestra aplicaci\u00f3n, un elemento de control del elevalunas est\u00e1 completamente probado y asegurado.<\/p>\n\n      <\/div>\n    <\/div>\n  <\/div>\n<\/div><\/div>\n","protected":false},"excerpt":{"rendered":"<p>Le ofrecemos soluciones de banco de pruebas estandarizadas y hechas a medida. De esta manera, puede dise\u00f1ar procedimientos de prueba, su an\u00e1lisis y la preparaci\u00f3n de sus resultados de acuerdo con sus requisitos espec\u00edficos.<\/p>\n","protected":false},"featured_media":648,"template":"","class_list":["post-1769","product","type-product","status-publish","has-post-thumbnail","hentry"],"aioseo_notices":[],"acf":[],"_links":{"self":[{"href":"https:\/\/aed-website.trigger-code.com\/es\/wp-json\/wp\/v2\/product\/1769","targetHints":{"allow":["GET"]}}],"collection":[{"href":"https:\/\/aed-website.trigger-code.com\/es\/wp-json\/wp\/v2\/product"}],"about":[{"href":"https:\/\/aed-website.trigger-code.com\/es\/wp-json\/wp\/v2\/types\/product"}],"version-history":[{"count":10,"href":"https:\/\/aed-website.trigger-code.com\/es\/wp-json\/wp\/v2\/product\/1769\/revisions"}],"predecessor-version":[{"id":3769,"href":"https:\/\/aed-website.trigger-code.com\/es\/wp-json\/wp\/v2\/product\/1769\/revisions\/3769"}],"wp:featuredmedia":[{"embeddable":true,"href":"https:\/\/aed-website.trigger-code.com\/es\/wp-json\/wp\/v2\/media\/648"}],"wp:attachment":[{"href":"https:\/\/aed-website.trigger-code.com\/es\/wp-json\/wp\/v2\/media?parent=1769"}],"curies":[{"name":"wp","href":"https:\/\/api.w.org\/{rel}","templated":true}]}}