{"id":1768,"date":"2023-03-31T16:32:34","date_gmt":"2023-03-31T14:32:34","guid":{"rendered":"http:\/\/aed-website.triggerco.de\/product\/led-simulator\/"},"modified":"2023-05-05T12:54:23","modified_gmt":"2023-05-05T10:54:23","slug":"led-simulator","status":"publish","type":"product","link":"https:\/\/aed-website.trigger-code.com\/es\/product\/led-simulator\/","title":{"rendered":"Simulador LED"},"content":{"rendered":"\n<h2 class=\"wp-block-heading has-text-align-center has-cerulean-blue-color has-text-color\">Simulador LED para probar automotrices ECU<\/h2>\n\n\n\n<div id=\"cardblock_869a4dd20c39592e11b1f86450276d45\" class=\"block__card -detect-in-viewport\">\n  <div class=\"has-background-color--white has-shadow animate__animated animate__fadeInUp animate__delay-default\">\n\n    \n    <div class=\"card__content-wrapper \">\n      <div class=\"card__inner-blocks inner-blocks\">\n        \n\n<p>Con LEDSim, nuestro simulador LED, se puede configurar y simular cualquier cantidad de caracter\u00edsticas LED en su unidad de control. Los LED reales no tienen que estar presentes para esto.<\/p>\n\n\n\n<p>Esto proporciona una clara ventaja, ya que los LED o faros reales a menudo no est\u00e1n disponibles para probar la ECU en una etapa temprana de desarrollo. Por lo tanto, LEDSim de AED Vantage asume una tarea clave: la prueba exhaustiva, reproducible y confiable de todas las funciones de iluminaci\u00f3n clave de la ECU. Queremos que pueda probar sus propios perfiles LED individualmente. Por eso, hemos equipado nuestro LEDSim con un configurador \u00fanico. En base a esto, puede usar nuestro dispositivos inteligentes para probar las siguientes funciones de su unidad de control automotriz, por ejemplo:<\/p>\n\n\n\n<ul class=\"wp-block-list\">\n<li>Detecci\u00f3n de carga abierta y cortocircuito en las salidas.<\/li>\n\n\n\n<li>Pruebas funcionales en las salidas del controlador en diferentes puntos operativos de una curva caracter\u00edstica de LED preconfigurada.<\/li>\n\n\n\n<li>Prueba del comportamiento de salida del controlador con corrientes de carga bajas y altas.<\/li>\n<\/ul>\n\n\n\n<p>Usted decide qu\u00e9 caracter\u00edsticas quiere que tenga sus LED. Con LEDSim de AED Vantage, usted configura las caracter\u00edsticas de los LED seg\u00fan sus deseos. Esto le permite probar su unidad de control individualmente. Por lo tanto, LEDSim refleja completamente la curva caracter\u00edstica de los LED reales.<\/p>\n\n      <\/div>\n    <\/div>\n  <\/div>\n<\/div>\n\n\n<div class=\"wp-block-group is-layout-constrained wp-block-group-is-layout-constrained\">\n<h2 class=\"wp-block-heading has-text-align-center has-cerulean-blue-color has-text-color\">LEDSim: Caracter\u00edsticas t\u00e9cnicas<\/h2>\n\n\n\n<div id=\"cardblock_5afc4283d00588f1039f34feb2ecbbbd\" class=\"block__card alignfull -detect-in-viewport\">\n  <div class=\"has-background-color--transparent has-image has-image--right has-image--overlapping has-image-settings--\">\n\n          <div class=\"card__image-wrapper animate__animated animate__delay-default animate__fadeInRight\">\n\n                  <img decoding=\"async\" width=\"654\" height=\"350\" src=\"https:\/\/aed-website.trigger-code.com\/wp-content\/uploads\/2023\/03\/LEDWEB-1536x823-2-654x350.jpg\" class=\"attachment-container_half size-container_half\" alt=\"\" srcset=\"https:\/\/aed-website.trigger-code.com\/wp-content\/uploads\/2023\/03\/LEDWEB-1536x823-2-654x350.jpg 654w, https:\/\/aed-website.trigger-code.com\/wp-content\/uploads\/2023\/03\/LEDWEB-1536x823-2-300x161.jpg 300w, https:\/\/aed-website.trigger-code.com\/wp-content\/uploads\/2023\/03\/LEDWEB-1536x823-2-1024x549.jpg 1024w, https:\/\/aed-website.trigger-code.com\/wp-content\/uploads\/2023\/03\/LEDWEB-1536x823-2-768x412.jpg 768w, https:\/\/aed-website.trigger-code.com\/wp-content\/uploads\/2023\/03\/LEDWEB-1536x823-2-500x268.jpg 500w, https:\/\/aed-website.trigger-code.com\/wp-content\/uploads\/2023\/03\/LEDWEB-1536x823-2-840x450.jpg 840w, https:\/\/aed-website.trigger-code.com\/wp-content\/uploads\/2023\/03\/LEDWEB-1536x823-2-1308x701.jpg 1308w, https:\/\/aed-website.trigger-code.com\/wp-content\/uploads\/2023\/03\/LEDWEB-1536x823-2.jpg 1536w\" sizes=\"(max-width: 654px) 100vw, 654px\" \/>        \n        \n      <\/div>\n    \n    <div class=\"card__content-wrapper animate__animated animate__delay-default animate__fadeInLeft\">\n      <div class=\"card__inner-blocks inner-blocks\">\n        \n\n<ul class=\"wp-block-list\">\n<li>2 canales por m\u00f3dulo<\/li>\n\n\n\n<li>Max. voltaje: 50 V<\/li>\n\n\n\n<li>Max. corriente: 5 A<\/li>\n\n\n\n<li>Cargas pulsadas hasta 600 Hz<\/li>\n\n\n\n<li>Max. potencia por m\u00f3dulo: 60 W, hasta 35 W por canal<\/li>\n\n\n\n<li>Canales aislados galv\u00e1nicamente<\/li>\n\n\n\n<li>Hasta 16 canales en un chasis (19\u201d y 3 HE)<\/li>\n<\/ul>\n\n      <\/div>\n    <\/div>\n  <\/div>\n<\/div><\/div>\n","protected":false},"excerpt":{"rendered":"<p>Prueba todas las funciones principales de iluminaci\u00f3n en su ECU de manera integral, reproducible y confiable.<\/p>\n","protected":false},"featured_media":598,"template":"","class_list":["post-1768","product","type-product","status-publish","has-post-thumbnail","hentry"],"aioseo_notices":[],"acf":[],"_links":{"self":[{"href":"https:\/\/aed-website.trigger-code.com\/es\/wp-json\/wp\/v2\/product\/1768","targetHints":{"allow":["GET"]}}],"collection":[{"href":"https:\/\/aed-website.trigger-code.com\/es\/wp-json\/wp\/v2\/product"}],"about":[{"href":"https:\/\/aed-website.trigger-code.com\/es\/wp-json\/wp\/v2\/types\/product"}],"version-history":[{"count":9,"href":"https:\/\/aed-website.trigger-code.com\/es\/wp-json\/wp\/v2\/product\/1768\/revisions"}],"predecessor-version":[{"id":3770,"href":"https:\/\/aed-website.trigger-code.com\/es\/wp-json\/wp\/v2\/product\/1768\/revisions\/3770"}],"wp:featuredmedia":[{"embeddable":true,"href":"https:\/\/aed-website.trigger-code.com\/es\/wp-json\/wp\/v2\/media\/598"}],"wp:attachment":[{"href":"https:\/\/aed-website.trigger-code.com\/es\/wp-json\/wp\/v2\/media?parent=1768"}],"curies":[{"name":"wp","href":"https:\/\/api.w.org\/{rel}","templated":true}]}}