{"id":2885,"date":"2023-04-28T11:07:25","date_gmt":"2023-04-28T09:07:25","guid":{"rendered":"http:\/\/aed-website.triggerco.de\/impressum\/"},"modified":"2023-04-28T11:48:08","modified_gmt":"2023-04-28T09:48:08","slug":"imprint","status":"publish","type":"page","link":"https:\/\/aed-website.trigger-code.com\/es\/imprint\/","title":{"rendered":"Legal"},"content":{"rendered":"\n<div id=\"keyvisualblock_2571a5f3b6b9c089aac64ca4f8ad5e2c\" class=\"block__keyvisual -detect-in-viewport alignfull\" data-controller=\"keyvisual\">\n\n    <div class=\"keyvisual__background \">\n                                <\/div>\n\n    \n    <div class=\"keyvisual__wrapper\">\n        <div class=\"keyvisual__content__wrapper container\">\n            <div class=\"keyvisual__content inner-blocks\">\n                                    \n\n<h1 class=\"wp-block-heading\">Impressum<\/h1>\n\n                            <\/div>\n        <\/div>\n    <\/div>\n    \n<\/div>\n\n    <div class=\"breadcrumbs container alignwide\">\n        <div class=\"aioseo-breadcrumbs\"><span class=\"aioseo-breadcrumb\">\n\t\t\tHome\n\t\t<\/span><\/div><\/div>\n\n\n\n<h2 class=\"wp-block-heading has-text-align-center\">AED Vantage GmbH<\/h2>\n\n\n\n<h3 class=\"wp-block-heading has-text-align-center has-grey-300-color has-text-color\">(former AED Engineering GmbH)<\/h3>\n\n\n\n<p class=\"has-text-align-center\">Taunusstr. 51 D-80807 M\u00fanich, Alemania<\/p>\n\n\n\n<p class=\"has-text-align-center\">Tel\u00e9fono: +49 (0)89 15984848 0<br>Fax: +49 (0)89 15984848 50<br>P\u00e1gina web: www.aed-vantage.com<br>Correo electr\u00f3nico: info@aed-vantage.com<\/p>\n\n\n\n<p class=\"has-text-align-center\">Director General: Carlos Urquizar<br>Responsable del contenido: Carlos Urquizar<br>ID. DEL IVA: DE248458857<br>N\u00famero de registro mercantil: HRB 162333<br>Tribunal Local de M\u00fanich Sede: M\u00fanich<\/p>\n","protected":false},"excerpt":{"rendered":"<p>AED Vantage GmbH (former AED Engineering GmbH) Taunusstr. 51 D-80807 M\u00fanich, Alemania Tel\u00e9fono: +49 (0)89 15984848 0Fax: +49 (0)89 15984848 50P\u00e1gina web: www.aed-vantage.comCorreo electr\u00f3nico: info@aed-vantage.com Director General: Carlos UrquizarResponsable del contenido: Carlos UrquizarID. DEL IVA: DE248458857N\u00famero de registro mercantil: HRB 162333Tribunal Local de M\u00fanich Sede: M\u00fanich<\/p>\n","protected":false},"author":1,"featured_media":0,"parent":0,"menu_order":0,"comment_status":"closed","ping_status":"closed","template":"","meta":{"footnotes":""},"class_list":["post-2885","page","type-page","status-publish","hentry"],"aioseo_notices":[],"acf":[],"_links":{"self":[{"href":"https:\/\/aed-website.trigger-code.com\/es\/wp-json\/wp\/v2\/pages\/2885","targetHints":{"allow":["GET"]}}],"collection":[{"href":"https:\/\/aed-website.trigger-code.com\/es\/wp-json\/wp\/v2\/pages"}],"about":[{"href":"https:\/\/aed-website.trigger-code.com\/es\/wp-json\/wp\/v2\/types\/page"}],"author":[{"embeddable":true,"href":"https:\/\/aed-website.trigger-code.com\/es\/wp-json\/wp\/v2\/users\/1"}],"replies":[{"embeddable":true,"href":"https:\/\/aed-website.trigger-code.com\/es\/wp-json\/wp\/v2\/comments?post=2885"}],"version-history":[{"count":2,"href":"https:\/\/aed-website.trigger-code.com\/es\/wp-json\/wp\/v2\/pages\/2885\/revisions"}],"predecessor-version":[{"id":2913,"href":"https:\/\/aed-website.trigger-code.com\/es\/wp-json\/wp\/v2\/pages\/2885\/revisions\/2913"}],"wp:attachment":[{"href":"https:\/\/aed-website.trigger-code.com\/es\/wp-json\/wp\/v2\/media?parent=2885"}],"curies":[{"name":"wp","href":"https:\/\/api.w.org\/{rel}","templated":true}]}}