{"id":1655,"date":"2023-03-31T16:26:16","date_gmt":"2023-03-31T14:26:16","guid":{"rendered":"http:\/\/aed-website.triggerco.de\/system-qualifications-testing\/"},"modified":"2023-05-04T16:28:55","modified_gmt":"2023-05-04T14:28:55","slug":"system-qualifications-testing","status":"publish","type":"page","link":"https:\/\/aed-website.trigger-code.com\/es\/system-qualifications-testing\/","title":{"rendered":"Test de Cualificaci\u00f3n del Sistema"},"content":{"rendered":"\n<div id=\"keyvisualblock_ab5bd5473b26409798800a322ef5fc78\" class=\"block__keyvisual -detect-in-viewport alignfull\" data-controller=\"keyvisual\">\n\n    <div class=\"keyvisual__background \">\n                                    <img decoding=\"async\" width=\"875\" height=\"583\" src=\"https:\/\/aed-website.trigger-code.com\/wp-content\/uploads\/2023\/03\/cabecera-system-qualification.jpg\" class=\"attachment-fullscreen_16_9 size-fullscreen_16_9\" alt=\"\" srcset=\"https:\/\/aed-website.trigger-code.com\/wp-content\/uploads\/2023\/03\/cabecera-system-qualification.jpg 875w, https:\/\/aed-website.trigger-code.com\/wp-content\/uploads\/2023\/03\/cabecera-system-qualification-300x200.jpg 300w, https:\/\/aed-website.trigger-code.com\/wp-content\/uploads\/2023\/03\/cabecera-system-qualification-768x512.jpg 768w, https:\/\/aed-website.trigger-code.com\/wp-content\/uploads\/2023\/03\/cabecera-system-qualification-462x308.jpg 462w, https:\/\/aed-website.trigger-code.com\/wp-content\/uploads\/2023\/03\/cabecera-system-qualification-840x560.jpg 840w, https:\/\/aed-website.trigger-code.com\/wp-content\/uploads\/2023\/03\/cabecera-system-qualification-552x368.jpg 552w\" sizes=\"(max-width: 875px) 100vw, 875px\" \/>                        <\/div>\n\n            <div class=\"keyvisual__overlay\"><\/div>\n    \n    <div class=\"keyvisual__wrapper\">\n        <div class=\"keyvisual__content__wrapper container\">\n            <div class=\"keyvisual__content inner-blocks\">\n                                    \n\n<h1 class=\"wp-block-heading\">Test de Cualificaci\u00f3n del Sistema<\/h1>\n\n                            <\/div>\n        <\/div>\n    <\/div>\n    \n<\/div>\n\n    <div class=\"breadcrumbs container alignwide\">\n        <div class=\"aioseo-breadcrumbs\"><span class=\"aioseo-breadcrumb\">\n\t\t\tHome\n\t\t<\/span><\/div><\/div>\n\n\n\n<h2 class=\"wp-block-heading has-text-align-center has-cerulean-blue-color has-text-color\">Nuestras capacidades de prueba est\u00e1n creciendo<\/h2>\n\n\n\n<div id=\"cardblock_38c5536873a22810fb3ee72e7acc3f0e\" class=\"block__card -detect-in-viewport\">\n  <div class=\"has-background-color--white has-shadow animate__animated animate__fadeInUp animate__delay-default\">\n\n    \n    <div class=\"card__content-wrapper \">\n      <div class=\"card__inner-blocks inner-blocks\">\n        \n\n<p>Hemos decidido ampliar significativamente nuestras capacidades de prueba y establecer laboratorios de prueba acreditados con c\u00e1maras clim\u00e1ticas y EMC. Pr\u00f3ximamente, en nuestra sede de Murcia, ofreceremos pruebas ambientales y electromagn\u00e9ticas para sistemas y componentes de automoci\u00f3n. Durante esta prueba, puede validar la funcionalidad y la seguridad de sus productos en condiciones ambientales espec\u00edficas. De esta manera, nos aseguramos de que sus productos cumplan con los est\u00e1ndares globales y las regulaciones locales. Tambi\u00e9n podemos demostrar esto a trav\u00e9s de nuestra certificaci\u00f3n.<\/p>\n\n\n\n<p><br>Al igual que con otros servicios, AED Vantage ofrecer\u00e1 una cartera a medida para estas pruebas, porque queremos apoyar a nuestros clientes de manera integral, desde el concepto, pasando por el desarrollo del Banco de Pruebas, hasta los informes y el inicio de la producci\u00f3n (SoP), y m\u00e1s. Basados en nuestra alianza con Grupo Antolin, nos esforzamos por asegurar que todos nuestros proyectos de desarrollo se prueban exhaustivamente para brindar confianza en nuestros productos. Puede estar seguro de que garantizaremos la estrategia de validaci\u00f3n correcta, el plan de prueba correcto y la ejecuci\u00f3n y el informe de las pruebas de calificaci\u00f3n y EMC.<\/p>\n\n\n\n<p><strong>Con nuestros servicios de prueba, puede validar las propiedades de sus sistemas automotrices en una etapa temprana, acortar los tiempos de desarrollo y ahorrar costos.<\/strong><\/p>\n\n      <\/div>\n    <\/div>\n  <\/div>\n<\/div>","protected":false},"excerpt":{"rendered":"<p>Nuestras capacidades de prueba est\u00e1n creciendo<\/p>\n","protected":false},"author":1,"featured_media":0,"parent":0,"menu_order":0,"comment_status":"closed","ping_status":"closed","template":"","meta":{"footnotes":""},"class_list":["post-1655","page","type-page","status-publish","hentry"],"aioseo_notices":[],"acf":[],"_links":{"self":[{"href":"https:\/\/aed-website.trigger-code.com\/es\/wp-json\/wp\/v2\/pages\/1655","targetHints":{"allow":["GET"]}}],"collection":[{"href":"https:\/\/aed-website.trigger-code.com\/es\/wp-json\/wp\/v2\/pages"}],"about":[{"href":"https:\/\/aed-website.trigger-code.com\/es\/wp-json\/wp\/v2\/types\/page"}],"author":[{"embeddable":true,"href":"https:\/\/aed-website.trigger-code.com\/es\/wp-json\/wp\/v2\/users\/1"}],"replies":[{"embeddable":true,"href":"https:\/\/aed-website.trigger-code.com\/es\/wp-json\/wp\/v2\/comments?post=1655"}],"version-history":[{"count":5,"href":"https:\/\/aed-website.trigger-code.com\/es\/wp-json\/wp\/v2\/pages\/1655\/revisions"}],"predecessor-version":[{"id":3671,"href":"https:\/\/aed-website.trigger-code.com\/es\/wp-json\/wp\/v2\/pages\/1655\/revisions\/3671"}],"wp:attachment":[{"href":"https:\/\/aed-website.trigger-code.com\/es\/wp-json\/wp\/v2\/media?parent=1655"}],"curies":[{"name":"wp","href":"https:\/\/api.w.org\/{rel}","templated":true}]}}