{"id":1654,"date":"2023-04-18T16:48:10","date_gmt":"2023-04-18T14:48:10","guid":{"rendered":"http:\/\/aed-website.triggerco.de\/reset-password\/"},"modified":"2023-04-18T16:48:10","modified_gmt":"2023-04-18T14:48:10","slug":"reset-password","status":"publish","type":"page","link":"https:\/\/aed-website.trigger-code.com\/es\/reset-password\/","title":{"rendered":"Reset Password"},"content":{"rendered":"\n<div id=\"special-page\" class=\"wp-block-group is-layout-constrained wp-block-group-is-layout-constrained\">\n<div id=\"spacerblock_a377a2308ae1603bc6715ddf3162bf11\" class=\"block__spacer -detect-in-viewport block__spacer--extra-large\"><\/div>\n\n\n<div id=\"frm-reset-password-0\" class=\"frm_forms with_frm_style  frm_style_formidable-style\">\n\n\t<form id=\"lostpasswordform_0\" action=\"https:\/\/aed-website.trigger-code.com\/wp-login.php?action=lostpassword\" method=\"post\" class=\"frm-show-form\">\n\n\t\t\n\t\t<div class=\"frm_form_fields\">\n\t\t\t<fieldset>\n\n\t\t\t\t<div class=\"frm_description\">\n\t\t\t\t\t<p>Favor de ingresar tu nombre de usuario o correo electr\u00f3nico. Recibir\u00e1s un enlace para crear una contrase\u00f1a nueva por correo electr\u00f3nico.<\/p>\n\t\t\t\t<\/div>\n\n\t\t\t\t<div class=\"frm_form_field form-field frm_top_container\">\n\t\t\t\t\t<label for=\"user_login_0\" class=\"frm_primary_label\">Username or Email Address\t\t\t\t\t\t<span class=\"frm_required\">*<\/span>\n\t\t\t\t\t<\/label>\n\t\t\t\t\t<input type=\"text\" id=\"user_login_0\" name=\"user_login\">\n\t\t\t\t<\/div>\n\n\t\t\t\t\n\t\t\t\t<div class=\"frm_submit\">\n\t\t\t\t\t<input value=\"Conseguir contrase\u00f1a nueva\" type=\"submit\">\n\t\t\t\t<\/div>\n\n\t\t\t<\/fieldset>\n\t\t<\/div>\n\t<\/form>\n<\/div>\n\n\n\n\n<div id=\"spacerblock_a377a2308ae1603bc6715ddf3162bf11\" class=\"block__spacer -detect-in-viewport block__spacer--extra-large\"><\/div><\/div>\n","protected":false},"excerpt":{"rendered":"","protected":false},"author":1,"featured_media":0,"parent":0,"menu_order":0,"comment_status":"closed","ping_status":"closed","template":"","meta":{"footnotes":""},"class_list":["post-1654","page","type-page","status-publish","hentry"],"aioseo_notices":[],"acf":[],"_links":{"self":[{"href":"https:\/\/aed-website.trigger-code.com\/es\/wp-json\/wp\/v2\/pages\/1654","targetHints":{"allow":["GET"]}}],"collection":[{"href":"https:\/\/aed-website.trigger-code.com\/es\/wp-json\/wp\/v2\/pages"}],"about":[{"href":"https:\/\/aed-website.trigger-code.com\/es\/wp-json\/wp\/v2\/types\/page"}],"author":[{"embeddable":true,"href":"https:\/\/aed-website.trigger-code.com\/es\/wp-json\/wp\/v2\/users\/1"}],"replies":[{"embeddable":true,"href":"https:\/\/aed-website.trigger-code.com\/es\/wp-json\/wp\/v2\/comments?post=1654"}],"version-history":[{"count":0,"href":"https:\/\/aed-website.trigger-code.com\/es\/wp-json\/wp\/v2\/pages\/1654\/revisions"}],"wp:attachment":[{"href":"https:\/\/aed-website.trigger-code.com\/es\/wp-json\/wp\/v2\/media?parent=1654"}],"curies":[{"name":"wp","href":"https:\/\/api.w.org\/{rel}","templated":true}]}}