{"id":1651,"date":"2023-03-31T16:26:06","date_gmt":"2023-03-31T14:26:06","guid":{"rendered":"http:\/\/aed-website.triggerco.de\/production-services\/"},"modified":"2023-05-04T16:28:40","modified_gmt":"2023-05-04T14:28:40","slug":"production-services","status":"publish","type":"page","link":"https:\/\/aed-website.trigger-code.com\/es\/production-services\/","title":{"rendered":"Servicios de Producci\u00f3n"},"content":{"rendered":"\n<div id=\"keyvisualblock_8be1e42f4275768b3d5571a1371eccdc\" class=\"block__keyvisual -detect-in-viewport alignfull\" data-controller=\"keyvisual\">\n\n    <div class=\"keyvisual__background keyvisual__background--video\">\n                    \n                <video src=\"https:\/\/aed-website.trigger-code.com\/wp-content\/uploads\/2023\/03\/AED_Final_low-1.mp4\" autoplay loop muted><\/video>\n                        <\/div>\n\n            <div class=\"keyvisual__overlay\"><\/div>\n    \n    <div class=\"keyvisual__wrapper\">\n        <div class=\"keyvisual__content__wrapper container\">\n            <div class=\"keyvisual__content inner-blocks\">\n                                                            \n\n<h1 class=\"wp-block-heading\">Servicios de Producci\u00f3n<\/h1>\n\n\n\n<h3 class=\"wp-block-heading\">Del prototipo a la producci\u00f3n en serie<\/h3>\n\n                                                <\/div>\n        <\/div>\n    <\/div>\n    \n<\/div>\n\n    <div class=\"breadcrumbs container alignwide\">\n        <div class=\"aioseo-breadcrumbs\"><span class=\"aioseo-breadcrumb\">\n\t\t\tHome\n\t\t<\/span><\/div><\/div>\n\n\n\n<div class=\"wp-block-group is-layout-constrained wp-block-group-is-layout-constrained\"><div class=\"wp-bootstrap-blocks-row row\">\n\t\n\n<div class=\"col-12 col-md-6\">\n\t\t\t\n\n<h2 class=\"wp-block-heading has-cerulean-blue-color has-text-color\">Su partner para la producci\u00f3n de electr\u00f3nica a medida<\/h2>\n\n\t<\/div>\n\n\n\n<div class=\"col-12 col-md-6\">\n\t\t\t\n\n<p>Muchos a\u00f1os de estrecha cooperaci\u00f3n en AED Vantage han mejorado nuestra comprensi\u00f3n de los diferentes requisitos para la producci\u00f3n de un producto.<\/p>\n\n\n\n<p>Nos enfrentamos a la novedad desafiante de un prototipo con flexibilidad creativa y optimizamos constantemente las series. Estaremos encantados de encargarnos del montaje de su primer dise\u00f1o de circuito o de la producci\u00f3n completa de un producto en serie para usted.<\/p>\n\n\n\n<p>Nuestra moderna infraestructura est\u00e1 optimizada para cambios r\u00e1pidos de productos, por lo que esperamos sus desaf\u00edos espont\u00e1neos.<\/p>\n\n\t<\/div>\n\n<\/div>\n<\/div>\n\n\n\n<div class=\"wp-block-group has-platinum-grey-background-color has-background is-layout-constrained wp-block-group-is-layout-constrained\"><div class=\"wp-bootstrap-blocks-container container mb-2\">\n\t\n\n<h2 class=\"wp-block-heading has-text-align-center has-cerulean-blue-color has-text-color\">Montaje de PCB: r\u00e1pido e impecable desde la primera pieza<\/h2>\n\n\n<div class=\"wp-bootstrap-blocks-row row\">\n\t\n\n<div class=\"col-12 col-md-6 order-sm-2\">\n\t\t\t\n\n<div id=\"animationblock_bf0efa1f36b889ee9e4c4a273c8f57e4\" class=\"block__animation -detect-in-viewport\">\n  <div class=\"animation__inner-blocks inner-blocks animate__animated animate__fadeInLeft animate__delay-default\">\n    \n\n<p>Stencil less jetprinting Impresora por inyecci\u00f3n sin plantilla de la soldadura en pasta, monitoreada digitalmente, la configuraci\u00f3n de la m\u00e1quina sin errores, as\u00ed como el horno de fase de vapor seguro para el proceso que garantiza la temperatura de soldadura ideal, convierten cada muestra inicial en una muestra impecable. \u00a1Somos r\u00e1pidos, confiables y rentables! Nuestra l\u00ednea y servicios de un vistazo:<\/p>\n\n\n\n<ul class=\"wp-block-list\">\n<li>Impresora por inyecci\u00f3n en lugar de la impresi\u00f3n de pasta de soldadura basada en plantillas.\n<ul class=\"wp-block-list\">\n<li>Sin costes ni plazos de entrega de stencil.<\/li>\n\n\n\n<li>Optimizaci\u00f3n de la soldadura en pasta v\u00eda software antes y durante la producci\u00f3n sin la necesidad de redise\u00f1ar el stencil.<\/li>\n<\/ul>\n<\/li>\n\n\n\n<li>Soldadura en base de vapor.\n<ul class=\"wp-block-list\">\n<li>Fiabilidad del proceso desde la primera PCBA.<\/li>\n\n\n\n<li>Resultados fiables incluso con masas de componentes muy diferentes.<\/li>\n\n\n\n<li>Bajo consumo de recursos.<\/li>\n<\/ul>\n<\/li>\n\n\n\n<li>Inspecci\u00f3n \u00f3ptica semiautom\u00e1tica de cada PCB.\n<ul class=\"wp-block-list\">\n<li>Sin costes ni plazos de entrega para la creaci\u00f3n del programa AOI. Detecci\u00f3n fiable de fallos.<\/li>\n\n\n\n<li>Detecci\u00f3n confiable de fallos.<\/li>\n<\/ul>\n<\/li>\n\n\n\n<li>Producci\u00f3n de alta calidad seg\u00fan IPC-A-610 clase 3<\/li>\n\n\n\n<li>Entorno protegido contra ESD.<\/li>\n\n\n\n<li>Amplia gama de posibles componentes\n<ul class=\"wp-block-list\">\n<li><strong>Huella m\u00e1s peque\u00f1a<\/strong>:<br>Componentes del chip 0201<br>Paso de 0,4 mm<\/li>\n\n\n\n<li><strong>Huella m\u00e1s grande<\/strong><br>140 mm de largo x 73 mm de ancho x 15 mm de alto para cantidades de hasta 5 componentes por placa de circuito impreso<br>28 mm de superficie base diagonal x 5,6 mm de altura para el resto de componentes<\/li>\n<\/ul>\n<\/li>\n\n\n\n<li>Procesamiento r\u00e1pido de pedidos: 10 WD est\u00e1ndar, 5 WD Express.<\/li>\n\n\n\n<li>Modelo de precios simple y atractivo:&nbsp;<a href=\"https:\/\/www.aed-vantage.com\/wp-content\/uploads\/2022\/05\/2.-Pricelist_Production_20220421_EN.pdf\" target=\"_blank\" rel=\"noreferrer noopener\">M\u00e1s informaci\u00f3n.<\/a><\/li>\n<\/ul>\n\n  <\/div>\n\n<\/div>\n\t<\/div>\n\n\n\n<div class=\"col-12 col-md-6 order-sm-1\">\n\t\t\t\n\n<div id=\"animationblock_7f5c5f0b6dda3eb6ce37598469dec019\" class=\"block__animation -detect-in-viewport\">\n  <div class=\"animation__inner-blocks inner-blocks animate__animated animate__fadeInRight animate__delay-default\">\n    \n\n<figure class=\"wp-block-image size-large\"><img decoding=\"async\" width=\"1024\" height=\"672\" src=\"http:\/\/aed-website.triggerco.de\/wp-content\/uploads\/2023\/04\/WMW_6021-copy-1024x672.webp\" alt=\"\" class=\"wp-image-2667\" srcset=\"https:\/\/aed-website.trigger-code.com\/wp-content\/uploads\/2023\/04\/WMW_6021-copy-1024x672.webp 1024w, https:\/\/aed-website.trigger-code.com\/wp-content\/uploads\/2023\/04\/WMW_6021-copy-300x197.webp 300w, https:\/\/aed-website.trigger-code.com\/wp-content\/uploads\/2023\/04\/WMW_6021-copy-768x504.webp 768w, https:\/\/aed-website.trigger-code.com\/wp-content\/uploads\/2023\/04\/WMW_6021-copy-469x308.webp 469w, https:\/\/aed-website.trigger-code.com\/wp-content\/uploads\/2023\/04\/WMW_6021-copy-840x552.webp 840w, https:\/\/aed-website.trigger-code.com\/wp-content\/uploads\/2023\/04\/WMW_6021-copy-1121x736.webp 1121w, https:\/\/aed-website.trigger-code.com\/wp-content\/uploads\/2023\/04\/WMW_6021-copy-560x368.webp 560w, https:\/\/aed-website.trigger-code.com\/wp-content\/uploads\/2023\/04\/WMW_6021-copy.webp 1500w\" sizes=\"(max-width: 1024px) 100vw, 1024px\" \/><\/figure>\n\n\n\n<figure class=\"wp-block-image size-large is-resized\"><img decoding=\"async\" src=\"http:\/\/aed-website.triggerco.de\/wp-content\/uploads\/2023\/03\/WMW_6141-copy-1024x682.jpg\" alt=\"\" class=\"wp-image-387\" width=\"615\" height=\"409\" srcset=\"https:\/\/aed-website.trigger-code.com\/wp-content\/uploads\/2023\/03\/WMW_6141-copy-1024x682.jpg 1024w, https:\/\/aed-website.trigger-code.com\/wp-content\/uploads\/2023\/03\/WMW_6141-copy-300x200.jpg 300w, https:\/\/aed-website.trigger-code.com\/wp-content\/uploads\/2023\/03\/WMW_6141-copy-768x511.jpg 768w, https:\/\/aed-website.trigger-code.com\/wp-content\/uploads\/2023\/03\/WMW_6141-copy-462x308.jpg 462w, https:\/\/aed-website.trigger-code.com\/wp-content\/uploads\/2023\/03\/WMW_6141-copy-840x559.jpg 840w, https:\/\/aed-website.trigger-code.com\/wp-content\/uploads\/2023\/03\/WMW_6141-copy-1105x736.jpg 1105w, https:\/\/aed-website.trigger-code.com\/wp-content\/uploads\/2023\/03\/WMW_6141-copy-553x368.jpg 553w, https:\/\/aed-website.trigger-code.com\/wp-content\/uploads\/2023\/03\/WMW_6141-copy.jpg 1500w\" sizes=\"(max-width: 615px) 100vw, 615px\" \/><\/figure>\n\n  <\/div>\n\n<\/div>\n\t<\/div>\n\n<\/div>\n\n<\/div>\n<\/div>\n\n\n\n<div class=\"wp-block-group is-layout-constrained wp-block-group-is-layout-constrained\">\n<h2 class=\"wp-block-heading has-text-align-center has-cerulean-blue-color has-text-color\">Ensamblaje del dispositivo, primera operaci\u00f3n y prueba<\/h2>\n\n\n\n<div id=\"cardblock_d7f78404ea44f2aaf5c2060dd86ab39a\" class=\"block__card alignfull -detect-in-viewport\">\n  <div class=\"has-background-color--transparent has-image has-image--left has-image-settings--original\">\n\n          <div class=\"card__image-wrapper animate__animated animate__delay-default animate__fadeInLeft\">\n\n                  <img decoding=\"async\" width=\"565\" height=\"368\" src=\"https:\/\/aed-website.trigger-code.com\/wp-content\/uploads\/2023\/04\/Picture-2-565x368.webp\" class=\"attachment-container_half size-container_half\" alt=\"\" srcset=\"https:\/\/aed-website.trigger-code.com\/wp-content\/uploads\/2023\/04\/Picture-2-565x368.webp 565w, https:\/\/aed-website.trigger-code.com\/wp-content\/uploads\/2023\/04\/Picture-2-300x195.webp 300w, https:\/\/aed-website.trigger-code.com\/wp-content\/uploads\/2023\/04\/Picture-2-1024x667.webp 1024w, https:\/\/aed-website.trigger-code.com\/wp-content\/uploads\/2023\/04\/Picture-2-768x500.webp 768w, https:\/\/aed-website.trigger-code.com\/wp-content\/uploads\/2023\/04\/Picture-2-1536x1000.webp 1536w, https:\/\/aed-website.trigger-code.com\/wp-content\/uploads\/2023\/04\/Picture-2-473x308.webp 473w, https:\/\/aed-website.trigger-code.com\/wp-content\/uploads\/2023\/04\/Picture-2-840x547.webp 840w, https:\/\/aed-website.trigger-code.com\/wp-content\/uploads\/2023\/04\/Picture-2-1130x736.webp 1130w, https:\/\/aed-website.trigger-code.com\/wp-content\/uploads\/2023\/04\/Picture-2.webp 1958w\" sizes=\"(max-width: 565px) 100vw, 565px\" \/>        \n        \n      <\/div>\n    \n    <div class=\"card__content-wrapper animate__animated animate__delay-default animate__fadeInRight\">\n      <div class=\"card__inner-blocks inner-blocks\">\n        \n\n<p>Despu\u00e9s de ensamblar las placas de circuito impreso, estaremos encantados de encargarnos de la terminaci\u00f3n final de su producto.<\/p>\n\n\n\n<p>La gesti\u00f3n de calidad constante, los procesos establecidos del sector automotriz y nuestra atenci\u00f3n al detalle crean dispositivos exactamente de acuerdo con las especificaciones del cliente.<\/p>\n\n\n\n<p><strong>Nuestros servicios de un vistazo:<\/strong><\/p>\n\n\n\n<ul class=\"wp-block-list\">\n<li>Montaje mec\u00e1nico.<\/li>\n\n\n\n<li>Cableado \/ producci\u00f3n de arneses de cables espec\u00edficos del producto.<\/li>\n\n\n\n<li>Instalaci\u00f3n de software.<\/li>\n\n\n\n<li>Ejecuci\u00f3n de pruebas manuales y autom\u00e1ticas.<\/li>\n\n\n\n<li>Calibraci\u00f3n manual y autom\u00e1tica.<\/li>\n\n\n\n<li>Fabricaci\u00f3n de adaptadores de lecho de agujas espec\u00edficos del producto.<\/li>\n\n\n\n<li>Documentaci\u00f3n del proceso de fabricaci\u00f3n.<\/li>\n<\/ul>\n\n      <\/div>\n    <\/div>\n  <\/div>\n<\/div><\/div>\n\n\n\n<div class=\"wp-block-group has-platinum-grey-background-color has-background is-layout-constrained wp-block-group-is-layout-constrained\">\n<h2 class=\"wp-block-heading has-text-align-center has-cerulean-blue-color has-text-color\">Fresado CNC<\/h2>\n\n\n\n<div id=\"cardblock_a7bf2cc7211d19d71869f2aee8dccab2\" class=\"block__card alignfull -detect-in-viewport\">\n  <div class=\"has-background-color--transparent has-image has-image--right has-image-settings--\">\n\n          <div class=\"card__image-wrapper animate__animated animate__delay-default animate__fadeInRight\">\n\n                  <img decoding=\"async\" width=\"552\" height=\"368\" src=\"https:\/\/aed-website.trigger-code.com\/wp-content\/uploads\/2023\/04\/Picture-3-552x368.webp\" class=\"attachment-container_half size-container_half\" alt=\"\" srcset=\"https:\/\/aed-website.trigger-code.com\/wp-content\/uploads\/2023\/04\/Picture-3-552x368.webp 552w, https:\/\/aed-website.trigger-code.com\/wp-content\/uploads\/2023\/04\/Picture-3-300x200.webp 300w, https:\/\/aed-website.trigger-code.com\/wp-content\/uploads\/2023\/04\/Picture-3-1024x683.webp 1024w, https:\/\/aed-website.trigger-code.com\/wp-content\/uploads\/2023\/04\/Picture-3-768x512.webp 768w, https:\/\/aed-website.trigger-code.com\/wp-content\/uploads\/2023\/04\/Picture-3-462x308.webp 462w, https:\/\/aed-website.trigger-code.com\/wp-content\/uploads\/2023\/04\/Picture-3-840x560.webp 840w, https:\/\/aed-website.trigger-code.com\/wp-content\/uploads\/2023\/04\/Picture-3-1104x736.webp 1104w, https:\/\/aed-website.trigger-code.com\/wp-content\/uploads\/2023\/04\/Picture-3.webp 1500w\" sizes=\"(max-width: 552px) 100vw, 552px\" \/>        \n        \n      <\/div>\n    \n    <div class=\"card__content-wrapper animate__animated animate__delay-default animate__fadeInLeft\">\n      <div class=\"card__inner-blocks inner-blocks\">\n        \n\n<p>Ya sea una carcasa, un disipador de calor, un panel frontal o una plantilla para ensamblar geometr\u00edas de PCB desafiantes, los componentes est\u00e1ndar a menudo no encajan.<\/p>\n\n\n\n<p>Nuestra m\u00e1quina de fresado CNC est\u00e1 preparada para completar su t\u00e9cnica con el traje mec\u00e1nico adecuado a medida.<\/p>\n\n\n\n<p><strong>De una sola fuente, le ofrecemos:<\/strong><\/p>\n\n\n\n<ul class=\"wp-block-list\">\n<li>Servicio de dise\u00f1o.<\/li>\n\n\n\n<li>Creaci\u00f3n de procesos CAM.<\/li>\n\n\n\n<li>Fresado CNC 3-axis.<\/li>\n\n\n\n<li>Fabricaci\u00f3n de plantillas.<\/li>\n\n\n\n<li>Chorro de arena de piezas fresadas.<\/li>\n<\/ul>\n\n      <\/div>\n    <\/div>\n  <\/div>\n<\/div><\/div>\n\n\n\n<div class=\"wp-block-group is-layout-constrained wp-block-group-is-layout-constrained\">\n<h2 class=\"wp-block-heading has-text-align-center has-cerulean-blue-color has-text-color\">Grabado l\u00e1ser<\/h2>\n\n\n\n<div id=\"cardblock_c3a2f1dbe8bfb5127b92f0536ee15033\" class=\"block__card alignfull -detect-in-viewport\">\n  <div class=\"has-background-color--transparent has-image has-image--left has-image-settings--\">\n\n          <div class=\"card__image-wrapper animate__animated animate__delay-default animate__fadeInLeft\">\n\n                  <img decoding=\"async\" width=\"552\" height=\"368\" src=\"https:\/\/aed-website.trigger-code.com\/wp-content\/uploads\/2023\/04\/WMW_6379-copy-552x368.webp\" class=\"attachment-container_half size-container_half\" alt=\"\" srcset=\"https:\/\/aed-website.trigger-code.com\/wp-content\/uploads\/2023\/04\/WMW_6379-copy-552x368.webp 552w, https:\/\/aed-website.trigger-code.com\/wp-content\/uploads\/2023\/04\/WMW_6379-copy-300x200.webp 300w, https:\/\/aed-website.trigger-code.com\/wp-content\/uploads\/2023\/04\/WMW_6379-copy-1024x683.webp 1024w, https:\/\/aed-website.trigger-code.com\/wp-content\/uploads\/2023\/04\/WMW_6379-copy-768x512.webp 768w, https:\/\/aed-website.trigger-code.com\/wp-content\/uploads\/2023\/04\/WMW_6379-copy-462x308.webp 462w, https:\/\/aed-website.trigger-code.com\/wp-content\/uploads\/2023\/04\/WMW_6379-copy-840x560.webp 840w, https:\/\/aed-website.trigger-code.com\/wp-content\/uploads\/2023\/04\/WMW_6379-copy-1104x736.webp 1104w, https:\/\/aed-website.trigger-code.com\/wp-content\/uploads\/2023\/04\/WMW_6379-copy.webp 1500w\" sizes=\"(max-width: 552px) 100vw, 552px\" \/>        \n        \n      <\/div>\n    \n    <div class=\"card__content-wrapper animate__animated animate__delay-default animate__fadeInRight\">\n      <div class=\"card__inner-blocks inner-blocks\">\n        \n\n<p>Nuestros grabados l\u00e1ser son nobles y duraderos.<\/p>\n\n\n\n<p>Convenza a sus clientes desde el primer contacto con una apariencia de alta calidad de su producto.<\/p>\n\n\n\n<p><strong>Nuestro l\u00e1ser de fibra graba:<\/strong><\/p>\n\n\n\n<ul class=\"wp-block-list\">\n<li>Texto est\u00e1tico.<\/li>\n\n\n\n<li>Gr\u00e1ficos y logotipos.<\/li>\n\n\n\n<li>N\u00fameros de serie secuenciales seg\u00fan el esquema del cliente.<\/li>\n\n\n\n<li>C\u00f3digos QR.<\/li>\n<\/ul>\n\n      <\/div>\n    <\/div>\n  <\/div>\n<\/div><\/div>\n\n\n\n<div class=\"wp-block-group has-platinum-grey-background-color has-background is-layout-constrained wp-block-group-is-layout-constrained\">\n<h2 class=\"wp-block-heading has-text-align-center has-cerulean-blue-color has-text-color\">Compras y almacenamiento<\/h2>\n\n\n\n<div id=\"cardblock_7381abf4a3758dc827a9ac106da2f2fc\" class=\"block__card alignfull -detect-in-viewport\">\n  <div class=\"has-background-color--transparent has-image has-image--right has-image-settings--\">\n\n          <div class=\"card__image-wrapper animate__animated animate__delay-default animate__fadeInRight\">\n\n                  <img decoding=\"async\" width=\"552\" height=\"368\" src=\"https:\/\/aed-website.trigger-code.com\/wp-content\/uploads\/2023\/04\/WMW_6333-copy-552x368.webp\" class=\"attachment-container_half size-container_half\" alt=\"\" srcset=\"https:\/\/aed-website.trigger-code.com\/wp-content\/uploads\/2023\/04\/WMW_6333-copy-552x368.webp 552w, https:\/\/aed-website.trigger-code.com\/wp-content\/uploads\/2023\/04\/WMW_6333-copy-300x200.webp 300w, https:\/\/aed-website.trigger-code.com\/wp-content\/uploads\/2023\/04\/WMW_6333-copy-1024x683.webp 1024w, https:\/\/aed-website.trigger-code.com\/wp-content\/uploads\/2023\/04\/WMW_6333-copy-768x512.webp 768w, https:\/\/aed-website.trigger-code.com\/wp-content\/uploads\/2023\/04\/WMW_6333-copy-462x308.webp 462w, https:\/\/aed-website.trigger-code.com\/wp-content\/uploads\/2023\/04\/WMW_6333-copy-840x560.webp 840w, https:\/\/aed-website.trigger-code.com\/wp-content\/uploads\/2023\/04\/WMW_6333-copy-1104x736.webp 1104w, https:\/\/aed-website.trigger-code.com\/wp-content\/uploads\/2023\/04\/WMW_6333-copy.webp 1500w\" sizes=\"(max-width: 552px) 100vw, 552px\" \/>        \n        \n      <\/div>\n    \n    <div class=\"card__content-wrapper animate__animated animate__delay-default animate__fadeInLeft\">\n      <div class=\"card__inner-blocks inner-blocks\">\n        \n\n<p>Nos hacemos cargo de la compra completa de todos los componentes o componentes ensamblados proporcionados por el cliente, incluso las unidades de embalaje dif\u00edciles. Para los componentes est\u00e1ndar, nuestro gran almac\u00e9n mantiene tiempos de entrega bajos y una buena relaci\u00f3n con varios proveedores de apoyo con componentes de largo tiempo de entrega.<\/p>\n\n\n\n<p>Sin embargo, si se requiere un componente alternativo, estaremos encantados de ayudarle con sugerencias adecuadas.<\/p>\n\n\n\n<p>Compramos placas de circuito impreso de nuestros proveedores establecidos y optimizamos el dise\u00f1o del panel para los requisitos de nuestra l\u00ednea por adelantado. De esta manera, \u00a1ambos nos beneficiamos de un proceso fluido, r\u00e1pido y que ahorra recursos!<\/p>\n\n      <\/div>\n    <\/div>\n  <\/div>\n<\/div><\/div>\n","protected":false},"excerpt":{"rendered":"<p>Ensamblaje del dispositivo, primera operaci\u00f3n y prueba Fresado CNC Grabado l\u00e1ser Compras y almacenamiento<\/p>\n","protected":false},"author":1,"featured_media":0,"parent":0,"menu_order":0,"comment_status":"closed","ping_status":"closed","template":"","meta":{"footnotes":""},"class_list":["post-1651","page","type-page","status-publish","hentry"],"aioseo_notices":[],"acf":[],"_links":{"self":[{"href":"https:\/\/aed-website.trigger-code.com\/es\/wp-json\/wp\/v2\/pages\/1651","targetHints":{"allow":["GET"]}}],"collection":[{"href":"https:\/\/aed-website.trigger-code.com\/es\/wp-json\/wp\/v2\/pages"}],"about":[{"href":"https:\/\/aed-website.trigger-code.com\/es\/wp-json\/wp\/v2\/types\/page"}],"author":[{"embeddable":true,"href":"https:\/\/aed-website.trigger-code.com\/es\/wp-json\/wp\/v2\/users\/1"}],"replies":[{"embeddable":true,"href":"https:\/\/aed-website.trigger-code.com\/es\/wp-json\/wp\/v2\/comments?post=1651"}],"version-history":[{"count":10,"href":"https:\/\/aed-website.trigger-code.com\/es\/wp-json\/wp\/v2\/pages\/1651\/revisions"}],"predecessor-version":[{"id":3663,"href":"https:\/\/aed-website.trigger-code.com\/es\/wp-json\/wp\/v2\/pages\/1651\/revisions\/3663"}],"wp:attachment":[{"href":"https:\/\/aed-website.trigger-code.com\/es\/wp-json\/wp\/v2\/media?parent=1651"}],"curies":[{"name":"wp","href":"https:\/\/api.w.org\/{rel}","templated":true}]}}