{"id":1650,"date":"2023-04-12T17:49:51","date_gmt":"2023-04-12T15:49:51","guid":{"rendered":"http:\/\/aed-website.triggerco.de\/passenger-monitoring\/"},"modified":"2023-05-04T16:27:49","modified_gmt":"2023-05-04T14:27:49","slug":"passenger-monitoring","status":"publish","type":"page","link":"https:\/\/aed-website.trigger-code.com\/es\/products\/passenger-monitoring\/","title":{"rendered":"Monitorizaci\u00f3n inteligente de pasajeros"},"content":{"rendered":"\n<div id=\"keyvisualblock_729425a81be90e9e4ed8b5b1b41d5607\" class=\"block__keyvisual -detect-in-viewport alignfull\" data-controller=\"keyvisual\">\n\n    <div class=\"keyvisual__background \">\n                                    <img decoding=\"async\" width=\"1500\" height=\"929\" src=\"https:\/\/aed-website.trigger-code.com\/wp-content\/uploads\/2023\/03\/BANNER-1.jpg\" class=\"attachment-fullscreen_16_9 size-fullscreen_16_9\" alt=\"\" srcset=\"https:\/\/aed-website.trigger-code.com\/wp-content\/uploads\/2023\/03\/BANNER-1.jpg 1500w, https:\/\/aed-website.trigger-code.com\/wp-content\/uploads\/2023\/03\/BANNER-1-300x186.jpg 300w, https:\/\/aed-website.trigger-code.com\/wp-content\/uploads\/2023\/03\/BANNER-1-1024x634.jpg 1024w, https:\/\/aed-website.trigger-code.com\/wp-content\/uploads\/2023\/03\/BANNER-1-768x476.jpg 768w, https:\/\/aed-website.trigger-code.com\/wp-content\/uploads\/2023\/03\/BANNER-1-497x308.jpg 497w, https:\/\/aed-website.trigger-code.com\/wp-content\/uploads\/2023\/03\/BANNER-1-840x520.jpg 840w, https:\/\/aed-website.trigger-code.com\/wp-content\/uploads\/2023\/03\/BANNER-1-1188x736.jpg 1188w, https:\/\/aed-website.trigger-code.com\/wp-content\/uploads\/2023\/03\/BANNER-1-594x368.jpg 594w\" sizes=\"(max-width: 1500px) 100vw, 1500px\" \/>                        <\/div>\n\n            <div class=\"keyvisual__overlay\"><\/div>\n    \n    <div class=\"keyvisual__wrapper\">\n        <div class=\"keyvisual__content__wrapper container\">\n            <div class=\"keyvisual__content inner-blocks\">\n                                    \n\n<h1 class=\"wp-block-heading\">Monitorizaci\u00f3n inteligente de pasajeros<\/h1>\n\n                            <\/div>\n        <\/div>\n    <\/div>\n    \n<\/div>\n\n    <div class=\"breadcrumbs container alignwide\">\n        <div class=\"aioseo-breadcrumbs\"><span class=\"aioseo-breadcrumb\">\n\t\t\tHome\n\t\t<\/span><\/div><\/div>\n\n\n\n<div class=\"wp-block-group is-layout-constrained wp-block-group-is-layout-constrained\">\n<h2 class=\"wp-block-heading has-text-align-center has-cerulean-blue-color has-text-color\">Monitorizaci\u00f3n inteligente de pasajeros &#8211; Dise\u00f1ado para la seguridad<\/h2>\n\n\n\n<div id=\"expandableblock_ad55f6deb52bd3aec4b8cf2cab0b9c1c\" class=\" block__expandable alignwide -detect-in-viewport expandable-orientation--horizontal\" data-controller=\"expandable\" data-expandable-target=\"block\" data-action=\"resize@window-&gt;expandable#resize\" data-expandable-active-class=\"-active\">\n\n  <div class=\"expandable__wrapper\">\n\n    <div class=\"expandable__header\">\n      \n              <p class=\"expandable__text\">Hoy en d\u00eda, hasta el 25 por ciento de todos los accidentes automovil\u00edsticos pueden atribuirse a una distracci\u00f3n del conductor. Sin embargo, podr\u00edan prevenirse, por ejemplo, \u00a1mediante un sistema de control de conductores (SCC) potente y fiable! El DMS que desarrollamos es ideal para el uso diario en la carretera. Est\u00e1n equipados con numerosos sensores y pueden detectar una amplia gama de posibles distracciones, incluidas actividades peligrosas por parte del conductor.<\/p>\n      \n      <a href=\"#\" class=\"expandable__icon-wrapper\" data-action=\"expandable#onToggleClick\">\n        <div href=\"#\" class=\"expandable__icon-icon\"><\/div>\n      <\/a>\n    <\/div>\n    <div class=\"expandable__content-wrapper\">\n      <div class=\"expandable__content expandable__content--horizontal inner-blocks\" data-expandable-target=\"content\">\n                  <div class=\"expandable__content-spacer\"><\/div>\n                \n\n<p>\u00bfEst\u00e1 interesado, pero no quiere descuidar a los dem\u00e1s ocupantes del coche? Entonces AED Vantage proporcionar\u00e1 a su DMS funciones adicionales de seguridad y protecci\u00f3n. Si desea ir un paso m\u00e1s all\u00e1, podemos desarrollar un completo Sistema de Monitorizaci\u00f3n de Ocupantes (SMO) que puede ofrecerle numerosas ventajas. \u00bfPero por qu\u00e9? Porque la monitorizaci\u00f3n integral de la cabina es la mejor manera de cumplir con los futuros requisitos de seguridad de la movilidad. Adem\u00e1s, un SMO de AED Vantage puede detectar riesgos que no est\u00e1n directamente relacionados con la conducci\u00f3n.<\/p>\n\n\n\n<p>\u00a1B\u00e1sicamente, AED Vantage SCC u SMO siempre se enfoca en la seguridad de los ocupantes del veh\u00edculo! Pero puede hacer mucho m\u00e1s. Por ejemplo, puede activar funciones relacionadas con el usuario, ajustar autom\u00e1ticamente la configuraci\u00f3n del veh\u00edculo y mucho m\u00e1s. Si se olvida objetos dentro de un autom\u00f3vil, el sistema lo alerta autom\u00e1ticamente.<\/p>\n\n\n\n<p>Por \u00faltimo, pero no menos importante, AED Vantage otorga gran importancia a las ideas y la demanda de sus clientes. Por lo tanto, puede agregar f\u00e1cilmente funciones individuales o adaptar el sistema a modelos de veh\u00edculos espec\u00edficos.<\/p>\n\n\n      <\/div>\n    <\/div>\n  <\/div>\n\n<\/div><\/div>\n\n\n\n<div class=\"wp-block-group is-layout-constrained wp-block-group-is-layout-constrained\">\n<h2 class=\"wp-block-heading has-text-align-center has-cerulean-blue-color has-text-color\">Sistema de monitorizaci\u00f3n de conductores \/ SMC<\/h2>\n\n\n\n<div id=\"cardblock_94e0d67bf218b8562bb941102cf8763e\" class=\"block__card -detect-in-viewport\">\n  <div class=\"has-background-color--transparent has-image has-image--right has-image-settings--original\">\n\n          <div class=\"card__image-wrapper animate__animated animate__delay-default animate__fadeInRight\">\n\n                  <img decoding=\"async\" width=\"552\" height=\"368\" src=\"https:\/\/aed-website.trigger-code.com\/wp-content\/uploads\/2023\/04\/GettyImages-913581142-copy-552x368.jpg\" class=\"attachment-container_half size-container_half\" alt=\"\" srcset=\"https:\/\/aed-website.trigger-code.com\/wp-content\/uploads\/2023\/04\/GettyImages-913581142-copy-552x368.jpg 552w, https:\/\/aed-website.trigger-code.com\/wp-content\/uploads\/2023\/04\/GettyImages-913581142-copy-300x200.jpg 300w, https:\/\/aed-website.trigger-code.com\/wp-content\/uploads\/2023\/04\/GettyImages-913581142-copy-1024x683.jpg 1024w, https:\/\/aed-website.trigger-code.com\/wp-content\/uploads\/2023\/04\/GettyImages-913581142-copy-768x512.jpg 768w, https:\/\/aed-website.trigger-code.com\/wp-content\/uploads\/2023\/04\/GettyImages-913581142-copy-462x308.jpg 462w, https:\/\/aed-website.trigger-code.com\/wp-content\/uploads\/2023\/04\/GettyImages-913581142-copy-840x560.jpg 840w, https:\/\/aed-website.trigger-code.com\/wp-content\/uploads\/2023\/04\/GettyImages-913581142-copy-1104x736.jpg 1104w, https:\/\/aed-website.trigger-code.com\/wp-content\/uploads\/2023\/04\/GettyImages-913581142-copy.jpg 1500w\" sizes=\"(max-width: 552px) 100vw, 552px\" \/>        \n        \n      <\/div>\n    \n    <div class=\"card__content-wrapper animate__animated animate__delay-default animate__fadeInLeft\">\n      <div class=\"card__inner-blocks inner-blocks\">\n        \n\n<p>Nuestros sistemas de monitorizaci\u00f3n del conductor ofrecen la m\u00e1xima seguridad y comodidad al veh\u00edculo. Dependiendo de sus necesidades, integramos una amplia gama de funciones, tales como:<\/p>\n\n\n\n<ul class=\"wp-block-list\">\n<li>Detecci\u00f3n de distracciones<\/li>\n\n\n\n<li>Detecci\u00f3n de somnolencia<\/li>\n\n\n\n<li>Detecci\u00f3n de obstrucciones<\/li>\n\n\n\n<li>Reconocimiento de identidad del conductor<\/li>\n\n\n\n<li>Reconocimiento de gestos<\/li>\n\n\n\n<li>Estado del conductor<\/li>\n\n\n\n<li>Reconocimiento<\/li>\n\n\n\n<li>Salida de v\u00eddeo<\/li>\n\n\n\n<li>Cintur\u00f3n de seguridad del conductor<\/li>\n\n\n\n<li>Detecci\u00f3n<\/li>\n\n\n\n<li>Uso del tel\u00e9fono del conductor<\/li>\n<\/ul>\n\n      <\/div>\n    <\/div>\n  <\/div>\n<\/div><\/div>\n\n\n\n<div class=\"wp-block-group is-layout-constrained wp-block-group-is-layout-constrained\">\n<h2 class=\"wp-block-heading has-text-align-center has-cerulean-blue-color has-text-color\">Sistema de vigilancia \/ SMO<\/h2>\n\n\n\n<div id=\"cardblock_83bc9503788117411abdf1c2565fbfa6\" class=\"block__card -detect-in-viewport\">\n  <div class=\"has-background-color--transparent has-image has-image--right has-image-settings--\">\n\n          <div class=\"card__image-wrapper animate__animated animate__delay-default animate__fadeInRight\">\n\n                  <img decoding=\"async\" width=\"552\" height=\"368\" src=\"https:\/\/aed-website.trigger-code.com\/wp-content\/uploads\/2023\/04\/passenger-monitoring-1-552x368.jpg\" class=\"attachment-container_half size-container_half\" alt=\"\" srcset=\"https:\/\/aed-website.trigger-code.com\/wp-content\/uploads\/2023\/04\/passenger-monitoring-1-552x368.jpg 552w, https:\/\/aed-website.trigger-code.com\/wp-content\/uploads\/2023\/04\/passenger-monitoring-1-300x200.jpg 300w, https:\/\/aed-website.trigger-code.com\/wp-content\/uploads\/2023\/04\/passenger-monitoring-1-1024x682.jpg 1024w, https:\/\/aed-website.trigger-code.com\/wp-content\/uploads\/2023\/04\/passenger-monitoring-1-768x512.jpg 768w, https:\/\/aed-website.trigger-code.com\/wp-content\/uploads\/2023\/04\/passenger-monitoring-1-1536x1024.jpg 1536w, https:\/\/aed-website.trigger-code.com\/wp-content\/uploads\/2023\/04\/passenger-monitoring-1-462x308.jpg 462w, https:\/\/aed-website.trigger-code.com\/wp-content\/uploads\/2023\/04\/passenger-monitoring-1-840x560.jpg 840w, https:\/\/aed-website.trigger-code.com\/wp-content\/uploads\/2023\/04\/passenger-monitoring-1-1104x736.jpg 1104w, https:\/\/aed-website.trigger-code.com\/wp-content\/uploads\/2023\/04\/passenger-monitoring-1.jpg 2000w\" sizes=\"(max-width: 552px) 100vw, 552px\" \/>        \n        \n      <\/div>\n    \n    <div class=\"card__content-wrapper animate__animated animate__delay-default animate__fadeInLeft\">\n      <div class=\"card__inner-blocks inner-blocks\">\n        \n\n<p>Nuestros sistemas de monitorizaci\u00f3n de ocupantes (SMO) brindan informaci\u00f3n valiosa sobre la comodidad y seguridad de los pasajeros. Esto incluye, por ejemplo:<\/p>\n\n\n\n<ul class=\"wp-block-list\">\n<li>Detecci\u00f3n de ocupaci\u00f3n<\/li>\n\n\n\n<li>Detecci\u00f3n del cintur\u00f3n de seguridad del ocupante<\/li>\n\n\n\n<li>Detecci\u00f3n de asientos para ni\u00f1os<\/li>\n\n\n\n<li>Detecci\u00f3n de objetos<\/li>\n\n\n\n<li>Identidad de los ocupantes<\/li>\n<\/ul>\n\n      <\/div>\n    <\/div>\n  <\/div>\n<\/div><\/div>\n","protected":false},"excerpt":{"rendered":"<p>Monitorizaci\u00f3n inteligente de pasajeros &#8211; Dise\u00f1ado para la seguridad Sistema de monitorizaci\u00f3n de conductores \/ SMC Sistema de vigilancia \/ SMO<\/p>\n","protected":false},"author":1,"featured_media":0,"parent":1652,"menu_order":0,"comment_status":"closed","ping_status":"closed","template":"","meta":{"footnotes":""},"class_list":["post-1650","page","type-page","status-publish","hentry"],"aioseo_notices":[],"acf":[],"_links":{"self":[{"href":"https:\/\/aed-website.trigger-code.com\/es\/wp-json\/wp\/v2\/pages\/1650","targetHints":{"allow":["GET"]}}],"collection":[{"href":"https:\/\/aed-website.trigger-code.com\/es\/wp-json\/wp\/v2\/pages"}],"about":[{"href":"https:\/\/aed-website.trigger-code.com\/es\/wp-json\/wp\/v2\/types\/page"}],"author":[{"embeddable":true,"href":"https:\/\/aed-website.trigger-code.com\/es\/wp-json\/wp\/v2\/users\/1"}],"replies":[{"embeddable":true,"href":"https:\/\/aed-website.trigger-code.com\/es\/wp-json\/wp\/v2\/comments?post=1650"}],"version-history":[{"count":4,"href":"https:\/\/aed-website.trigger-code.com\/es\/wp-json\/wp\/v2\/pages\/1650\/revisions"}],"predecessor-version":[{"id":3647,"href":"https:\/\/aed-website.trigger-code.com\/es\/wp-json\/wp\/v2\/pages\/1650\/revisions\/3647"}],"up":[{"embeddable":true,"href":"https:\/\/aed-website.trigger-code.com\/es\/wp-json\/wp\/v2\/pages\/1652"}],"wp:attachment":[{"href":"https:\/\/aed-website.trigger-code.com\/es\/wp-json\/wp\/v2\/media?parent=1650"}],"curies":[{"name":"wp","href":"https:\/\/api.w.org\/{rel}","templated":true}]}}