{"id":1647,"date":"2023-04-12T17:38:39","date_gmt":"2023-04-12T15:38:39","guid":{"rendered":"http:\/\/aed-website.triggerco.de\/keyless-entry-systems\/"},"modified":"2023-05-04T16:28:06","modified_gmt":"2023-05-04T14:28:06","slug":"keyless-entry-systems","status":"publish","type":"page","link":"https:\/\/aed-website.trigger-code.com\/es\/products\/keyless-entry-systems\/","title":{"rendered":"Sistemas de entrada sin llave"},"content":{"rendered":"\n<div id=\"keyvisualblock_6f3d922e15efbf431a0561ceffa45530\" class=\"block__keyvisual -detect-in-viewport alignfull\" data-controller=\"keyvisual\">\n\n    <div class=\"keyvisual__background \">\n                                    <img decoding=\"async\" width=\"1920\" height=\"547\" src=\"https:\/\/aed-website.trigger-code.com\/wp-content\/uploads\/2023\/04\/Group-356.jpg\" class=\"attachment-fullscreen_16_9 size-fullscreen_16_9\" alt=\"\" srcset=\"https:\/\/aed-website.trigger-code.com\/wp-content\/uploads\/2023\/04\/Group-356.jpg 1920w, https:\/\/aed-website.trigger-code.com\/wp-content\/uploads\/2023\/04\/Group-356-300x85.jpg 300w, https:\/\/aed-website.trigger-code.com\/wp-content\/uploads\/2023\/04\/Group-356-1024x292.jpg 1024w, https:\/\/aed-website.trigger-code.com\/wp-content\/uploads\/2023\/04\/Group-356-768x219.jpg 768w, https:\/\/aed-website.trigger-code.com\/wp-content\/uploads\/2023\/04\/Group-356-1536x438.jpg 1536w, https:\/\/aed-website.trigger-code.com\/wp-content\/uploads\/2023\/04\/Group-356-500x142.jpg 500w, https:\/\/aed-website.trigger-code.com\/wp-content\/uploads\/2023\/04\/Group-356-840x239.jpg 840w, https:\/\/aed-website.trigger-code.com\/wp-content\/uploads\/2023\/04\/Group-356-1308x373.jpg 1308w, https:\/\/aed-website.trigger-code.com\/wp-content\/uploads\/2023\/04\/Group-356-654x186.jpg 654w\" sizes=\"(max-width: 1920px) 100vw, 1920px\" \/>                        <\/div>\n\n            <div class=\"keyvisual__overlay\"><\/div>\n    \n    <div class=\"keyvisual__wrapper\">\n        <div class=\"keyvisual__content__wrapper container\">\n            <div class=\"keyvisual__content inner-blocks\">\n                                    \n\n<h1 class=\"wp-block-heading\">Sistemas de entrada sin llave<\/h1>\n\n                            <\/div>\n        <\/div>\n    <\/div>\n    \n<\/div>\n\n    <div class=\"breadcrumbs container alignwide\">\n        <div class=\"aioseo-breadcrumbs\"><span class=\"aioseo-breadcrumb\">\n\t\t\tHome\n\t\t<\/span><\/div><\/div>\n\n\n\n<h2 class=\"wp-block-heading has-text-align-center has-cerulean-blue-color has-text-color\">Pruebas sistem\u00e1ticas &#8211; optimizaci\u00f3n del desarrollo y ahorro de costes<\/h2>\n\n\n\n<div id=\"expandableblock_d3a82223173efa4ccf74ccf36bb12e1f\" class=\" block__expandable -detect-in-viewport expandable-orientation--horizontal\" data-controller=\"expandable\" data-expandable-target=\"block\" data-action=\"resize@window-&gt;expandable#resize\" data-expandable-active-class=\"-active\">\n\n  <div class=\"expandable__wrapper\">\n\n    <div class=\"expandable__header\">\n      \n              <p class=\"expandable__text\">Las llaves del coche ahora son digitales. La movilidad moderna es cada vez m\u00e1s c\u00f3moda a medida que se instalan sistemas de confort. Ya es posible operar muchos veh\u00edculos sin utilizar una llave activa. Pero hay una manera m\u00e1s f\u00e1cil, la operaci\u00f3n sin llave. Los smartphones han reemplazado a las tarjetas de cr\u00e9dito y los boletos de avi\u00f3n, entonces, \u00bfpor qu\u00e9 no reemplazar tambi\u00e9n las llaves del autom\u00f3vil?<\/p>\n      \n      <a href=\"#\" class=\"expandable__icon-wrapper\" data-action=\"expandable#onToggleClick\">\n        <div href=\"#\" class=\"expandable__icon-icon\"><\/div>\n      <\/a>\n    <\/div>\n    <div class=\"expandable__content-wrapper\">\n      <div class=\"expandable__content expandable__content--horizontal inner-blocks\" data-expandable-target=\"content\">\n                  <div class=\"expandable__content-spacer\"><\/div>\n                \n\n<p>En AED Vantage, combinamos la experiencia con las \u00faltimas tendencias. Con muchos a\u00f1os de experiencia en el campo de las aplicaciones inal\u00e1mbricas, ofrecemos una cartera completa de soluciones: desarrollo, software, hardware y pruebas. Como resultado de nuestra colaboraci\u00f3n, desarrollamos el sistema de acceso al autom\u00f3vil de su elecci\u00f3n, incluso sin la llave f\u00edsica del autom\u00f3vil.<\/p>\n\n\n\n<p>Como miembro del Car Connectivity Consortium (CCC), trabajamos con los m\u00e1s altos est\u00e1ndares. CCC es una organizaci\u00f3n intersectorial que desarrolla est\u00e1ndares globales y tecnolog\u00edas avanzadas para soluciones de conectividad entre smartphones y autom\u00f3viles. Junto con otros miembros, nuestro objetivo es crear un ecosistema estandarizado que permita a los clientes acceder a los veh\u00edculos con sus dispositivos m\u00f3viles de manera f\u00e1cil y segura. Deje que nuestra experiencia fluya hacia su sistema de entrada sin llave.<\/p>\n\n\n      <\/div>\n    <\/div>\n  <\/div>\n\n<\/div>\n\n\n<div class=\"wp-block-group has-platinum-grey-background-color has-background is-layout-constrained wp-block-group-is-layout-constrained\"><div class=\"wp-bootstrap-blocks-row row\">\n\t\n\n<div class=\"col-12 col-md-4\">\n\t\t\t<div class=\"p-3\">\n\t\t\t\n\n<div id=\"animationblock_96f5bf8954c59ebd7cf2ef3e2fe5801f\" class=\"block__animation -detect-in-viewport\">\n  <div class=\"animation__inner-blocks inner-blocks animate__animated animate__fadeIn animate__delay-default\">\n    \n\n<h4 class=\"wp-block-heading has-cerulean-blue-color has-text-color\"><strong>Bluetooth de baja energ\u00eda (BLE)<\/strong><\/h4>\n\n\n\n<ul class=\"wp-block-list\">\n<li>Detecci\u00f3n del smartphone a trav\u00e9s de RSSI (Se\u00f1al Recibida Indicador de Fuerza)<\/li>\n\n\n\n<li>El sistema de entrada sin llave se activa con la se\u00f1al BLE<\/li>\n\n\n\n<li>Ahora es posible abrir y cerrar a trav\u00e9s de una aplicaci\u00f3n, mediante Remote Keyless Entry (RKE)<\/li>\n<\/ul>\n\n  <\/div>\n\n<\/div>\n\t\t<\/div>\n\t<\/div>\n\n\n\n<div class=\"col-12 col-md-4\">\n\t\t\t<div class=\"p-5\">\n\t\t\t\n\n<div id=\"animationblock_ee93a1416cdade83261e0782bc8bf312\" class=\"block__animation -detect-in-viewport\">\n  <div class=\"animation__inner-blocks inner-blocks animate__animated animate__fadeIn animate__delay-0-5s\">\n    \n\n<h4 class=\"wp-block-heading has-cerulean-blue-color has-text-color\"><strong>Comunicaci\u00f3n de campo cercano (NFC)<\/strong><\/h4>\n\n\n\n<ul class=\"wp-block-list\">\n<li>Permite abrir el veh\u00edculo en caso de emergencia (incluso con bater\u00eda baja)<\/li>\n\n\n\n<li>Arranca el coche en caso de emergencia<\/li>\n<\/ul>\n\n  <\/div>\n\n<\/div>\n\t\t<\/div>\n\t<\/div>\n\n\n\n<div class=\"col-12 col-md-4\">\n\t\t\t<div class=\"p-3\">\n\t\t\t\n\n<div id=\"animationblock_0d6b2e46769eb71bb6b3f033e5b6a9bc\" class=\"block__animation -detect-in-viewport\">\n  <div class=\"animation__inner-blocks inner-blocks animate__animated animate__fadeIn animate__delay-1s\">\n    \n\n<h4 class=\"wp-block-heading has-cerulean-blue-color has-text-color\"><strong>UWB (banda ultra ancha)<\/strong><\/h4>\n\n\n\n<ul class=\"wp-block-list\">\n<li>Posicionamiento preciso de la llave digital (smartphones)<\/li>\n\n\n\n<li>Determinaci\u00f3n de la zona de coches correcta (zona de bienvenida,<br>delantero \/ trasero, lado izquierdo\/derecho, interior\/exterior)<\/li>\n\n\n\n<li>Apertura y cierre del autom\u00f3vil. Iniciar el arranque del motor.<\/li>\n<\/ul>\n\n  <\/div>\n\n<\/div>\n\t\t<\/div>\n\t<\/div>\n\n<\/div>\n<\/div>\n\n\n\n<div class=\"wp-block-group is-layout-constrained wp-block-group-is-layout-constrained\">\n<h2 class=\"wp-block-heading has-text-align-center has-cerulean-blue-color has-text-color\">AED Vantage &amp; Grupo Antolin: nuestro sistema de acceso sin llave conjunto<\/h2>\n\n\n\n<div id=\"responsive-embedblock_f9420e87057995298908a2689cd6c53a\" class=\"block__responsive-embed alignfull -detect-in-viewport\">\n    <div class=\"block__responsive-embed__ratio ratio ratio-16x9\">\n                    <iframe width=\"560\" height=\"315\" src=\"https:\/\/www.youtube-nocookie.com\/embed\/XX0RlrMrOGc\" title=\"YouTube video player\" frameborder=\"0\" allow=\"accelerometer; autoplay; clipboard-write; encrypted-media; gyroscope; picture-in-picture; web-share\" allowfullscreen><\/iframe>            <\/div>\n\n    \n<\/div><\/div>\n","protected":false},"excerpt":{"rendered":"<p>Pruebas sistem\u00e1ticas &#8211; optimizaci\u00f3n del desarrollo y ahorro de costes AED Vantage &amp; Grupo Antolin: nuestro sistema de acceso sin llave conjunto<\/p>\n","protected":false},"author":1,"featured_media":0,"parent":1652,"menu_order":0,"comment_status":"closed","ping_status":"closed","template":"","meta":{"footnotes":""},"class_list":["post-1647","page","type-page","status-publish","hentry"],"aioseo_notices":[],"acf":[],"_links":{"self":[{"href":"https:\/\/aed-website.trigger-code.com\/es\/wp-json\/wp\/v2\/pages\/1647","targetHints":{"allow":["GET"]}}],"collection":[{"href":"https:\/\/aed-website.trigger-code.com\/es\/wp-json\/wp\/v2\/pages"}],"about":[{"href":"https:\/\/aed-website.trigger-code.com\/es\/wp-json\/wp\/v2\/types\/page"}],"author":[{"embeddable":true,"href":"https:\/\/aed-website.trigger-code.com\/es\/wp-json\/wp\/v2\/users\/1"}],"replies":[{"embeddable":true,"href":"https:\/\/aed-website.trigger-code.com\/es\/wp-json\/wp\/v2\/comments?post=1647"}],"version-history":[{"count":10,"href":"https:\/\/aed-website.trigger-code.com\/es\/wp-json\/wp\/v2\/pages\/1647\/revisions"}],"predecessor-version":[{"id":3651,"href":"https:\/\/aed-website.trigger-code.com\/es\/wp-json\/wp\/v2\/pages\/1647\/revisions\/3651"}],"up":[{"embeddable":true,"href":"https:\/\/aed-website.trigger-code.com\/es\/wp-json\/wp\/v2\/pages\/1652"}],"wp:attachment":[{"href":"https:\/\/aed-website.trigger-code.com\/es\/wp-json\/wp\/v2\/media?parent=1647"}],"curies":[{"name":"wp","href":"https:\/\/api.w.org\/{rel}","templated":true}]}}