{"id":1644,"date":"2023-03-29T13:46:56","date_gmt":"2023-03-29T11:46:56","guid":{"rendered":"http:\/\/aed-website.triggerco.de\/electronics-for-series-car-application\/"},"modified":"2023-05-03T11:34:05","modified_gmt":"2023-05-03T09:34:05","slug":"electronics-for-series-car-application","status":"publish","type":"page","link":"https:\/\/aed-website.trigger-code.com\/es\/electronics-for-series-car-application\/","title":{"rendered":"Electr\u00f3nica para Aplicaciones de Coches en Serie"},"content":{"rendered":"\n<div id=\"keyvisualblock_ba140cb759a0131b502b9e191ebf59a0\" class=\"block__keyvisual -detect-in-viewport alignfull\" data-controller=\"keyvisual\">\n\n    <div class=\"keyvisual__background \">\n                                    <img decoding=\"async\" width=\"875\" height=\"547\" src=\"https:\/\/aed-website.trigger-code.com\/wp-content\/uploads\/2023\/03\/Electronics-for-car-applications.jpg\" class=\"attachment-fullscreen_16_9 size-fullscreen_16_9\" alt=\"\" srcset=\"https:\/\/aed-website.trigger-code.com\/wp-content\/uploads\/2023\/03\/Electronics-for-car-applications.jpg 875w, https:\/\/aed-website.trigger-code.com\/wp-content\/uploads\/2023\/03\/Electronics-for-car-applications-300x188.jpg 300w, https:\/\/aed-website.trigger-code.com\/wp-content\/uploads\/2023\/03\/Electronics-for-car-applications-768x480.jpg 768w, https:\/\/aed-website.trigger-code.com\/wp-content\/uploads\/2023\/03\/Electronics-for-car-applications-493x308.jpg 493w, https:\/\/aed-website.trigger-code.com\/wp-content\/uploads\/2023\/03\/Electronics-for-car-applications-840x525.jpg 840w, https:\/\/aed-website.trigger-code.com\/wp-content\/uploads\/2023\/03\/Electronics-for-car-applications-589x368.jpg 589w\" sizes=\"(max-width: 875px) 100vw, 875px\" \/>                        <\/div>\n\n            <div class=\"keyvisual__overlay\"><\/div>\n    \n    <div class=\"keyvisual__wrapper\">\n        <div class=\"keyvisual__content__wrapper container\">\n            <div class=\"keyvisual__content inner-blocks\">\n                                    \n\n<h1 class=\"wp-block-heading\">Electr\u00f3nica para Aplicaciones de Coches en Serie<\/h1>\n\n                            <\/div>\n        <\/div>\n    <\/div>\n    \n<\/div>\n\n    <div class=\"breadcrumbs container alignwide\">\n        <div class=\"aioseo-breadcrumbs\"><span class=\"aioseo-breadcrumb\">\n\t\t\tHome\n\t\t<\/span><\/div><\/div>\n\n\n\n<div class=\"wp-block-group is-layout-constrained wp-block-group-is-layout-constrained\">\n<h2 class=\"wp-block-heading has-text-align-center has-cerulean-blue-color has-text-color\">Especialistas en desarrollo, integraci\u00f3n y validaci\u00f3n<\/h2>\n\n\n\n<div id=\"cardblock_c359b5127e6454800ca847d03cd8f144\" class=\"block__card -detect-in-viewport\">\n  <div class=\"has-background-color--transparent has-image has-image--right has-image-settings--portrait\">\n\n          <div class=\"card__image-wrapper animate__animated animate__delay-default animate__fadeInRight\">\n\n                  <img decoding=\"async\" width=\"629\" height=\"689\" src=\"https:\/\/aed-website.trigger-code.com\/wp-content\/uploads\/2023\/03\/Mask-Group-30.jpg\" class=\"attachment-container_half_3_4 size-container_half_3_4\" alt=\"\" srcset=\"https:\/\/aed-website.trigger-code.com\/wp-content\/uploads\/2023\/03\/Mask-Group-30.jpg 629w, https:\/\/aed-website.trigger-code.com\/wp-content\/uploads\/2023\/03\/Mask-Group-30-274x300.jpg 274w, https:\/\/aed-website.trigger-code.com\/wp-content\/uploads\/2023\/03\/Mask-Group-30-281x308.jpg 281w, https:\/\/aed-website.trigger-code.com\/wp-content\/uploads\/2023\/03\/Mask-Group-30-548x600.jpg 548w, https:\/\/aed-website.trigger-code.com\/wp-content\/uploads\/2023\/03\/Mask-Group-30-336x368.jpg 336w\" sizes=\"(max-width: 629px) 100vw, 629px\" \/>        \n        \n      <\/div>\n    \n    <div class=\"card__content-wrapper animate__animated animate__delay-default animate__fadeInLeft\">\n      <div class=\"card__inner-blocks inner-blocks\">\n        \n\n<p>Somos un partner experimentado en el desarrollo y soluciones automotrices para la electr\u00f3nica interior y carrocer\u00eda, as\u00ed como para los sistemas el\u00e9ctricos. Nuestras arquitecturas E\/E y m\u00f3dulos personalizados para el confort son utilizados por fabricantes de veh\u00edculos OEMs de todo el mundo. Adem\u00e1s, durante muchos a\u00f1os, hemos trabajado en las \u00e1reas de seguridad funcional, ciberseguridad, integraci\u00f3n y validaci\u00f3n.<\/p>\n\n\n\n<p>Desde la investigaci\u00f3n hasta la producci\u00f3n en serie: somos su partner para arquitecturas personalizadas. H\u00e1ganos saber sus necesidades y las incorporaremos en un concepto global para la movilidad del ma\u00f1ana.<\/p>\n\n\n\n<p>Nuestras soluciones pueden incluir:<\/p>\n\n\n\n<ul class=\"wp-block-list\">\n<li>Arquitecturas E\/E<\/li>\n\n\n\n<li>Seguridad funcional<\/li>\n\n\n\n<li>Ciber seguridad<\/li>\n\n\n\n<li>Integraci\u00f3n<\/li>\n\n\n\n<li>Validaci\u00f3n<\/li>\n<\/ul>\n\n      <\/div>\n    <\/div>\n  <\/div>\n<\/div><\/div>\n\n\n\n<div class=\"wp-block-group is-layout-constrained wp-block-group-is-layout-constrained\"><div class=\"wp-bootstrap-blocks-row row\">\n\t\n\n<div class=\"col-12 col-md-6\">\n\t\t\t\n\n<h2 class=\"wp-block-heading has-cerulean-blue-color has-text-color\">De cero a serie &#8211; Desarrollo, integraci\u00f3n, producci\u00f3n y validaci\u00f3n de fuente \u00fanica<\/h2>\n\n\t<\/div>\n\n\n\n<div class=\"col-12 col-md-6\">\n\t\t\t\n\n<p><strong>Juntos, definimos los requisitos. El resto del proyecto est\u00e1 en nuestras manos<\/strong><\/p>\n\n\n\n<p>Como su partner, nos involucramos en el proyecto en una etapa temprana y debatimos nuestras ideas con usted desde la fase de concepto.<\/p>\n\n\n\n<p>AED Vantage es compatible con todas las \u00e1reas de su ingenier\u00eda electr\u00f3nica automotriz, desde la concepci\u00f3n, pasando por el desarrollo y la producci\u00f3n, hasta la integraci\u00f3n y validaci\u00f3n y soporte en serie.<\/p>\n\n\n\n<p>Adem\u00e1s, creamos funciones de software individuales de acuerdo con las normas y est\u00e1ndares actuales y as\u00ed sentamos las bases para el \u00e9xito de su proyecto automotriz.<\/p>\n\n\t<\/div>\n\n<\/div>\n<\/div>\n\n\n\n<div class=\"wp-block-group is-layout-constrained wp-block-group-is-layout-constrained\">\n<figure class=\"wp-block-image alignwide size-large\"><img decoding=\"async\" width=\"1067\" height=\"366\" src=\"https:\/\/aed-website.trigger-code.com\/wp-content\/uploads\/2023\/05\/V-Modell-ES.svg\" alt=\"\" class=\"wp-image-3141\"\/><\/figure>\n<\/div>\n\n\n\n<div class=\"wp-block-group is-layout-constrained wp-block-group-is-layout-constrained\">\n<div id=\"overlapping-section-dividerblock_d5f4dc95643bf479c447e0e1e407fb82\" class=\"block__overlapping-section-divider alignwide -detect-in-viewport\">\n  <div class='animate__animated animate__fadeInUp animate__delay-default'>\n\n    <div class=\"overlapping-section-divider__image --setDimension\">\n      <img decoding=\"async\" width=\"1364\" height=\"289\" src=\"https:\/\/aed-website.trigger-code.com\/wp-content\/uploads\/2023\/03\/Mask-Group-29-1.jpg\" class=\"attachment-fullscreen_16_9 size-fullscreen_16_9\" alt=\"\" srcset=\"https:\/\/aed-website.trigger-code.com\/wp-content\/uploads\/2023\/03\/Mask-Group-29-1.jpg 1364w, https:\/\/aed-website.trigger-code.com\/wp-content\/uploads\/2023\/03\/Mask-Group-29-1-300x64.jpg 300w, https:\/\/aed-website.trigger-code.com\/wp-content\/uploads\/2023\/03\/Mask-Group-29-1-1024x217.jpg 1024w, https:\/\/aed-website.trigger-code.com\/wp-content\/uploads\/2023\/03\/Mask-Group-29-1-768x163.jpg 768w, https:\/\/aed-website.trigger-code.com\/wp-content\/uploads\/2023\/03\/Mask-Group-29-1-500x106.jpg 500w, https:\/\/aed-website.trigger-code.com\/wp-content\/uploads\/2023\/03\/Mask-Group-29-1-840x178.jpg 840w, https:\/\/aed-website.trigger-code.com\/wp-content\/uploads\/2023\/03\/Mask-Group-29-1-1308x277.jpg 1308w, https:\/\/aed-website.trigger-code.com\/wp-content\/uploads\/2023\/03\/Mask-Group-29-1-654x139.jpg 654w\" sizes=\"(max-width: 1364px) 100vw, 1364px\" \/>    <\/div>\n\n    <div class=\"overlapping-section-divider__title-wrapper\">\n      <div class=\"overlapping-section-divider__title\">\n        <h2>\n          Seguro y protegido \u2013 Su partner para todo el ciclo de vida de la seguridad        <\/h2>\n      <\/div>\n    <\/div>\n  <\/div>\n<\/div>\n\n<div class=\"wp-bootstrap-blocks-row row\">\n\t\n\n<div class=\"col-12 col-md-6\">\n\t\t\t\n\n<p>La seguridad funcional y la seguridad cibern\u00e9tica son \u00e1reas esenciales en todos los veh\u00edculos hoy en d\u00eda. Las razones son el creciente n\u00famero de veh\u00edculos conectados y la introducci\u00f3n de la conducci\u00f3n aut\u00f3noma.<\/p>\n\n\n\n<p>Ambos est\u00e1n estableciendo est\u00e1ndares completamente nuevos. Por eso, los ingenieros de AED Vantage dan gran importancia a nuestras aplicaciones de software, ya que quieren asegurar que sean sosteniblemente convincentes en estas \u00e1reas.<\/p>\n\n\n\n<p> <strong>Conocemos las mejores pr\u00e1cticas de la industria automotriz y ofrecemos servicios confiables, soporte y asesoramiento competente<\/strong><\/p>\n\n\t<\/div>\n\n\n\n<div class=\"col-12 col-md-6\">\n\t\t\t\n\n<p><strong>Esto incluye:<\/strong><\/p>\n\n\n\n<ul class=\"wp-block-list\">\n<li>Gesti\u00f3n de seguridad funcional y ciberseguridad similar a est\u00e1ndares t\u00edpicos como ISO 26262:2018 y ISO21434:2021<\/li>\n\n\n\n<li>Desarrollo de conceptos de seguridad funcional y t\u00e9cnica.<\/li>\n\n\n\n<li>Descripci\u00f3n del sistema y an\u00e1lisis de riesgos.<\/li>\n\n\n\n<li>An\u00e1lisis de todas las \u00e1reas de seguridad.<\/li>\n\n\n\n<li>Verificaci\u00f3n y validaci\u00f3n de la seguridad funcional.<\/li>\n\n\n\n<li>Consultor\u00eda que incluye capacitaci\u00f3n, auditor\u00edas, an\u00e1lisis de deficiencias, desarrollo de procesos y mucho m\u00e1s.<\/li>\n\n\n\n<li>Especificaci\u00f3n y desarrollo de seguridad de software y hardware.<\/li>\n<\/ul>\n\n\t<\/div>\n\n<\/div>\n<\/div>\n\n\n\n<h2 class=\"wp-block-heading has-text-align-center has-cerulean-blue-color has-text-color\" id=\"autonomes-fahren\">Su partner de ingenier\u00eda para la conducci\u00f3n aut\u00f3noma<\/h2>\n\n\n\n<div id=\"cardblock_144349584961a9ffd4c186883ed3963a\" class=\"block__card -detect-in-viewport\">\n  <div class=\"has-background-color--transparent has-image has-image--right has-image-settings--original\">\n\n          <div class=\"card__image-wrapper animate__animated animate__delay-default animate__fadeInRight\">\n\n                  <img decoding=\"async\" width=\"594\" height=\"368\" src=\"https:\/\/aed-website.trigger-code.com\/wp-content\/uploads\/2023\/03\/BANNER-1-594x368.jpg\" class=\"attachment-container_half size-container_half\" alt=\"\" srcset=\"https:\/\/aed-website.trigger-code.com\/wp-content\/uploads\/2023\/03\/BANNER-1-594x368.jpg 594w, https:\/\/aed-website.trigger-code.com\/wp-content\/uploads\/2023\/03\/BANNER-1-300x186.jpg 300w, https:\/\/aed-website.trigger-code.com\/wp-content\/uploads\/2023\/03\/BANNER-1-1024x634.jpg 1024w, https:\/\/aed-website.trigger-code.com\/wp-content\/uploads\/2023\/03\/BANNER-1-768x476.jpg 768w, https:\/\/aed-website.trigger-code.com\/wp-content\/uploads\/2023\/03\/BANNER-1-497x308.jpg 497w, https:\/\/aed-website.trigger-code.com\/wp-content\/uploads\/2023\/03\/BANNER-1-840x520.jpg 840w, https:\/\/aed-website.trigger-code.com\/wp-content\/uploads\/2023\/03\/BANNER-1-1188x736.jpg 1188w, https:\/\/aed-website.trigger-code.com\/wp-content\/uploads\/2023\/03\/BANNER-1.jpg 1500w\" sizes=\"(max-width: 594px) 100vw, 594px\" \/>        \n        \n      <\/div>\n    \n    <div class=\"card__content-wrapper animate__animated animate__delay-default animate__fadeInLeft\">\n      <div class=\"card__inner-blocks inner-blocks\">\n        \n\n<p>La conducci\u00f3n aut\u00f3noma es el futuro sin duda. Es por eso que AED Vantage desarrolla soluciones innovadoras para la movilidad segura del ma\u00f1ana. Con soluciones personalizadas en las \u00e1reas de seguridad funcional y ciberseguridad, nos aseguramos de que estas aplicaciones funcionen de manera altamente eficiente, en cada veh\u00edculo, en cada sistema, en cualquier momento.<\/p>\n\n\n\n<p>AED Vantage desarrolla productos personalizados de monitorizaci\u00f3n de ocupantes personalizados seg\u00fan sus necesidades. Estos hacen una importante contribuci\u00f3n a la seguridad de la conducci\u00f3n aut\u00f3noma. Adem\u00e1s, tambi\u00e9n ponemos a su disposici\u00f3n una amplia cartera de productos de tecnolog\u00eda de medici\u00f3n innovadores y altamente fiables. Estos capturan datos de v\u00eddeo, radar o lidar de los sistemas de asistencia al conductor (ADAS y conducci\u00f3n automatizada), entre otras cosas, y los registran de manera confiable. Obtenga m\u00e1s informaci\u00f3n sobre nuestro adaptador de registro Serdes (SLA).<\/p>\n\n\n\n<p><a href=\"\/es\/product\/serdes-logging-adapter\/\" title=\"\">Ver m\u00e1s<\/a><\/p>\n\n      <\/div>\n    <\/div>\n  <\/div>\n<\/div>","protected":false},"excerpt":{"rendered":"<p>Especialistas en desarrollo, integraci\u00f3n y validaci\u00f3n Su partner de ingenier\u00eda para la conducci\u00f3n aut\u00f3noma<\/p>\n","protected":false},"author":1,"featured_media":0,"parent":0,"menu_order":0,"comment_status":"closed","ping_status":"closed","template":"","meta":{"footnotes":""},"class_list":["post-1644","page","type-page","status-publish","hentry"],"aioseo_notices":[],"acf":[],"_links":{"self":[{"href":"https:\/\/aed-website.trigger-code.com\/es\/wp-json\/wp\/v2\/pages\/1644","targetHints":{"allow":["GET"]}}],"collection":[{"href":"https:\/\/aed-website.trigger-code.com\/es\/wp-json\/wp\/v2\/pages"}],"about":[{"href":"https:\/\/aed-website.trigger-code.com\/es\/wp-json\/wp\/v2\/types\/page"}],"author":[{"embeddable":true,"href":"https:\/\/aed-website.trigger-code.com\/es\/wp-json\/wp\/v2\/users\/1"}],"replies":[{"embeddable":true,"href":"https:\/\/aed-website.trigger-code.com\/es\/wp-json\/wp\/v2\/comments?post=1644"}],"version-history":[{"count":9,"href":"https:\/\/aed-website.trigger-code.com\/es\/wp-json\/wp\/v2\/pages\/1644\/revisions"}],"predecessor-version":[{"id":3238,"href":"https:\/\/aed-website.trigger-code.com\/es\/wp-json\/wp\/v2\/pages\/1644\/revisions\/3238"}],"wp:attachment":[{"href":"https:\/\/aed-website.trigger-code.com\/es\/wp-json\/wp\/v2\/media?parent=1644"}],"curies":[{"name":"wp","href":"https:\/\/api.w.org\/{rel}","templated":true}]}}