{"id":1643,"date":"2023-04-12T17:46:16","date_gmt":"2023-04-12T15:46:16","guid":{"rendered":"http:\/\/aed-website.triggerco.de\/dynamic-interior-lightning\/"},"modified":"2023-05-04T16:27:32","modified_gmt":"2023-05-04T14:27:32","slug":"dynamic-interior-lightning","status":"publish","type":"page","link":"https:\/\/aed-website.trigger-code.com\/es\/products\/dynamic-interior-lightning\/","title":{"rendered":"Iluminaci\u00f3n Interior Din\u00e1mica"},"content":{"rendered":"\n<div id=\"keyvisualblock_76ddf5ad5b4956b4237007a8a26ea980\" class=\"block__keyvisual -detect-in-viewport alignfull\" data-controller=\"keyvisual\">\n\n    <div class=\"keyvisual__background \">\n                                    <img decoding=\"async\" width=\"2400\" height=\"1600\" src=\"https:\/\/aed-website.trigger-code.com\/wp-content\/uploads\/2023\/04\/cabeceraDynamic-interior-scaled-1-2400x1600.jpg\" class=\"attachment-fullscreen_16_9 size-fullscreen_16_9\" alt=\"\" srcset=\"https:\/\/aed-website.trigger-code.com\/wp-content\/uploads\/2023\/04\/cabeceraDynamic-interior-scaled-1-2400x1600.jpg 2400w, https:\/\/aed-website.trigger-code.com\/wp-content\/uploads\/2023\/04\/cabeceraDynamic-interior-scaled-1-300x200.jpg 300w, https:\/\/aed-website.trigger-code.com\/wp-content\/uploads\/2023\/04\/cabeceraDynamic-interior-scaled-1-1024x683.jpg 1024w, https:\/\/aed-website.trigger-code.com\/wp-content\/uploads\/2023\/04\/cabeceraDynamic-interior-scaled-1-768x512.jpg 768w, https:\/\/aed-website.trigger-code.com\/wp-content\/uploads\/2023\/04\/cabeceraDynamic-interior-scaled-1-1536x1024.jpg 1536w, https:\/\/aed-website.trigger-code.com\/wp-content\/uploads\/2023\/04\/cabeceraDynamic-interior-scaled-1-2048x1366.jpg 2048w, https:\/\/aed-website.trigger-code.com\/wp-content\/uploads\/2023\/04\/cabeceraDynamic-interior-scaled-1-462x308.jpg 462w, https:\/\/aed-website.trigger-code.com\/wp-content\/uploads\/2023\/04\/cabeceraDynamic-interior-scaled-1-840x560.jpg 840w, https:\/\/aed-website.trigger-code.com\/wp-content\/uploads\/2023\/04\/cabeceraDynamic-interior-scaled-1-1104x736.jpg 1104w, https:\/\/aed-website.trigger-code.com\/wp-content\/uploads\/2023\/04\/cabeceraDynamic-interior-scaled-1-552x368.jpg 552w\" sizes=\"(max-width: 2400px) 100vw, 2400px\" \/>                        <\/div>\n\n            <div class=\"keyvisual__overlay\"><\/div>\n    \n    <div class=\"keyvisual__wrapper\">\n        <div class=\"keyvisual__content__wrapper container\">\n            <div class=\"keyvisual__content inner-blocks\">\n                                    \n\n<h1 class=\"wp-block-heading\">Iluminaci\u00f3n Interior Din\u00e1mica<\/h1>\n\n                            <\/div>\n        <\/div>\n    <\/div>\n    \n<\/div>\n\n    <div class=\"breadcrumbs container alignwide\">\n        <div class=\"aioseo-breadcrumbs\"><span class=\"aioseo-breadcrumb\">\n\t\t\tHome\n\t\t<\/span><\/div><\/div>\n\n\n\n<div class=\"wp-block-group is-layout-constrained wp-block-group-is-layout-constrained\">\n<h2 class=\"wp-block-heading has-text-align-center has-cerulean-blue-color has-text-color\">Iluminaci\u00f3n interior automotriz din\u00e1mica<\/h2>\n\n\n\n<div id=\"cardblock_7f26d3284770cfb0a53fbbed2742e1e3\" class=\"block__card alignwide -detect-in-viewport\">\n  <div class=\"has-background-color--white has-shadow animate__animated animate__fadeInUp animate__delay-default\">\n\n    \n    <div class=\"card__content-wrapper \">\n      <div class=\"card__inner-blocks inner-blocks\">\n        \n\n<p>Tenemos muchos a\u00f1os de experiencia en el dise\u00f1o de conceptos din\u00e1micos de iluminaci\u00f3n. Por lo tanto, desarrollamos componentes y sistemas personalizados y altamente escalables para la iluminaci\u00f3n interior del autom\u00f3vil del futuro.<\/p>\n\n\n\n<p>Conocemos muy bien las demandas de nuestros clientes y damos gran importancia a la seguridad de los ocupantes. Por eso, nuestros conceptos de iluminaci\u00f3n inteligente incluyen efectos visuales que gu\u00edan la atenci\u00f3n en el veh\u00edculo. Para ello, nos centramos en Dynamic Ambient Lightning, Functional Lightning Solutions y Automotive High Speed \u200b\u200bLightning, entre otros.<\/p>\n\n      <\/div>\n    <\/div>\n  <\/div>\n<\/div><\/div>\n\n\n\n<div class=\"wp-block-group is-layout-constrained wp-block-group-is-layout-constrained\">\n<h2 class=\"wp-block-heading has-text-align-center has-cerulean-blue-color has-text-color\">Iluminaci\u00f3n automotriz &#8211; A la medida de sus necesidades<\/h2>\n\n\n\n<div id=\"cardblock_303365c4c7d489b449c38cc70210563b\" class=\"block__card -detect-in-viewport\">\n  <div class=\"has-background-color--transparent has-image has-image--right has-image-settings--landscape\">\n\n          <div class=\"card__image-wrapper animate__animated animate__delay-default animate__fadeInRight\">\n\n                  <img decoding=\"async\" width=\"654\" height=\"368\" src=\"https:\/\/aed-website.trigger-code.com\/wp-content\/uploads\/2023\/04\/dynamic-interior-654x368.jpg\" class=\"attachment-container_half_16_9 size-container_half_16_9\" alt=\"\" srcset=\"https:\/\/aed-website.trigger-code.com\/wp-content\/uploads\/2023\/04\/dynamic-interior-654x368.jpg 654w, https:\/\/aed-website.trigger-code.com\/wp-content\/uploads\/2023\/04\/dynamic-interior-738x416.jpg 738w\" sizes=\"(max-width: 654px) 100vw, 654px\" \/>        \n        \n      <\/div>\n    \n    <div class=\"card__content-wrapper animate__animated animate__delay-default animate__fadeInLeft\">\n      <div class=\"card__inner-blocks inner-blocks\">\n        \n\n<p>AED Vantage desarrolla soluciones de iluminaci\u00f3n interior desde el concepto b\u00e1sico hasta el mercado para clientes automotrices en todo el mundo. Por ello, nuestros servicios incluyen:<\/p>\n\n\n\n<ul class=\"wp-block-list\">\n<li>El dise\u00f1o de sistemas de iluminaci\u00f3n interior incluyendo la adaptaci\u00f3n a la arquitectura de un veh\u00edculo espec\u00edfico.<\/li>\n\n\n\n<li>El uso de tecnolog\u00edas modernas como IlaS, ISELED, MeLiBu, etc.<\/li>\n\n\n\n<li>Soluciones de software gen\u00e9ricas.<\/li>\n\n\n\n<li>Hardware seg\u00fan un Sistema modular.<\/li>\n<\/ul>\n\n      <\/div>\n    <\/div>\n  <\/div>\n<\/div><\/div>\n","protected":false},"excerpt":{"rendered":"<p>Iluminaci\u00f3n interior automotriz din\u00e1mica Iluminaci\u00f3n automotriz &#8211; A la medida de sus necesidades<\/p>\n","protected":false},"author":1,"featured_media":0,"parent":1652,"menu_order":0,"comment_status":"closed","ping_status":"closed","template":"","meta":{"footnotes":""},"class_list":["post-1643","page","type-page","status-publish","hentry"],"aioseo_notices":[],"acf":[],"_links":{"self":[{"href":"https:\/\/aed-website.trigger-code.com\/es\/wp-json\/wp\/v2\/pages\/1643","targetHints":{"allow":["GET"]}}],"collection":[{"href":"https:\/\/aed-website.trigger-code.com\/es\/wp-json\/wp\/v2\/pages"}],"about":[{"href":"https:\/\/aed-website.trigger-code.com\/es\/wp-json\/wp\/v2\/types\/page"}],"author":[{"embeddable":true,"href":"https:\/\/aed-website.trigger-code.com\/es\/wp-json\/wp\/v2\/users\/1"}],"replies":[{"embeddable":true,"href":"https:\/\/aed-website.trigger-code.com\/es\/wp-json\/wp\/v2\/comments?post=1643"}],"version-history":[{"count":5,"href":"https:\/\/aed-website.trigger-code.com\/es\/wp-json\/wp\/v2\/pages\/1643\/revisions"}],"predecessor-version":[{"id":3643,"href":"https:\/\/aed-website.trigger-code.com\/es\/wp-json\/wp\/v2\/pages\/1643\/revisions\/3643"}],"up":[{"embeddable":true,"href":"https:\/\/aed-website.trigger-code.com\/es\/wp-json\/wp\/v2\/pages\/1652"}],"wp:attachment":[{"href":"https:\/\/aed-website.trigger-code.com\/es\/wp-json\/wp\/v2\/media?parent=1643"}],"curies":[{"name":"wp","href":"https:\/\/api.w.org\/{rel}","templated":true}]}}