{"id":1638,"date":"2023-04-13T15:13:17","date_gmt":"2023-04-13T13:13:17","guid":{"rendered":"http:\/\/aed-website.triggerco.de\/central-units\/"},"modified":"2023-05-04T16:28:15","modified_gmt":"2023-05-04T14:28:15","slug":"central-units","status":"publish","type":"page","link":"https:\/\/aed-website.trigger-code.com\/es\/products\/central-units\/","title":{"rendered":"Unidades Centrales"},"content":{"rendered":"\n<div id=\"keyvisualblock_51609c02b302511c972cac57b0f79a8e\" class=\"block__keyvisual -detect-in-viewport alignfull\" data-controller=\"keyvisual\">\n\n    <div class=\"keyvisual__background \">\n                                    <img decoding=\"async\" width=\"875\" height=\"416\" src=\"https:\/\/aed-website.trigger-code.com\/wp-content\/uploads\/2023\/04\/cabecera-control-units.jpg\" class=\"attachment-fullscreen_16_9 size-fullscreen_16_9\" alt=\"\" srcset=\"https:\/\/aed-website.trigger-code.com\/wp-content\/uploads\/2023\/04\/cabecera-control-units.jpg 875w, https:\/\/aed-website.trigger-code.com\/wp-content\/uploads\/2023\/04\/cabecera-control-units-300x143.jpg 300w, https:\/\/aed-website.trigger-code.com\/wp-content\/uploads\/2023\/04\/cabecera-control-units-768x365.jpg 768w, https:\/\/aed-website.trigger-code.com\/wp-content\/uploads\/2023\/04\/cabecera-control-units-500x238.jpg 500w, https:\/\/aed-website.trigger-code.com\/wp-content\/uploads\/2023\/04\/cabecera-control-units-840x399.jpg 840w, https:\/\/aed-website.trigger-code.com\/wp-content\/uploads\/2023\/04\/cabecera-control-units-654x311.jpg 654w\" sizes=\"(max-width: 875px) 100vw, 875px\" \/>                        <\/div>\n\n            <div class=\"keyvisual__overlay\"><\/div>\n    \n    <div class=\"keyvisual__wrapper\">\n        <div class=\"keyvisual__content__wrapper container\">\n            <div class=\"keyvisual__content inner-blocks\">\n                                    \n\n<h1 class=\"wp-block-heading\">Unidades Centrales<\/h1>\n\n                            <\/div>\n        <\/div>\n    <\/div>\n    \n<\/div>\n\n    <div class=\"breadcrumbs container alignwide\">\n        <div class=\"aioseo-breadcrumbs\"><span class=\"aioseo-breadcrumb\">\n\t\t\tHome\n\t\t<\/span><\/div><\/div>\n\n\n\n<div class=\"wp-block-group is-layout-constrained wp-block-group-is-layout-constrained\">\n<h2 class=\"wp-block-heading has-text-align-center has-cerulean-blue-color has-text-color\">Unidad de control central \u2013 El supercerebro en cada veh\u00edculo<\/h2>\n\n\n\n<div id=\"cardblock_757af332eabbbb5cef2a7577f4bfcd60\" class=\"block__card alignwide -detect-in-viewport\">\n  <div class=\"has-background-color--white has-shadow animate__animated animate__fadeInUp animate__delay-default\">\n\n    \n    <div class=\"card__content-wrapper \">\n      <div class=\"card__inner-blocks inner-blocks\">\n        \n\n<p>La unidad de control central (ECU) recibe y analiza datos sobre las condiciones del autom\u00f3vil. Tambi\u00e9n env\u00eda comandos actuales a los dispositivos de ejecuci\u00f3n. Si el motor fuera el coraz\u00f3n del veh\u00edculo, la ECU ser\u00eda el supercerebro. Durante muchos a\u00f1os de cooperaci\u00f3n y m\u00faltiples proyectos con varios fabricantes de autom\u00f3viles, siempre hemos estado involucrados en el desarrollo de software para tales unidades de control central. Por lo tanto, nuestros expertos est\u00e1n completamente familiarizados con el alcance funcional de las unidades de control central. Adem\u00e1s, estamos desarrollando hardware y software para unidades de control de series complejas, como funciones de carrocer\u00eda y confort, para varios fabricantes de autom\u00f3viles.<\/p>\n\n\n\n<p>Nuestro objetivo es mostrar coraje y abrir nuevos caminos. Analizamos los cambios en la movilidad y ampliamos nuestras competencias de ingenier\u00eda para este fin. Por lo tanto, el pr\u00f3ximo paso para nosotros es utilizar nuestro amplio conocimiento y experiencia en los \u00faltimos a\u00f1os. Esto nos permitir\u00e1 ofrecer un desarrollo integral de unidades de control central de forma independiente.<\/p>\n\n      <\/div>\n    <\/div>\n  <\/div>\n<\/div><\/div>\n\n\n\n<div class=\"wp-block-group is-layout-constrained wp-block-group-is-layout-constrained\">\n<h2 class=\"wp-block-heading has-text-align-center has-cerulean-blue-color has-text-color\">La fuerza impulsora detr\u00e1s del concepto general de la movilidad del ma\u00f1ana<\/h2>\n\n\n\n<div id=\"cardblock_96887f893d229468e3c51e7e0bbf71bc\" class=\"block__card alignwide -detect-in-viewport\">\n  <div class=\"has-background-color--transparent has-image has-image--right has-image-settings--landscape\">\n\n          <div class=\"card__image-wrapper animate__animated animate__delay-default animate__fadeInRight\">\n\n                  <img decoding=\"async\" width=\"654\" height=\"368\" src=\"https:\/\/aed-website.trigger-code.com\/wp-content\/uploads\/2023\/04\/centralunits-2048x850-1-654x368.jpg\" class=\"attachment-container_half_16_9 size-container_half_16_9\" alt=\"\" srcset=\"https:\/\/aed-website.trigger-code.com\/wp-content\/uploads\/2023\/04\/centralunits-2048x850-1-654x368.jpg 654w, https:\/\/aed-website.trigger-code.com\/wp-content\/uploads\/2023\/04\/centralunits-2048x850-1-738x416.jpg 738w\" sizes=\"(max-width: 654px) 100vw, 654px\" \/>        \n        \n      <\/div>\n    \n    <div class=\"card__content-wrapper animate__animated animate__delay-default animate__fadeInLeft\">\n      <div class=\"card__inner-blocks inner-blocks\">\n        \n\n<p>Los requisitos para la unidad de control central son excelentes y comprenden desde gesti\u00f3n eficiente de la energ\u00eda, funciones de puerta de enlace de alto rendimiento, los \u00faltimos est\u00e1ndares de comunicaci\u00f3n, los m\u00e1s altos est\u00e1ndares de seguridad, un excelente dise\u00f1o de placa y mucho m\u00e1s.<\/p>\n\n\n\n<p>Digitalizaci\u00f3n, conducci\u00f3n aut\u00f3noma y mayor conectividad: hoy en d\u00eda, el autom\u00f3vil conectado siempre debe conectar a los ocupantes del veh\u00edculo con el mundo exterior, y los dispositivos inteligentes deben ser f\u00e1ciles de conectar al veh\u00edculo y volverse interoperables. El autom\u00f3vil est\u00e1 a punto de reinventarse, lo que significa que la unidad de control central tambi\u00e9n debe crecer con \u00e9l.<\/p>\n\n\n\n<p>Con nuestras ideas, nuestra creatividad y nuestro saber hacer, queremos seguir participando en el desarrollo de estos supercerebros en el veh\u00edculo.<\/p>\n\n      <\/div>\n    <\/div>\n  <\/div>\n<\/div><\/div>\n","protected":false},"excerpt":{"rendered":"<p>Unidad de control central \u2013 El supercerebro en cada veh\u00edculo La fuerza impulsora detr\u00e1s del concepto general de la movilidad del ma\u00f1ana<\/p>\n","protected":false},"author":1,"featured_media":0,"parent":1652,"menu_order":0,"comment_status":"closed","ping_status":"closed","template":"","meta":{"footnotes":""},"class_list":["post-1638","page","type-page","status-publish","hentry"],"aioseo_notices":[],"acf":[],"_links":{"self":[{"href":"https:\/\/aed-website.trigger-code.com\/es\/wp-json\/wp\/v2\/pages\/1638","targetHints":{"allow":["GET"]}}],"collection":[{"href":"https:\/\/aed-website.trigger-code.com\/es\/wp-json\/wp\/v2\/pages"}],"about":[{"href":"https:\/\/aed-website.trigger-code.com\/es\/wp-json\/wp\/v2\/types\/page"}],"author":[{"embeddable":true,"href":"https:\/\/aed-website.trigger-code.com\/es\/wp-json\/wp\/v2\/users\/1"}],"replies":[{"embeddable":true,"href":"https:\/\/aed-website.trigger-code.com\/es\/wp-json\/wp\/v2\/comments?post=1638"}],"version-history":[{"count":5,"href":"https:\/\/aed-website.trigger-code.com\/es\/wp-json\/wp\/v2\/pages\/1638\/revisions"}],"predecessor-version":[{"id":3653,"href":"https:\/\/aed-website.trigger-code.com\/es\/wp-json\/wp\/v2\/pages\/1638\/revisions\/3653"}],"up":[{"embeddable":true,"href":"https:\/\/aed-website.trigger-code.com\/es\/wp-json\/wp\/v2\/pages\/1652"}],"wp:attachment":[{"href":"https:\/\/aed-website.trigger-code.com\/es\/wp-json\/wp\/v2\/media?parent=1638"}],"curies":[{"name":"wp","href":"https:\/\/api.w.org\/{rel}","templated":true}]}}