{"id":1637,"date":"2023-04-13T17:21:23","date_gmt":"2023-04-13T15:21:23","guid":{"rendered":"http:\/\/aed-website.triggerco.de\/career\/"},"modified":"2023-08-16T09:53:42","modified_gmt":"2023-08-16T07:53:42","slug":"career","status":"publish","type":"page","link":"https:\/\/aed-website.trigger-code.com\/es\/career\/","title":{"rendered":"Carrera"},"content":{"rendered":"\n<div id=\"keyvisualblock_44b51733c096ffd91fe52dcf344f9b2d\" class=\"block__keyvisual -detect-in-viewport alignfull\" data-controller=\"keyvisual\">\n\n    <div class=\"keyvisual__background \">\n                                    <img decoding=\"async\" width=\"2400\" height=\"1600\" src=\"https:\/\/aed-website.trigger-code.com\/wp-content\/uploads\/2023\/04\/careerWMW_5530-2400x1600.jpg\" class=\"attachment-fullscreen_16_9 size-fullscreen_16_9\" alt=\"\" srcset=\"https:\/\/aed-website.trigger-code.com\/wp-content\/uploads\/2023\/04\/careerWMW_5530-2400x1600.jpg 2400w, https:\/\/aed-website.trigger-code.com\/wp-content\/uploads\/2023\/04\/careerWMW_5530-300x200.jpg 300w, https:\/\/aed-website.trigger-code.com\/wp-content\/uploads\/2023\/04\/careerWMW_5530-1024x683.jpg 1024w, https:\/\/aed-website.trigger-code.com\/wp-content\/uploads\/2023\/04\/careerWMW_5530-768x512.jpg 768w, https:\/\/aed-website.trigger-code.com\/wp-content\/uploads\/2023\/04\/careerWMW_5530-1536x1024.jpg 1536w, https:\/\/aed-website.trigger-code.com\/wp-content\/uploads\/2023\/04\/careerWMW_5530-2048x1366.jpg 2048w, https:\/\/aed-website.trigger-code.com\/wp-content\/uploads\/2023\/04\/careerWMW_5530-462x308.jpg 462w, https:\/\/aed-website.trigger-code.com\/wp-content\/uploads\/2023\/04\/careerWMW_5530-840x560.jpg 840w, https:\/\/aed-website.trigger-code.com\/wp-content\/uploads\/2023\/04\/careerWMW_5530-1104x736.jpg 1104w, https:\/\/aed-website.trigger-code.com\/wp-content\/uploads\/2023\/04\/careerWMW_5530-552x368.jpg 552w\" sizes=\"(max-width: 2400px) 100vw, 2400px\" \/>                        <\/div>\n\n            <div class=\"keyvisual__overlay\"><\/div>\n    \n    <div class=\"keyvisual__wrapper\">\n        <div class=\"keyvisual__content__wrapper container\">\n            <div class=\"keyvisual__content inner-blocks\">\n                                    \n\n<h1 class=\"wp-block-heading\">Carrera<\/h1>\n\n                            <\/div>\n        <\/div>\n    <\/div>\n    \n<\/div>\n\n    <div class=\"breadcrumbs container alignwide\">\n        <div class=\"aioseo-breadcrumbs\"><span class=\"aioseo-breadcrumb\">\n\t\t\tHome\n\t\t<\/span><\/div><\/div>\n\n\n\n<div class=\"wp-block-group is-layout-flow wp-block-group-is-layout-flow\">\n<h2 class=\"wp-block-heading has-text-align-center has-cerulean-blue-color has-text-color\">Haz realidad tu futuro profesional<\/h2>\n\n\n\n<h4 class=\"wp-block-heading has-cerulean-blue-color has-text-color\">\u00bfListo para marcar la diferencia? Forme parte de nuestro equipo y d\u00e9 forma juntos al futuro de la movilidad.<\/h4>\n\n\n\n<p>AED Vantage es un especialista en electr\u00f3nica de \u00e9xito internacional. Como partner de la industria del autom\u00f3vil, desarrollamos soluciones personalizadas y las fabricamos en nuestras propias m\u00e1quinas.<\/p>\n\n\n\n<h4 class=\"wp-block-heading has-cerulean-blue-color has-text-color\">D\u00e9jese sorprender &#8211; somos de todo menos est\u00e1ndar<\/h4>\n\n\n\n<p>AED Vantage fomenta una cultura corporativa abierta y celebra un verdadero esp\u00edritu de equipo. Para ello, hay una sencilla raz\u00f3n: s\u00f3lo juntos podemos estar a la cabeza en todas las \u00e1reas al mismo tiempo. Por eso nos centramos en la individualidad y la diversidad. A su vez, esta filosof\u00eda enriquece nuestro concepto de ingenier\u00eda a medida y convence a las empresas de automoci\u00f3n de muchos pa\u00edses.<\/p>\n\n\n\n<h4 class=\"wp-block-heading has-cerulean-blue-color has-text-color\">Oportunidades diversas. Trabajo innovador.<\/h4>\n\n\n\n<p>En AED Vantage, estamos acostumbrados a comunicarnos e interactuar ideas entre nosotros. Sencillamente, todo el mundo se lleva bien con todo el mundo, incluso nuestro director general. Cuestionamos los h\u00e1bitos, tomamos la iniciativa y siempre abrimos nuevos caminos. Para lograrlo, tambi\u00e9n trabajamos juntos para aprovechar el potencial de cada individuo, mejorar el rendimiento y hacer del trabajo diario algo emocionante que inspire nuevas ideas.<\/p>\n<\/div>\n\n\n\n<div id=\"spacerblock_a55f43d1ba517152626c306d5af667c3\" class=\"block__spacer -detect-in-viewport block__spacer--medium\"><\/div>\n\n\n<p class=\"has-large-font-size\">Si est\u00e1 al principio de su carrera, o en la mitad de su vida profesional, tenemos el trabajo adecuado para usted. S\u00f3lo tienes que echar un vistazo a nuestra p\u00e1gina de carreras profesionales:<\/p>\n\n\n\n<div class=\"wp-block-group has-platinum-grey-background-color has-background is-layout-constrained wp-block-group-is-layout-constrained\">\n<h2 class=\"wp-block-heading has-text-align-center\">Ofertas de Empleo<\/h2>\n\n\n\n<p class=\"has-text-align-center\">Haz clic aqu\u00ed para ver nuestras vacantes: Aplica directamente a trav\u00e9s de nuestra plataforma de selecci\u00f3n Bizneo. Nos alegraremos de conocerte y escuchar tus ideas.<\/p>\n\n\n<div class=\"wp-bootstrap-blocks-row row\">\n\t\n\n<div class=\"col-12 col-md-4\">\n\t\t\t\t<\/div>\n\n\n\n<div class=\"col-12 col-md-4\">\n\t\t\t\n\n<div id=\"buttonblock_1d285c4c3800dcfa79c678587ebc14e1\" class=\"block__button -detect-in-viewport button__size--full\">\n  <div class=\"button__color--white animate__animated animate__fadeIn animate__delay-default\">\n          <a href=\"https:\/\/career.aed-vantage.com\/jobs\" target=\"_blank\" class=\"btn\">\n        <span class=\"button__link__label\">Ofertas de Empleo<\/span>\n      <\/a>\n      <\/div>\n<\/div>\n\t<\/div>\n\n\n\n<div class=\"col-12 col-md-4\">\n\t\t\t\t<\/div>\n\n<\/div>\n<\/div>\n\n\n\n<div class=\"wp-block-group alignwide is-layout-constrained wp-block-group-is-layout-constrained\">\n<h2 class=\"wp-block-heading has-text-align-center has-cerulean-blue-color has-text-color\">\u00bfPor qu\u00e9 deber\u00eda trabajar en AED? <br>\u00a1Porque vale la pena!<\/h2>\n\n\n<div class=\"wp-bootstrap-blocks-row row alignfull justify-content-center\">\n\t\n\n<div class=\"col-12 col-lg-6 col-xl-3\">\n\t\t\t\n\n<div id=\"cardblock_097ce1534b3ae5e3d2c0d940f1680a2a\" class=\"block__card -detect-in-viewport\">\n  <div class=\"has-background-color--white has-shadow animate__animated animate__fadeIn animate__delay-default\">\n\n    \n    <div class=\"card__content-wrapper \">\n      <div class=\"card__inner-blocks inner-blocks\">\n        \n\n<h3 class=\"wp-block-heading\">07<\/h3>\n\n\n\n<h4 class=\"wp-block-heading\">Tu perro es parte del equipo<\/h4>\n\n\n\n<p>Traiga a su perro a la oficina<\/p>\n\n      <\/div>\n    <\/div>\n  <\/div>\n<\/div>\n\t<\/div>\n\n\n\n<div class=\"col-12 col-lg-6 col-xl-3\">\n\t\t\t\n\n<div id=\"cardblock_fcb2d456adb3769b8096d7b8d9a12e31\" class=\"block__card -detect-in-viewport\">\n  <div class=\"has-background-color--white has-shadow animate__animated animate__fadeIn animate__delay-0-5s\">\n\n    \n    <div class=\"card__content-wrapper \">\n      <div class=\"card__inner-blocks inner-blocks\">\n        \n\n<h3 class=\"wp-block-heading\">06<\/h3>\n\n\n\n<h4 class=\"wp-block-heading\">\u00bfInfancia o carrera?<\/h4>\n\n\n\n<p>En AED, las dos cosas<\/p>\n\n      <\/div>\n    <\/div>\n  <\/div>\n<\/div>\n\t<\/div>\n\n\n\n<div class=\"col-12 col-lg-6 col-xl-3\">\n\t\t\t\n\n<div id=\"cardblock_ab37abfabf1339914d75b15bbd81a8ea\" class=\"block__card -detect-in-viewport\">\n  <div class=\"has-background-color--white has-shadow animate__animated animate__fadeIn animate__delay-1s\">\n\n    \n    <div class=\"card__content-wrapper \">\n      <div class=\"card__inner-blocks inner-blocks\">\n        \n\n<h3 class=\"wp-block-heading\">05<\/h3>\n\n\n\n<h4 class=\"wp-block-heading\">Promovemos el talento a todos los niveles<\/h4>\n\n\n\n<p>Presupuesto fijo para educaci\u00f3n \/a\u00f1o<\/p>\n\n      <\/div>\n    <\/div>\n  <\/div>\n<\/div>\n\t<\/div>\n\n\n\n<div class=\"col-12 col-lg-6 col-xl-3\">\n\t\t\t\n\n<div id=\"cardblock_6818e34edefe9be2d4abf0a772f9b1f0\" class=\"block__card -detect-in-viewport\">\n  <div class=\"has-background-color--white has-shadow animate__animated animate__fadeIn animate__delay-1-5s\">\n\n    \n    <div class=\"card__content-wrapper \">\n      <div class=\"card__inner-blocks inner-blocks\">\n        \n\n<h3 class=\"wp-block-heading\">01<\/h3>\n\n\n\n<h4 class=\"wp-block-heading\">Equilibrio de la vida laboral<\/h4>\n\n\n\n<p>40h\/semana o 35h\/semana<\/p>\n\n      <\/div>\n    <\/div>\n  <\/div>\n<\/div>\n\t<\/div>\n\n\n\n<div class=\"col-12 col-lg-6 col-xl-3\">\n\t\t\t\n\n<div id=\"cardblock_6818e34edefe9be2d4abf0a772f9b1f0\" class=\"block__card -detect-in-viewport\">\n  <div class=\"has-background-color--white has-shadow animate__animated animate__fadeIn animate__delay-1-5s\">\n\n    \n    <div class=\"card__content-wrapper \">\n      <div class=\"card__inner-blocks inner-blocks\">\n        \n\n<h3 class=\"wp-block-heading\">02<\/h3>\n\n\n\n<h4 class=\"wp-block-heading\">Un modelo que se adapta a ti<\/h4>\n\n\n\n<p>Trabajo m\u00f3vil y horarios flexibles<\/p>\n\n      <\/div>\n    <\/div>\n  <\/div>\n<\/div>\n\t<\/div>\n\n\n\n<div class=\"col-12 col-lg-6 col-xl-3\">\n\t\t\t\n\n<div id=\"cardblock_c00337c9ce2d81ba52885b8838b0402f\" class=\"block__card -detect-in-viewport\">\n  <div class=\"has-background-color--white has-shadow animate__animated animate__fadeIn animate__delay-2s\">\n\n    \n    <div class=\"card__content-wrapper \">\n      <div class=\"card__inner-blocks inner-blocks\">\n        \n\n<h3 class=\"wp-block-heading\">03<\/h3>\n\n\n\n<h4 class=\"wp-block-heading\">Tiempo para aventuras<\/h4>\n\n\n\n<p>Vacaciones: hasta 30 d\u00edas al a\u00f1o<\/p>\n\n      <\/div>\n    <\/div>\n  <\/div>\n<\/div>\n\t<\/div>\n\n\n\n<div class=\"col-12 col-lg-6 col-xl-3\">\n\t\t\t\n\n<div id=\"cardblock_7974355834be96ec4d205097721d6fc0\" class=\"block__card -detect-in-viewport\">\n  <div class=\"has-background-color--white has-shadow animate__animated animate__fadeIn animate__delay-2-5s\">\n\n    \n    <div class=\"card__content-wrapper \">\n      <div class=\"card__inner-blocks inner-blocks\">\n        \n\n<h3 class=\"wp-block-heading\">04<\/h3>\n\n\n\n<h4 class=\"wp-block-heading\">Conocer nuevas culturas<\/h4>\n\n\n\n<p>Trabajamos a nivel internacional<\/p>\n\n      <\/div>\n    <\/div>\n  <\/div>\n<\/div>\n\t<\/div>\n\n<\/div>\n<\/div>\n\n\n\n<div class=\"wp-block-group is-layout-constrained wp-block-group-is-layout-constrained\">\n<h2 class=\"wp-block-heading has-text-align-center has-cerulean-blue-color has-text-color\">Curious? Feel free to contact us.<br>The team is looking forward to meeting you!<\/h2>\n\n\n<div class=\"wp-bootstrap-blocks-row row\">\n\t\n\n<div class=\"col-12 col-md-4\">\n\t\t\t\n\n<div id=\"cardblock_3947d1d6ef8c709d0d5706745ee27c7a\" class=\"block__card -detect-in-viewport\">\n  <div class=\"has-background-color--white has-shadow has-image has-image--top has-image-settings-- animate__animated animate__fadeInUp animate__delay-default\">\n\n          <div class=\"card__image-wrapper \">\n\n                  <img decoding=\"async\" width=\"1267\" height=\"866\" src=\"https:\/\/aed-website.trigger-code.com\/wp-content\/uploads\/2023\/05\/5S8A7027_b3.jpg\" class=\"attachment-container2x_16_9 size-container2x_16_9\" alt=\"\" srcset=\"https:\/\/aed-website.trigger-code.com\/wp-content\/uploads\/2023\/05\/5S8A7027_b3.jpg 1267w, https:\/\/aed-website.trigger-code.com\/wp-content\/uploads\/2023\/05\/5S8A7027_b3-300x205.jpg 300w, https:\/\/aed-website.trigger-code.com\/wp-content\/uploads\/2023\/05\/5S8A7027_b3-1024x700.jpg 1024w, https:\/\/aed-website.trigger-code.com\/wp-content\/uploads\/2023\/05\/5S8A7027_b3-768x525.jpg 768w, https:\/\/aed-website.trigger-code.com\/wp-content\/uploads\/2023\/05\/5S8A7027_b3-451x308.jpg 451w, https:\/\/aed-website.trigger-code.com\/wp-content\/uploads\/2023\/05\/5S8A7027_b3-840x574.jpg 840w, https:\/\/aed-website.trigger-code.com\/wp-content\/uploads\/2023\/05\/5S8A7027_b3-1077x736.jpg 1077w, https:\/\/aed-website.trigger-code.com\/wp-content\/uploads\/2023\/05\/5S8A7027_b3-538x368.jpg 538w\" sizes=\"(max-width: 1267px) 100vw, 1267px\" \/>        \n        \n      <\/div>\n    \n    <div class=\"card__content-wrapper \">\n      <div class=\"card__inner-blocks inner-blocks\">\n        \n\n<h4 class=\"wp-block-heading has-text-align-center\">Silvia D\u00edaz Riquelme<\/h4>\n\n\n\n<p class=\"has-text-align-center\">Talent Acquisition<\/p>\n\n      <\/div>\n    <\/div>\n  <\/div>\n<\/div>\n\t<\/div>\n\n\n\n<div class=\"col-12 col-md-4\">\n\t\t\t\n\n<div id=\"cardblock_e339b6f92add76e576f0df0d3c44054e\" class=\"block__card -detect-in-viewport\">\n  <div class=\"has-background-color--white has-shadow has-image has-image--top has-image-settings-- animate__animated animate__fadeInUp animate__delay-0-5s\">\n\n          <div class=\"card__image-wrapper \">\n\n                  <img decoding=\"async\" width=\"1267\" height=\"854\" src=\"https:\/\/aed-website.trigger-code.com\/wp-content\/uploads\/2023\/05\/5S8A7020_b.jpg\" class=\"attachment-container2x_16_9 size-container2x_16_9\" alt=\"\" srcset=\"https:\/\/aed-website.trigger-code.com\/wp-content\/uploads\/2023\/05\/5S8A7020_b.jpg 1267w, https:\/\/aed-website.trigger-code.com\/wp-content\/uploads\/2023\/05\/5S8A7020_b-300x202.jpg 300w, https:\/\/aed-website.trigger-code.com\/wp-content\/uploads\/2023\/05\/5S8A7020_b-1024x690.jpg 1024w, https:\/\/aed-website.trigger-code.com\/wp-content\/uploads\/2023\/05\/5S8A7020_b-768x518.jpg 768w, https:\/\/aed-website.trigger-code.com\/wp-content\/uploads\/2023\/05\/5S8A7020_b-457x308.jpg 457w, https:\/\/aed-website.trigger-code.com\/wp-content\/uploads\/2023\/05\/5S8A7020_b-840x566.jpg 840w, https:\/\/aed-website.trigger-code.com\/wp-content\/uploads\/2023\/05\/5S8A7020_b-1092x736.jpg 1092w, https:\/\/aed-website.trigger-code.com\/wp-content\/uploads\/2023\/05\/5S8A7020_b-546x368.jpg 546w\" sizes=\"(max-width: 1267px) 100vw, 1267px\" \/>        \n        \n      <\/div>\n    \n    <div class=\"card__content-wrapper \">\n      <div class=\"card__inner-blocks inner-blocks\">\n        \n\n<h4 class=\"wp-block-heading has-text-align-center\">Nayely Peters<\/h4>\n\n\n\n<p class=\"has-text-align-center\">Team Leader People &amp; Culture<\/p>\n\n      <\/div>\n    <\/div>\n  <\/div>\n<\/div>\n\t<\/div>\n\n\n\n<div class=\"col-12 col-md-4\">\n\t\t\t\n\n<div id=\"cardblock_692975a96249322dbebafbc8e52ca741\" class=\"block__card -detect-in-viewport\">\n  <div class=\"has-background-color--white has-shadow has-image has-image--top has-image-settings-- animate__animated animate__fadeInUp animate__delay-1s\">\n\n          <div class=\"card__image-wrapper \">\n\n                  <img decoding=\"async\" width=\"1267\" height=\"871\" src=\"https:\/\/aed-website.trigger-code.com\/wp-content\/uploads\/2023\/05\/5S8A7042_b.jpg\" class=\"attachment-container2x_16_9 size-container2x_16_9\" alt=\"\" srcset=\"https:\/\/aed-website.trigger-code.com\/wp-content\/uploads\/2023\/05\/5S8A7042_b.jpg 1267w, https:\/\/aed-website.trigger-code.com\/wp-content\/uploads\/2023\/05\/5S8A7042_b-300x206.jpg 300w, https:\/\/aed-website.trigger-code.com\/wp-content\/uploads\/2023\/05\/5S8A7042_b-1024x704.jpg 1024w, https:\/\/aed-website.trigger-code.com\/wp-content\/uploads\/2023\/05\/5S8A7042_b-768x528.jpg 768w, https:\/\/aed-website.trigger-code.com\/wp-content\/uploads\/2023\/05\/5S8A7042_b-448x308.jpg 448w, https:\/\/aed-website.trigger-code.com\/wp-content\/uploads\/2023\/05\/5S8A7042_b-840x577.jpg 840w, https:\/\/aed-website.trigger-code.com\/wp-content\/uploads\/2023\/05\/5S8A7042_b-1071x736.jpg 1071w, https:\/\/aed-website.trigger-code.com\/wp-content\/uploads\/2023\/05\/5S8A7042_b-535x368.jpg 535w\" sizes=\"(max-width: 1267px) 100vw, 1267px\" \/>        \n        \n      <\/div>\n    \n    <div class=\"card__content-wrapper \">\n      <div class=\"card__inner-blocks inner-blocks\">\n        \n\n<h4 class=\"wp-block-heading has-text-align-center\">Marta Aquilera D\u00edaz<\/h4>\n\n\n\n<p class=\"has-text-align-center\">People &amp; Culture<\/p>\n\n      <\/div>\n    <\/div>\n  <\/div>\n<\/div>\n\t<\/div>\n\n<\/div>\n\n\n<div class=\"wp-bootstrap-blocks-row row justify-content-center\">\n\t\n\n<div class=\"col-12 col-md-4\">\n\t\t\t\n\n<div id=\"cardblock_c10207c51ec777ee8330372e1b46d97f\" class=\"block__card -detect-in-viewport\">\n  <div class=\"has-background-color--white has-shadow has-image has-image--top has-image-settings-- animate__animated animate__fadeInUp animate__delay-default\">\n\n          <div class=\"card__image-wrapper \">\n\n                  <img decoding=\"async\" width=\"1267\" height=\"850\" src=\"https:\/\/aed-website.trigger-code.com\/wp-content\/uploads\/2023\/05\/5S8A7031_b.jpg\" class=\"attachment-container2x_16_9 size-container2x_16_9\" alt=\"\" srcset=\"https:\/\/aed-website.trigger-code.com\/wp-content\/uploads\/2023\/05\/5S8A7031_b.jpg 1267w, https:\/\/aed-website.trigger-code.com\/wp-content\/uploads\/2023\/05\/5S8A7031_b-300x201.jpg 300w, https:\/\/aed-website.trigger-code.com\/wp-content\/uploads\/2023\/05\/5S8A7031_b-1024x687.jpg 1024w, https:\/\/aed-website.trigger-code.com\/wp-content\/uploads\/2023\/05\/5S8A7031_b-768x515.jpg 768w, https:\/\/aed-website.trigger-code.com\/wp-content\/uploads\/2023\/05\/5S8A7031_b-459x308.jpg 459w, https:\/\/aed-website.trigger-code.com\/wp-content\/uploads\/2023\/05\/5S8A7031_b-840x564.jpg 840w, https:\/\/aed-website.trigger-code.com\/wp-content\/uploads\/2023\/05\/5S8A7031_b-1097x736.jpg 1097w, https:\/\/aed-website.trigger-code.com\/wp-content\/uploads\/2023\/05\/5S8A7031_b-549x368.jpg 549w\" sizes=\"(max-width: 1267px) 100vw, 1267px\" \/>        \n        \n      <\/div>\n    \n    <div class=\"card__content-wrapper \">\n      <div class=\"card__inner-blocks inner-blocks\">\n        \n\n<h4 class=\"wp-block-heading has-text-align-center\">Luiza Turylo<\/h4>\n\n\n\n<p class=\"has-text-align-center\">Talent Acquisition &amp; People Engagement<\/p>\n\n      <\/div>\n    <\/div>\n  <\/div>\n<\/div>\n\t<\/div>\n\n\n\n<div class=\"col-12 col-md-4\">\n\t\t\t\n\n<div id=\"cardblock_f7c8ec34986cfe00c5fabe8ead3b5518\" class=\"block__card -detect-in-viewport\">\n  <div class=\"has-background-color--white has-shadow has-image has-image--top has-image-settings-- animate__animated animate__fadeInUp animate__delay-0-5s\">\n\n          <div class=\"card__image-wrapper \">\n\n                  <img decoding=\"async\" width=\"2336\" height=\"1442\" src=\"https:\/\/aed-website.trigger-code.com\/wp-content\/uploads\/2023\/05\/Cher_b4.png\" class=\"attachment-container2x_16_9 size-container2x_16_9\" alt=\"\" srcset=\"https:\/\/aed-website.trigger-code.com\/wp-content\/uploads\/2023\/05\/Cher_b4.png 2336w, https:\/\/aed-website.trigger-code.com\/wp-content\/uploads\/2023\/05\/Cher_b4-300x185.png 300w, https:\/\/aed-website.trigger-code.com\/wp-content\/uploads\/2023\/05\/Cher_b4-1024x632.png 1024w, https:\/\/aed-website.trigger-code.com\/wp-content\/uploads\/2023\/05\/Cher_b4-768x474.png 768w, https:\/\/aed-website.trigger-code.com\/wp-content\/uploads\/2023\/05\/Cher_b4-1536x948.png 1536w, https:\/\/aed-website.trigger-code.com\/wp-content\/uploads\/2023\/05\/Cher_b4-2048x1264.png 2048w, https:\/\/aed-website.trigger-code.com\/wp-content\/uploads\/2023\/05\/Cher_b4-500x308.png 500w, https:\/\/aed-website.trigger-code.com\/wp-content\/uploads\/2023\/05\/Cher_b4-840x519.png 840w, https:\/\/aed-website.trigger-code.com\/wp-content\/uploads\/2023\/05\/Cher_b4-1192x736.png 1192w, https:\/\/aed-website.trigger-code.com\/wp-content\/uploads\/2023\/05\/Cher_b4-596x368.png 596w\" sizes=\"(max-width: 2336px) 100vw, 2336px\" \/>        \n        \n      <\/div>\n    \n    <div class=\"card__content-wrapper \">\n      <div class=\"card__inner-blocks inner-blocks\">\n        \n\n<h4 class=\"wp-block-heading has-text-align-center\">Chermary Klima<\/h4>\n\n\n\n<p class=\"has-text-align-center\">Talent Acquisition<\/p>\n\n      <\/div>\n    <\/div>\n  <\/div>\n<\/div>\n\t<\/div>\n\n<\/div>\n<\/div>\n\n\n\n<div class=\"wp-block-group is-layout-constrained wp-block-group-is-layout-constrained\">\n<h3 class=\"wp-block-heading has-text-align-center has-cerulean-blue-color has-text-color\"><strong>\u00bfTiene alguna pregunta?<\/strong><\/h3>\n\n\n\n<p class=\"has-text-align-center has-cerulean-blue-color has-text-color has-large-font-size\">Cont\u00e1ctenos<\/p>\n\n\n<div class=\"wp-bootstrap-blocks-row row\">\n\t\n\n<div class=\"col-12 col-md-4\">\n\t\t\t\n\n<div id=\"buttonblock_f4978c19d54f38905f27256e30cff640\" class=\"block__button -detect-in-viewport button__size--full\">\n  <div class=\"button__color--transparent\">\n          <a href=\"mailto:career@aed-vantage.com\" target=\"\" class=\"btn\">\n        <span class=\"button__link__label\">career@aed-vantage.com<\/span>\n      <\/a>\n      <\/div>\n<\/div>\n\t<\/div>\n\n\n\n<div class=\"col-12 col-md-4\">\n\t\t\t\n\n<div id=\"buttonblock_c86f8b860aa8152e99b09158259f92a9\" class=\"block__button -detect-in-viewport button__size--full\">\n  <div class=\"button__color--transparent\">\n          <a href=\"tel:+4989159848480\" target=\"\" class=\"btn\">\n        <span class=\"button__link__label\">+49 89 15984848 &#8211; 0 Alemania<\/span>\n      <\/a>\n      <\/div>\n<\/div>\n\t<\/div>\n\n\n\n<div class=\"col-12 col-md-4\">\n\t\t\t\n\n<div id=\"buttonblock_2fc964b8c5cc234a0e757aaef13e38c5\" class=\"block__button -detect-in-viewport button__size--full\">\n  <div class=\"button__color--transparent\">\n          <a href=\"tel:+34868454588\" target=\"\" class=\"btn\">\n        <span class=\"button__link__label\">+34 868 4545 &#8211; 88 Espa\u00f1a<\/span>\n      <\/a>\n      <\/div>\n<\/div>\n\t<\/div>\n\n<\/div>\n<\/div>\n\n\n\n<figure class=\"wp-block-image size-large is-resized\"><img decoding=\"async\" src=\"https:\/\/aed-website.trigger-code.com\/\/wp-content\/uploads\/2023\/05\/5S8A7075-1024x683.jpg\" alt=\"\" class=\"wp-image-4165\" style=\"width:1055px;height:704px\" width=\"1055\" height=\"704\" srcset=\"https:\/\/aed-website.trigger-code.com\/wp-content\/uploads\/2023\/05\/5S8A7075-1024x683.jpg 1024w, https:\/\/aed-website.trigger-code.com\/wp-content\/uploads\/2023\/05\/5S8A7075-300x200.jpg 300w, https:\/\/aed-website.trigger-code.com\/wp-content\/uploads\/2023\/05\/5S8A7075-768x512.jpg 768w, https:\/\/aed-website.trigger-code.com\/wp-content\/uploads\/2023\/05\/5S8A7075-1536x1024.jpg 1536w, https:\/\/aed-website.trigger-code.com\/wp-content\/uploads\/2023\/05\/5S8A7075-462x308.jpg 462w, https:\/\/aed-website.trigger-code.com\/wp-content\/uploads\/2023\/05\/5S8A7075-840x560.jpg 840w, https:\/\/aed-website.trigger-code.com\/wp-content\/uploads\/2023\/05\/5S8A7075-1104x736.jpg 1104w, https:\/\/aed-website.trigger-code.com\/wp-content\/uploads\/2023\/05\/5S8A7075-552x368.jpg 552w, https:\/\/aed-website.trigger-code.com\/wp-content\/uploads\/2023\/05\/5S8A7075.jpg 1900w\" sizes=\"(max-width: 1055px) 100vw, 1055px\" \/><\/figure>\n","protected":false},"excerpt":{"rendered":"<p>Haz realidad tu futuro profesional \u00bfListo para marcar la diferencia? Forme parte de nuestro equipo y d\u00e9 forma juntos al futuro de la movilidad. AED Vantage es un especialista en electr\u00f3nica de \u00e9xito internacional. Como partner de la industria del autom\u00f3vil, desarrollamos soluciones personalizadas y las fabricamos en nuestras propias m\u00e1quinas. D\u00e9jese sorprender &#8211; somos [&hellip;]<\/p>\n","protected":false},"author":1,"featured_media":0,"parent":0,"menu_order":0,"comment_status":"closed","ping_status":"closed","template":"","meta":{"footnotes":""},"class_list":["post-1637","page","type-page","status-publish","hentry"],"aioseo_notices":[],"acf":[],"_links":{"self":[{"href":"https:\/\/aed-website.trigger-code.com\/es\/wp-json\/wp\/v2\/pages\/1637","targetHints":{"allow":["GET"]}}],"collection":[{"href":"https:\/\/aed-website.trigger-code.com\/es\/wp-json\/wp\/v2\/pages"}],"about":[{"href":"https:\/\/aed-website.trigger-code.com\/es\/wp-json\/wp\/v2\/types\/page"}],"author":[{"embeddable":true,"href":"https:\/\/aed-website.trigger-code.com\/es\/wp-json\/wp\/v2\/users\/1"}],"replies":[{"embeddable":true,"href":"https:\/\/aed-website.trigger-code.com\/es\/wp-json\/wp\/v2\/comments?post=1637"}],"version-history":[{"count":9,"href":"https:\/\/aed-website.trigger-code.com\/es\/wp-json\/wp\/v2\/pages\/1637\/revisions"}],"predecessor-version":[{"id":4367,"href":"https:\/\/aed-website.trigger-code.com\/es\/wp-json\/wp\/v2\/pages\/1637\/revisions\/4367"}],"wp:attachment":[{"href":"https:\/\/aed-website.trigger-code.com\/es\/wp-json\/wp\/v2\/media?parent=1637"}],"curies":[{"name":"wp","href":"https:\/\/api.w.org\/{rel}","templated":true}]}}