{"id":1636,"date":"2023-04-13T13:42:06","date_gmt":"2023-04-13T11:42:06","guid":{"rendered":"http:\/\/aed-website.triggerco.de\/body-comfort-module\/"},"modified":"2023-05-08T10:18:36","modified_gmt":"2023-05-08T08:18:36","slug":"body-comfort-module","status":"publish","type":"page","link":"https:\/\/aed-website.trigger-code.com\/es\/products\/body-comfort-module\/","title":{"rendered":"M\u00f3dulos de Confort"},"content":{"rendered":"\n<div id=\"keyvisualblock_02ca0c6f7c3d18e807fbc1f2457f6fd4\" class=\"block__keyvisual -detect-in-viewport alignfull\" data-controller=\"keyvisual\">\n\n    <div class=\"keyvisual__background \">\n                                    <img decoding=\"async\" width=\"875\" height=\"583\" src=\"https:\/\/aed-website.trigger-code.com\/wp-content\/uploads\/2023\/04\/cabecera-body-comfort.jpg\" class=\"attachment-fullscreen_16_9 size-fullscreen_16_9\" alt=\"\" srcset=\"https:\/\/aed-website.trigger-code.com\/wp-content\/uploads\/2023\/04\/cabecera-body-comfort.jpg 875w, https:\/\/aed-website.trigger-code.com\/wp-content\/uploads\/2023\/04\/cabecera-body-comfort-300x200.jpg 300w, https:\/\/aed-website.trigger-code.com\/wp-content\/uploads\/2023\/04\/cabecera-body-comfort-768x512.jpg 768w, https:\/\/aed-website.trigger-code.com\/wp-content\/uploads\/2023\/04\/cabecera-body-comfort-462x308.jpg 462w, https:\/\/aed-website.trigger-code.com\/wp-content\/uploads\/2023\/04\/cabecera-body-comfort-840x560.jpg 840w, https:\/\/aed-website.trigger-code.com\/wp-content\/uploads\/2023\/04\/cabecera-body-comfort-552x368.jpg 552w\" sizes=\"(max-width: 875px) 100vw, 875px\" \/>                        <\/div>\n\n            <div class=\"keyvisual__overlay\"><\/div>\n    \n    <div class=\"keyvisual__wrapper\">\n        <div class=\"keyvisual__content__wrapper container\">\n            <div class=\"keyvisual__content inner-blocks\">\n                                    \n\n<h1 class=\"wp-block-heading\">M\u00f3dulos de Confort<\/h1>\n\n                            <\/div>\n        <\/div>\n    <\/div>\n    \n<\/div>\n\n    <div class=\"breadcrumbs container alignwide\">\n        <div class=\"aioseo-breadcrumbs\"><span class=\"aioseo-breadcrumb\">\n\t\t\tHome\n\t\t<\/span><\/div><\/div>\n\n\n\n<div class=\"wp-block-group is-layout-constrained wp-block-group-is-layout-constrained\">\n<h2 class=\"wp-block-heading has-text-align-center has-cerulean-blue-color has-text-color\">Asistentes y m\u00f3dulos para puertas de veh\u00edculos, seguridad y climatizaci\u00f3n<\/h2>\n\n\n\n<p class=\"has-text-align-center has-large-font-size\"><\/p>\n\n\n\n<p><\/p>\n\n\n\n<div id=\"expandableblock_07cd5b3a633f6d4b6c644456014e991a\" class=\" block__expandable -detect-in-viewport expandable-orientation--horizontal\" data-controller=\"expandable\" data-expandable-target=\"block\" data-action=\"resize@window-&gt;expandable#resize\" data-expandable-active-class=\"-active\">\n\n  <div class=\"expandable__wrapper\">\n\n    <div class=\"expandable__header\">\n      \n              <p class=\"expandable__text\">AED Vantage trabaja en estrecha colaboraci\u00f3n con muchos fabricantes de autom\u00f3viles y desarrolla m\u00f3dulos o unidades de control personalizados para satisfacer sus necesidades espec\u00edficas.<\/p>\n      \n      <a href=\"#\" class=\"expandable__icon-wrapper\" data-action=\"expandable#onToggleClick\">\n        <div href=\"#\" class=\"expandable__icon-icon\"><\/div>\n      <\/a>\n    <\/div>\n    <div class=\"expandable__content-wrapper\">\n      <div class=\"expandable__content expandable__content--horizontal inner-blocks\" data-expandable-target=\"content\">\n                  <div class=\"expandable__content-spacer\"><\/div>\n                \n\n<p>Nuestros sistemas de carrocer\u00eda y confort son muy c\u00f3modos y seguros para cualquier ocupante del interior del veh\u00edculo. Gestionan la energ\u00eda, controlan los limpiaparabrisas y el aire acondicionado, entre otras cosas.<\/p>\n\n\n      <\/div>\n    <\/div>\n  <\/div>\n\n<\/div><\/div>\n\n\n\n<div class=\"wp-block-group is-layout-constrained wp-block-group-is-layout-constrained\">\n<h2 class=\"wp-block-heading has-text-align-center has-cerulean-blue-color has-text-color\">Unidad de control de puerta (UCP)<\/h2>\n\n\n\n<div id=\"cardblock_25e0d630af5449b9c4a89c5547108f91\" class=\"block__card alignfull -detect-in-viewport\">\n  <div class=\"has-background-color--transparent has-image has-image--right has-image-settings--landscape\">\n\n          <div class=\"card__image-wrapper animate__animated animate__delay-default animate__fadeInRight\">\n\n                  <img decoding=\"async\" width=\"654\" height=\"368\" src=\"https:\/\/aed-website.trigger-code.com\/wp-content\/uploads\/2023\/04\/body-comfort-654x368.jpg\" class=\"attachment-container_half_16_9 size-container_half_16_9\" alt=\"\" srcset=\"https:\/\/aed-website.trigger-code.com\/wp-content\/uploads\/2023\/04\/body-comfort-654x368.jpg 654w, https:\/\/aed-website.trigger-code.com\/wp-content\/uploads\/2023\/04\/body-comfort-738x416.jpg 738w\" sizes=\"(max-width: 654px) 100vw, 654px\" \/>        \n        \n      <\/div>\n    \n    <div class=\"card__content-wrapper animate__animated animate__delay-default animate__fadeInLeft\">\n      <div class=\"card__inner-blocks inner-blocks\">\n        \n\n<p>La Unidad de Control de Puertas (UCP) es un m\u00f3dulo extremadamente compacto que asume el control y la gesti\u00f3n de las puertas correderas el\u00e9ctricas. Sin embargo, puede hacer mucho m\u00e1s que simplemente abrir y cerrar o bloquear y desbloquear las puertas: AED Vantage dise\u00f1a su UCP para integrar numerosas caracter\u00edsticas automotrices personalizadas para mayor comodidad y seguridad. Por ejemplo, estos incluyen:<\/p>\n\n\n\n<ul class=\"wp-block-list\">\n<li>El control de los elevalunas el\u00e9ctricos con protecci\u00f3n inteligente antiatrapamiento.<\/li>\n\n\n\n<li>Entrada y salida segura, comprobando autom\u00e1ticamente los alrededores del veh\u00edculo.<\/li>\n\n\n\n<li>Apertura y cierre de las puertas con funci\u00f3n de parada inteligente en caso de obst\u00e1culos en el \u00e1rea de la puerta.<\/li>\n\n\n\n<li>Control y calefacci\u00f3n de los espejos laterales.<\/li>\n\n\n\n<li>La calefacci\u00f3n del reposabrazos.<\/li>\n\n\n\n<li>Y mucho m\u00e1s.<\/li>\n<\/ul>\n\n      <\/div>\n    <\/div>\n  <\/div>\n<\/div>\n\n\n<div id=\"cardblock_5c8e2cf834e2e1d869358988e7c18d79\" class=\"block__card alignfull -detect-in-viewport\">\n  <div class=\"has-background-color--transparent has-image has-image--left has-image-settings--landscape\">\n\n          <div class=\"card__image-wrapper animate__animated animate__delay-default animate__fadeInLeft\">\n\n                  <img decoding=\"async\" width=\"654\" height=\"368\" src=\"https:\/\/aed-website.trigger-code.com\/wp-content\/uploads\/2023\/04\/body-comfortmodules-654x368.jpg\" class=\"attachment-container_half_16_9 size-container_half_16_9\" alt=\"\" srcset=\"https:\/\/aed-website.trigger-code.com\/wp-content\/uploads\/2023\/04\/body-comfortmodules-654x368.jpg 654w, https:\/\/aed-website.trigger-code.com\/wp-content\/uploads\/2023\/04\/body-comfortmodules-738x416.jpg 738w\" sizes=\"(max-width: 654px) 100vw, 654px\" \/>        \n        \n      <\/div>\n    \n    <div class=\"card__content-wrapper animate__animated animate__delay-default animate__fadeInRight\">\n      <div class=\"card__inner-blocks inner-blocks\">\n        \n\n<p>Nuestra unidad de control de puertas es solo un ejemplo de la amplia gama de m\u00f3dulos de confort y carrocer\u00eda personalizados que creamos para satisfacer las necesidades de nuestros clientes. \u00a1Todo lo que t\u00fa tienes que hacer es contactarnos! Adem\u00e1s de utilizar tecnolog\u00edas de \u00faltima generaci\u00f3n, AED Vantage se asegura de que nuestros m\u00f3dulos funcionen y encajen perfectamente con las arquitecturas de su veh\u00edculo.<\/p>\n\n\n\n<p>Adem\u00e1s, al unir varias funciones en un componente compacto, podemos ayudarlo a reducir costos y reducir el consumo de energ\u00eda de sus veh\u00edculos. Nuestros sistemas tambi\u00e9n est\u00e1n siempre ajustados a una parte espec\u00edfica del veh\u00edculo, lo que garantiza un rendimiento \u00f3ptimo y un alto nivel de seguridad.<\/p>\n\n      <\/div>\n    <\/div>\n  <\/div>\n<\/div><\/div>\n","protected":false},"excerpt":{"rendered":"<p>Asistentes y m\u00f3dulos para puertas de veh\u00edculos, seguridad y climatizaci\u00f3n Unidad de control de puerta (UCP)<\/p>\n","protected":false},"author":1,"featured_media":0,"parent":1652,"menu_order":0,"comment_status":"closed","ping_status":"closed","template":"","meta":{"footnotes":""},"class_list":["post-1636","page","type-page","status-publish","hentry"],"aioseo_notices":[],"acf":[],"_links":{"self":[{"href":"https:\/\/aed-website.trigger-code.com\/es\/wp-json\/wp\/v2\/pages\/1636","targetHints":{"allow":["GET"]}}],"collection":[{"href":"https:\/\/aed-website.trigger-code.com\/es\/wp-json\/wp\/v2\/pages"}],"about":[{"href":"https:\/\/aed-website.trigger-code.com\/es\/wp-json\/wp\/v2\/types\/page"}],"author":[{"embeddable":true,"href":"https:\/\/aed-website.trigger-code.com\/es\/wp-json\/wp\/v2\/users\/1"}],"replies":[{"embeddable":true,"href":"https:\/\/aed-website.trigger-code.com\/es\/wp-json\/wp\/v2\/comments?post=1636"}],"version-history":[{"count":8,"href":"https:\/\/aed-website.trigger-code.com\/es\/wp-json\/wp\/v2\/pages\/1636\/revisions"}],"predecessor-version":[{"id":3871,"href":"https:\/\/aed-website.trigger-code.com\/es\/wp-json\/wp\/v2\/pages\/1636\/revisions\/3871"}],"up":[{"embeddable":true,"href":"https:\/\/aed-website.trigger-code.com\/es\/wp-json\/wp\/v2\/pages\/1652"}],"wp:attachment":[{"href":"https:\/\/aed-website.trigger-code.com\/es\/wp-json\/wp\/v2\/media?parent=1636"}],"curies":[{"name":"wp","href":"https:\/\/api.w.org\/{rel}","templated":true}]}}