{"id":1633,"date":"2023-03-30T11:00:29","date_gmt":"2023-03-30T09:00:29","guid":{"rendered":"http:\/\/aed-website.triggerco.de\/automotive-engineering-services\/"},"modified":"2023-05-04T16:28:30","modified_gmt":"2023-05-04T14:28:30","slug":"automotive-engineering-services","status":"publish","type":"page","link":"https:\/\/aed-website.trigger-code.com\/es\/automotive-engineering-services\/","title":{"rendered":"Servicios de Ingenier\u00eda Automotriz"},"content":{"rendered":"\n<div id=\"keyvisualblock_dcfbe90197b265bfe20d4e7c2e129f9b\" class=\"block__keyvisual -detect-in-viewport alignfull\" data-controller=\"keyvisual\">\n\n    <div class=\"keyvisual__background \">\n                                    <img decoding=\"async\" width=\"875\" height=\"547\" src=\"https:\/\/aed-website.trigger-code.com\/wp-content\/uploads\/2023\/03\/cabecera-automotive.jpg\" class=\"attachment-fullscreen_16_9 size-fullscreen_16_9\" alt=\"\" srcset=\"https:\/\/aed-website.trigger-code.com\/wp-content\/uploads\/2023\/03\/cabecera-automotive.jpg 875w, https:\/\/aed-website.trigger-code.com\/wp-content\/uploads\/2023\/03\/cabecera-automotive-300x188.jpg 300w, https:\/\/aed-website.trigger-code.com\/wp-content\/uploads\/2023\/03\/cabecera-automotive-768x480.jpg 768w, https:\/\/aed-website.trigger-code.com\/wp-content\/uploads\/2023\/03\/cabecera-automotive-493x308.jpg 493w, https:\/\/aed-website.trigger-code.com\/wp-content\/uploads\/2023\/03\/cabecera-automotive-840x525.jpg 840w, https:\/\/aed-website.trigger-code.com\/wp-content\/uploads\/2023\/03\/cabecera-automotive-589x368.jpg 589w\" sizes=\"(max-width: 875px) 100vw, 875px\" \/>                        <\/div>\n\n            <div class=\"keyvisual__overlay\"><\/div>\n    \n    <div class=\"keyvisual__wrapper\">\n        <div class=\"keyvisual__content__wrapper container\">\n            <div class=\"keyvisual__content inner-blocks\">\n                                    \n\n<h1 class=\"wp-block-heading\">Servicios de Ingenier\u00eda Automotriz<\/h1>\n\n                            <\/div>\n        <\/div>\n    <\/div>\n    \n<\/div>\n\n    <div class=\"breadcrumbs container alignwide\">\n        <div class=\"aioseo-breadcrumbs\"><span class=\"aioseo-breadcrumb\">\n\t\t\tHome\n\t\t<\/span><\/div><\/div>\n\n\n\n<div id=\"cardblock_d13a49fd8e7fd3bc3dbaaeb81956543b\" class=\"block__card -detect-in-viewport\">\n  <div class=\"has-background-color--white has-shadow has-image has-image--\">\n\n          <div class=\"card__image-wrapper \">\n\n        \n        \n      <\/div>\n    \n    <div class=\"card__content-wrapper \">\n      <div class=\"card__inner-blocks inner-blocks\">\n        \n\n<p>El desarrollo del autom\u00f3vil y los nuevos conceptos de movilidad se han convertido en temas importantes en nuestra sociedad y econom\u00eda. Esto requiere ideas de vanguardia, hardware y software innovadores, y componentes electr\u00f3nicos de \u00faltima generaci\u00f3n. Con m\u00e1s de 15 a\u00f1os de experiencia en automoci\u00f3n AED Vantage ofrece servicios integrales para todo el proceso de ingenier\u00eda y fabricaci\u00f3n, desde la concepci\u00f3n inicial, pasando por el dise\u00f1o y el desarrollo hasta la construcci\u00f3n de prototipos, la planificaci\u00f3n de la producci\u00f3n, la producci\u00f3n en serie y el soporte. Un alto nivel de sinergia, eficiencia y pensamiento en red caracterizan nuestro trabajo en beneficio de nuestros clientes.<\/p>\n\n\n\n<p>Desde hace mucho tiempo somos socios de los OEM automotrices; proporcionamos componentes o m\u00f3dulos confiables de acuerdo con los requisitos individuales. Desarrollamos software y hardware a la medida, incluyendo simulaci\u00f3n y pruebas. Dependiendo de sus requerimientos espec\u00edficos, utilizamos m\u00e9todos de implementaci\u00f3n cl\u00e1sicos o \u00e1giles, siempre pensando en la calidad.<\/p>\n\n\n\n<p>Por \u00faltimo, pero no menos importante, gestionamos nuestros proyectos como un todo. Por lo tanto, actuamos de forma proactiva y asumimos la responsabilidad. Es por eso que la calidad de nuestros servicios es nuestra principal prioridad. Al hacerlo, actuamos de una manera tan flexible que podemos adaptarnos a sus requisitos en cualquier momento.<\/p>\n\n      <\/div>\n    <\/div>\n  <\/div>\n<\/div>\n\n\n<div class=\"wp-block-group is-layout-constrained wp-block-group-is-layout-constrained\">\n<h2 class=\"wp-block-heading has-text-align-center has-cerulean-blue-color has-text-color\">Software y digitalizaci\u00f3n \u2013<br>Los motores de nuestra movilidad<\/h2>\n\n\n\n<div id=\"cardblock_c158f35bc491cd487d8b5b4dbb7a4ea6\" class=\"block__card -detect-in-viewport\">\n  <div class=\"has-background-color--transparent has-image has-image--right has-image-settings--landscape\">\n\n          <div class=\"card__image-wrapper animate__animated animate__delay-default animate__fadeInRight\">\n\n                  <img decoding=\"async\" width=\"654\" height=\"368\" src=\"https:\/\/aed-website.trigger-code.com\/wp-content\/uploads\/2023\/03\/2-2-1024x682-1-654x368.jpg\" class=\"attachment-container_half_16_9 size-container_half_16_9\" alt=\"\" srcset=\"https:\/\/aed-website.trigger-code.com\/wp-content\/uploads\/2023\/03\/2-2-1024x682-1-654x368.jpg 654w, https:\/\/aed-website.trigger-code.com\/wp-content\/uploads\/2023\/03\/2-2-1024x682-1-738x416.jpg 738w\" sizes=\"(max-width: 654px) 100vw, 654px\" \/>        \n        \n      <\/div>\n    \n    <div class=\"card__content-wrapper animate__animated animate__delay-default animate__fadeInLeft\">\n      <div class=\"card__inner-blocks inner-blocks\">\n        \n\n<p>El autom\u00f3vil se ha convertido en un centro de Internet en movimiento. Como resultado, los veh\u00edculos modernos son cada vez m\u00e1s complejos y las demandas de su software aumentan continuamente. AED Vantage se especializa en software de aplicaci\u00f3n sofisticado y desarrollo de software integrado. Como resultado de nuestros a\u00f1os de experiencia en el desarrollo de una amplia variedad de aplicaciones de software, poseemos una gran experiencia en sistemas. Como socio de desarrollo integrado, le ayudamos desde el principio hasta la producci\u00f3n en serie. Juntos, desarrollamos su software ahorrando recursos y como base para su electr\u00f3nica de alto rendimiento.<\/p>\n\n\n\n<ul class=\"wp-block-list\">\n<li>Plataforma AUTOSAR Cl\u00e1sica<\/li>\n\n\n\n<li>Plataforma adaptativa AUTOSAR<\/li>\n\n\n\n<li>Modelo V y desarrollo \u00e1gil<\/li>\n\n\n\n<li>Proceso de empresa basado en ASPICE Nivel 3<\/li>\n<\/ul>\n\n\n\n<p>Nuestros desarrolladores reconocen el potencial de las ideas y especificaciones abstractas; comprender sus correlaciones l\u00f3gicas y sus sistemas de hardware de destino, y considerar los requisitos durante el desarrollo de software.<\/p>\n\n      <\/div>\n    <\/div>\n  <\/div>\n<\/div><\/div>\n\n\n\n<div class=\"wp-block-group is-layout-constrained wp-block-group-is-layout-constrained\">\n<h2 class=\"wp-block-heading has-text-align-center has-cerulean-blue-color has-text-color\">El desarrollo de producto se convierte en desarrollo de sistemas<\/h2>\n\n\n\n<div id=\"cardblock_30173b8d8b33f5fad4eca7d01c222163\" class=\"block__card -detect-in-viewport\">\n  <div class=\"has-background-color--transparent has-image has-image--right has-image-settings--landscape\">\n\n          <div class=\"card__image-wrapper animate__animated animate__delay-default animate__fadeInRight\">\n\n                  <img decoding=\"async\" width=\"654\" height=\"368\" src=\"https:\/\/aed-website.trigger-code.com\/wp-content\/uploads\/2023\/03\/3-1024x683-1-654x368.jpg\" class=\"attachment-container_half_16_9 size-container_half_16_9\" alt=\"\" srcset=\"https:\/\/aed-website.trigger-code.com\/wp-content\/uploads\/2023\/03\/3-1024x683-1-654x368.jpg 654w, https:\/\/aed-website.trigger-code.com\/wp-content\/uploads\/2023\/03\/3-1024x683-1-738x416.jpg 738w\" sizes=\"(max-width: 654px) 100vw, 654px\" \/>        \n        \n      <\/div>\n    \n    <div class=\"card__content-wrapper animate__animated animate__delay-default animate__fadeInLeft\">\n      <div class=\"card__inner-blocks inner-blocks\">\n        \n\n<p>AED Vantage siempre vigila el panorama general. Estamos planificando el ciclo de vida completo de un servicio orientado al cliente, desde la definici\u00f3n de los requisitos, a trav\u00e9s del desarrollo de hardware y software, hasta la integraci\u00f3n funcional. Como resultado, creamos un desarrollo de productos eficiente y orientado al cliente, que establece el rumbo para el \u00e9xito futuro.<\/p>\n\n\n\n<p>Con nosotros, los usuarios obtienen un producto final que se adapta perfectamente a sus veh\u00edculos. La mayor\u00eda de los usuarios ni siquiera se dan cuenta de la compleja tecnolog\u00eda de estos sistemas, ya que funcionan en secreto. Para lograr esto, nos adaptamos a las condiciones del marco individual, y nuestro desarrollo se basa en el modelo V cl\u00e1sico o \u00e1gil, seg\u00fan los requisitos. Tambi\u00e9n podemos involucrar a socios competentes si es necesario.<\/p>\n\n      <\/div>\n    <\/div>\n  <\/div>\n<\/div><\/div>\n\n\n\n<div class=\"wp-block-group is-layout-constrained wp-block-group-is-layout-constrained\">\n<h2 class=\"wp-block-heading has-text-align-center has-cerulean-blue-color has-text-color\">Proporcionar soluciones de prueba para todo tipo de tareas de prueba<\/h2>\n\n\n\n<div id=\"cardblock_3cb67f372520ac13dd2933117ede8333\" class=\"block__card -detect-in-viewport\">\n  <div class=\"has-background-color--transparent has-image has-image--left has-image-settings--landscape\">\n\n          <div class=\"card__image-wrapper animate__animated animate__delay-default animate__fadeInLeft\">\n\n                  <img decoding=\"async\" width=\"450\" height=\"300\" src=\"https:\/\/aed-website.trigger-code.com\/wp-content\/uploads\/2023\/03\/2_2-copy.jpg\" class=\"attachment-container_half_16_9 size-container_half_16_9\" alt=\"\" srcset=\"https:\/\/aed-website.trigger-code.com\/wp-content\/uploads\/2023\/03\/2_2-copy.jpg 450w, https:\/\/aed-website.trigger-code.com\/wp-content\/uploads\/2023\/03\/2_2-copy-300x200.jpg 300w\" sizes=\"(max-width: 450px) 100vw, 450px\" \/>        \n        \n      <\/div>\n    \n    <div class=\"card__content-wrapper animate__animated animate__delay-default animate__fadeInRight\">\n      <div class=\"card__inner-blocks inner-blocks\">\n        \n\n<p>AED Vantage es responsable del desarrollo y resuelve sus tareas de prueba: desde el an\u00e1lisis inicial hasta la ejecuci\u00f3n y soporte del Banco de Pruebas, pasando por la gesti\u00f3n de calidad en la fabricaci\u00f3n en serie. Nuestro enfoque est\u00e1 en la calidad y fiabilidad, y nuestra meta es flexible y proactiva.<\/p>\n\n\n\n<p>La validaci\u00f3n y la certificaci\u00f3n son pasos cruciales en el camino hacia una nueva generaci\u00f3n de veh\u00edculos. Esto muestra si un veh\u00edculo, concepto o prototipo cumple con los criterios requeridos y cumple con los requisitos legales.<\/p>\n\n      <\/div>\n    <\/div>\n  <\/div>\n<\/div><\/div>\n\n\n\n<div class=\"wp-block-group is-layout-constrained wp-block-group-is-layout-constrained\">\n<h2 class=\"wp-block-heading has-text-align-center has-cerulean-blue-color has-text-color\">Gesti\u00f3n excepcional de proyectos<\/h2>\n\n\n\n<div id=\"cardblock_e6e97667d00ea2f5597725c7b1b0eb3d\" class=\"block__card -detect-in-viewport\">\n  <div class=\"has-background-color--transparent has-image has-image--right has-image-settings--landscape\">\n\n          <div class=\"card__image-wrapper animate__animated animate__delay-default animate__fadeInRight\">\n\n                  <img decoding=\"async\" width=\"654\" height=\"368\" src=\"https:\/\/aed-website.trigger-code.com\/wp-content\/uploads\/2023\/03\/5-654x368.jpg\" class=\"attachment-container_half_16_9 size-container_half_16_9\" alt=\"\" srcset=\"https:\/\/aed-website.trigger-code.com\/wp-content\/uploads\/2023\/03\/5-654x368.jpg 654w, https:\/\/aed-website.trigger-code.com\/wp-content\/uploads\/2023\/03\/5-738x416.jpg 738w\" sizes=\"(max-width: 654px) 100vw, 654px\" \/>        \n        \n      <\/div>\n    \n    <div class=\"card__content-wrapper animate__animated animate__delay-default animate__fadeInLeft\">\n      <div class=\"card__inner-blocks inner-blocks\">\n        \n\n<p>AED Vantage es especialista con gran experiencia en el desarrollo de software y hardware de automoci\u00f3n. Nuestros gerentes de proyecto est\u00e1n familiarizados con las t\u00e9cnicas de procesos modernas y trabajan todos los d\u00edas para el \u00e9xito de nuestros clientes.<\/p>\n\n\n\n<p>Tambi\u00e9n pueden asumir el papel de un planificador general, gestionando todo el proceso de ingenier\u00eda desde la concepci\u00f3n hasta la implementaci\u00f3n, todo en una sola mano.<\/p>\n\n      <\/div>\n    <\/div>\n  <\/div>\n<\/div><\/div>\n","protected":false},"excerpt":{"rendered":"<p>Software y digitalizaci\u00f3n \u2013Los motores de nuestra movilidad El desarrollo de producto se convierte en desarrollo de sistemas Proporcionar soluciones de prueba para todo tipo de tareas de prueba Gesti\u00f3n excepcional de proyectos<\/p>\n","protected":false},"author":1,"featured_media":0,"parent":0,"menu_order":0,"comment_status":"closed","ping_status":"closed","template":"","meta":{"footnotes":""},"class_list":["post-1633","page","type-page","status-publish","hentry"],"aioseo_notices":[],"acf":[],"_links":{"self":[{"href":"https:\/\/aed-website.trigger-code.com\/es\/wp-json\/wp\/v2\/pages\/1633","targetHints":{"allow":["GET"]}}],"collection":[{"href":"https:\/\/aed-website.trigger-code.com\/es\/wp-json\/wp\/v2\/pages"}],"about":[{"href":"https:\/\/aed-website.trigger-code.com\/es\/wp-json\/wp\/v2\/types\/page"}],"author":[{"embeddable":true,"href":"https:\/\/aed-website.trigger-code.com\/es\/wp-json\/wp\/v2\/users\/1"}],"replies":[{"embeddable":true,"href":"https:\/\/aed-website.trigger-code.com\/es\/wp-json\/wp\/v2\/comments?post=1633"}],"version-history":[{"count":3,"href":"https:\/\/aed-website.trigger-code.com\/es\/wp-json\/wp\/v2\/pages\/1633\/revisions"}],"predecessor-version":[{"id":3659,"href":"https:\/\/aed-website.trigger-code.com\/es\/wp-json\/wp\/v2\/pages\/1633\/revisions\/3659"}],"wp:attachment":[{"href":"https:\/\/aed-website.trigger-code.com\/es\/wp-json\/wp\/v2\/media?parent=1633"}],"curies":[{"name":"wp","href":"https:\/\/api.w.org\/{rel}","templated":true}]}}