{"id":1886,"date":"2023-03-31T16:32:03","date_gmt":"2023-03-31T14:32:03","guid":{"rendered":"http:\/\/aed-website.triggerco.de\/product\/test-stand\/"},"modified":"2023-05-05T12:53:47","modified_gmt":"2023-05-05T10:53:47","slug":"test-stand","status":"publish","type":"product","link":"https:\/\/aed-website.trigger-code.com\/de\/product\/test-stand\/","title":{"rendered":"Pr\u00fcfst\u00e4nde"},"content":{"rendered":"\n<div class=\"wp-block-group is-layout-constrained wp-block-group-is-layout-constrained\">\n<h2 class=\"wp-block-heading has-text-align-center has-cerulean-blue-color has-text-color\">Unsere Pr\u00fcfst\u00e4nde &#8211; Effizient statt aufwendig<\/h2>\n\n\n\n<div id=\"cardblock_80b5f23547d54eb36743f52c0066a87e\" class=\"block__card -detect-in-viewport\">\n  <div class=\"has-background-color--white has-shadow animate__animated animate__fadeInUp animate__delay-default\">\n\n    \n    <div class=\"card__content-wrapper \">\n      <div class=\"card__inner-blocks inner-blocks\">\n        \n\n<p>Durch die stetig steigende Komplexit\u00e4t und Anzahl der Fahrzeugkomponenten steigt heutzutage auch der Anspruch an den Testumfang. Die fr\u00fchzeitige Absicherung Ihrer Produkte sichert Ihnen dabei k\u00fcrzere Entwicklungszeiten und geringere Entwicklungskosten. Durch unsere langj\u00e4hrige Erfahrung und Zusammenarbeit mit verschiedenen Automobilherstellern im Pr\u00fcfstandbau wissen wir genau auf was es ankommt. Bei uns testen Sie mit System.&nbsp;<\/p>\n\n\n\n<p>AED Vantage bietet passgenaue standardisierten Pr\u00fcfstand-L\u00f6sungen zur vollst\u00e4ndig automatisierten oder manuellen Pr\u00fcfung Ihres elektronischen Steuerger\u00e4ts. Auf der bedienerfreundlichen Oberfl\u00e4che unseres Systems stehen Ihnen vielseitige Testoptionen zur Verf\u00fcgung. Neben den vorgefertigten Tests haben Sie zudem individuelle Anpassungsm\u00f6glichkeiten. Die Hardwarearchitektur und die Software werden dabei ma\u00dfgeschneidert auf ihren Testbedarf angepasst. Zudem k\u00f6nnen Sie Ihre Testberichte personalisieren und Ergebnisse z.B. funktional eingruppieren \u2013 das erleichtert Ihnen die Fehleranalyse. So gestalten Sie auch Testabl\u00e4ufe, deren Protokollierung und die Aufbereitung Ihrer Ergebnisse ganz nach Ihren spezifischen Anforderungen<\/p>\n\n\n\n<p><strong>Der Funktionsumfang unserer Testsysteme ist genau auf Sie abgestimmt und unterst\u00fctzt Sie typischerweise&nbsp;durch:<\/strong><\/p>\n\n\n\n<ul class=\"wp-block-list\">\n<li>Funktionale Tests<\/li>\n\n\n\n<li>Helligkeitsmessungen<\/li>\n\n\n\n<li>\u00dcberwachung von Flackern bei Beleuchtungen<\/li>\n\n\n\n<li>Positionsbestimmung beweglicher Module<\/li>\n\n\n\n<li>Stresstests<\/li>\n\n\n\n<li>Langzeiterprobungen<\/li>\n\n\n\n<li>Spannungs- und Kurzschlusstests<\/li>\n\n\n\n<li>Diagnose<\/li>\n\n\n\n<li>Optische \u00dcberwachung (Bilderverarbeitung)<\/li>\n<\/ul>\n\n      <\/div>\n    <\/div>\n  <\/div>\n<\/div><\/div>\n\n\n\n<div class=\"wp-block-group is-layout-constrained wp-block-group-is-layout-constrained\">\n<h2 class=\"wp-block-heading has-text-align-center has-cerulean-blue-color has-text-color\">Unsere Testsysteme in diversen Anwendungsfeldern<\/h2>\n\n\n\n<div class=\"wp-block-group is-layout-constrained wp-block-group-is-layout-constrained\">\n<h3 class=\"wp-block-heading has-text-align-center has-cerulean-blue-color has-text-color\">Das AED Testsystem f\u00fcr Scheinwerfer<\/h3>\n\n\n\n<div id=\"cardblock_a6849fa491082a3150f2b74a18303562\" class=\"block__card -detect-in-viewport\">\n  <div class=\"has-background-color--transparent has-image has-image--right has-image-settings--original has-centered-text\">\n\n          <div class=\"card__image-wrapper animate__animated animate__delay-default animate__fadeInRight\">\n\n                  <img decoding=\"async\" width=\"654\" height=\"368\" src=\"https:\/\/aed-website.trigger-code.com\/wp-content\/uploads\/2023\/03\/test-stand--654x368.png\" class=\"attachment-container_half size-container_half\" alt=\"\" srcset=\"https:\/\/aed-website.trigger-code.com\/wp-content\/uploads\/2023\/03\/test-stand--654x368.png 654w, https:\/\/aed-website.trigger-code.com\/wp-content\/uploads\/2023\/03\/test-stand--300x169.png 300w, https:\/\/aed-website.trigger-code.com\/wp-content\/uploads\/2023\/03\/test-stand--768x432.png 768w, https:\/\/aed-website.trigger-code.com\/wp-content\/uploads\/2023\/03\/test-stand--738x416.png 738w, https:\/\/aed-website.trigger-code.com\/wp-content\/uploads\/2023\/03\/test-stand--500x281.png 500w, https:\/\/aed-website.trigger-code.com\/wp-content\/uploads\/2023\/03\/test-stand--840x472.png 840w, https:\/\/aed-website.trigger-code.com\/wp-content\/uploads\/2023\/03\/test-stand-.png 1000w\" sizes=\"(max-width: 654px) 100vw, 654px\" \/>        \n        \n      <\/div>\n    \n    <div class=\"card__content-wrapper animate__animated animate__delay-default animate__fadeInLeft\">\n      <div class=\"card__inner-blocks inner-blocks\">\n        \n\n<p>Mit unserem Testsystem automatisieren Sie beispielsweise die Tests zur Systemvalidierung Ihrer Scheinwerfer in Elektronik, Mechanik und Lichttechnik. Das Kfz-Scheinwerfersystem simuliert verschiedene Fahrsituationen und nutzt Bildverarbeitung, um die korrekte Funktion des Steuerger\u00e4ts zu validieren. Die Kamera \u00fcberpr\u00fcft dabei in Abh\u00e4ngigkeit der Eingangssignale ob die Lichtverteilungen korrekt wiedergegeben werden. Auf Grund des softwarebasierten Ansatzes kann das System ohne Hardwareumbau auf beliebige Scheinwerfertypen und Heckleuchten angepasst werden.<\/p>\n\n      <\/div>\n    <\/div>\n  <\/div>\n<\/div><\/div>\n<\/div>\n\n\n\n<div class=\"wp-block-group is-layout-constrained wp-block-group-is-layout-constrained\">\n<h3 class=\"wp-block-heading has-text-align-center has-cerulean-blue-color has-text-color\">Das AED Testsystem f\u00fcr Bedienelemente<\/h3>\n\n\n\n<div id=\"cardblock_8f2c422bcba4b985c41348d2de70d259\" class=\"block__card -detect-in-viewport\">\n  <div class=\"has-background-color--transparent has-image has-image--left has-image-settings--original has-centered-text\">\n\n          <div class=\"card__image-wrapper animate__animated animate__delay-default animate__fadeInLeft\">\n\n                  <img decoding=\"async\" width=\"485\" height=\"368\" src=\"https:\/\/aed-website.trigger-code.com\/wp-content\/uploads\/2023\/03\/aed-testsystem-fuer-bedienelemente-485x368.webp\" class=\"attachment-container_half size-container_half\" alt=\"\" srcset=\"https:\/\/aed-website.trigger-code.com\/wp-content\/uploads\/2023\/03\/aed-testsystem-fuer-bedienelemente-485x368.webp 485w, https:\/\/aed-website.trigger-code.com\/wp-content\/uploads\/2023\/03\/aed-testsystem-fuer-bedienelemente-300x228.webp 300w, https:\/\/aed-website.trigger-code.com\/wp-content\/uploads\/2023\/03\/aed-testsystem-fuer-bedienelemente-406x308.webp 406w, https:\/\/aed-website.trigger-code.com\/wp-content\/uploads\/2023\/03\/aed-testsystem-fuer-bedienelemente.webp 523w\" sizes=\"(max-width: 485px) 100vw, 485px\" \/>        \n        \n      <\/div>\n    \n    <div class=\"card__content-wrapper animate__animated animate__delay-default animate__fadeInRight\">\n      <div class=\"card__inner-blocks inner-blocks\">\n        \n\n<p>Eine weitere M\u00f6glichkeit bietet unser Testsystem f\u00fcr Bedienelemente. Verschiedene Tasten und Schalter werden dabei automatisiert bet\u00e4tigt. Anhand des LIN Signals wird schlie\u00dflich die Antwort des Bedienelements ausgewertet und \u00fcberpr\u00fcft. So wird in unserer Applikation ein Fensterheber-Bedienelement vollst\u00e4ndig getestet und abgesichert.<\/p>\n\n      <\/div>\n    <\/div>\n  <\/div>\n<\/div><\/div>\n","protected":false},"excerpt":{"rendered":"<p>Wir bieten Ihnen passgenaue standardisierte  Pr\u00fcfstand-L\u00f6sungen. So gestalten Sie Testabl\u00e4ufe, deren Protokollierung und die Aufbereitung ihrer Ergebnisse nach Ihren spezifischen Anforderungen.<\/p>\n","protected":false},"featured_media":647,"template":"","class_list":["post-1886","product","type-product","status-publish","has-post-thumbnail","hentry"],"aioseo_notices":[],"acf":[],"_links":{"self":[{"href":"https:\/\/aed-website.trigger-code.com\/de\/wp-json\/wp\/v2\/product\/1886","targetHints":{"allow":["GET"]}}],"collection":[{"href":"https:\/\/aed-website.trigger-code.com\/de\/wp-json\/wp\/v2\/product"}],"about":[{"href":"https:\/\/aed-website.trigger-code.com\/de\/wp-json\/wp\/v2\/types\/product"}],"version-history":[{"count":10,"href":"https:\/\/aed-website.trigger-code.com\/de\/wp-json\/wp\/v2\/product\/1886\/revisions"}],"predecessor-version":[{"id":3768,"href":"https:\/\/aed-website.trigger-code.com\/de\/wp-json\/wp\/v2\/product\/1886\/revisions\/3768"}],"wp:featuredmedia":[{"embeddable":true,"href":"https:\/\/aed-website.trigger-code.com\/de\/wp-json\/wp\/v2\/media\/647"}],"wp:attachment":[{"href":"https:\/\/aed-website.trigger-code.com\/de\/wp-json\/wp\/v2\/media?parent=1886"}],"curies":[{"name":"wp","href":"https:\/\/api.w.org\/{rel}","templated":true}]}}