{"id":1880,"date":"2023-03-31T16:32:34","date_gmt":"2023-03-31T14:32:34","guid":{"rendered":"http:\/\/aed-website.triggerco.de\/product\/led-simulator\/"},"modified":"2023-05-05T12:55:00","modified_gmt":"2023-05-05T10:55:00","slug":"led-simulator","status":"publish","type":"product","link":"https:\/\/aed-website.trigger-code.com\/de\/product\/led-simulator\/","title":{"rendered":"LED Simulator"},"content":{"rendered":"\n<h2 class=\"wp-block-heading has-text-align-center has-cerulean-blue-color has-text-color\">LED-Simulator zur Pr\u00fcfung von automotive ECUs<\/h2>\n\n\n\n<div id=\"cardblock_1885c84067b17434365bacf14ec46d40\" class=\"block__card -detect-in-viewport\">\n  <div class=\"has-background-color--white has-shadow animate__animated animate__fadeInUp animate__delay-default\">\n\n    \n    <div class=\"card__content-wrapper \">\n      <div class=\"card__inner-blocks inner-blocks\">\n        \n\n<p>Mit LEDSim, unserem LED-Simulator, lassen sich beliebig viele LED-Kennlinien konfigurieren und an ihrem Steuerger\u00e4t simulieren. Die realen LEDs m\u00fcssen daf\u00fcr nicht vorhanden sein.<\/p>\n\n\n\n<p>Dies hat klare Vorteile, denn im fr\u00fchen Entwicklungsstadium stehen reale LEDs oder Scheinwerfer f\u00fcr den Test der ECU oftmals nicht zur Verf\u00fcgung. Daher \u00fcbernimmt LEDSim von AED Vantage eine wichtige Aufgabe: Das vollumf\u00e4ngliche, reproduzierbare und zuverl\u00e4ssige Testen aller wichtigen Beleuchtungsfunktionen der ECU.<\/p>\n\n\n\n<p>Um individuelle LED-Profile testen zu k\u00f6nnen, haben wir unseren LEDSim mit einem speziellen Konfigurator ausgestattet. Insgesamt k\u00f6nnen Sie mit dem cleveren Ger\u00e4t bspw. folgende Funktionen Ihres Kfz-Steuerger\u00e4ts testen:<\/p>\n\n\n\n<ul class=\"wp-block-list\">\n<li>Openload- und Kurzschluss-Erkennung an den Ausg\u00e4ngen<\/li>\n\n\n\n<li>Funktion der Treiberausg\u00e4nge in verschiedenen Arbeitspunkten einer vorkonfigurierten LED-Kennlinie<\/li>\n\n\n\n<li>Verhalten der Treiberausg\u00e4nge bei niedrigen und hohen Laststr\u00f6men<\/li>\n<\/ul>\n\n\n\n<p>Sie entscheiden selbst: Welche Charakteristik sollen Ihre LEDs haben? Mit dem LEDSim von AED Vantage konfigurieren Sie LED-Charakteristiken nach Ihren eigenen W\u00fcnschen. So k\u00f6nnen Sie Ihr Steuerger\u00e4t individuell testen. LEDSim spiegelt dabei die Kennlinie von realen LEDs fast vollst\u00e4ndig wider.<\/p>\n\n      <\/div>\n    <\/div>\n  <\/div>\n<\/div>\n\n\n<div class=\"wp-block-group is-layout-constrained wp-block-group-is-layout-constrained\">\n<h2 class=\"wp-block-heading has-text-align-center has-cerulean-blue-color has-text-color\">LEDSim: Technische Features<\/h2>\n\n\n\n<div id=\"cardblock_e25b593894ed9c907dbe38172aa5d98f\" class=\"block__card alignfull -detect-in-viewport\">\n  <div class=\"has-background-color--transparent has-image has-image--right has-image--overlapping has-image-settings--\">\n\n          <div class=\"card__image-wrapper animate__animated animate__delay-default animate__fadeInRight\">\n\n                  <img decoding=\"async\" width=\"654\" height=\"350\" src=\"https:\/\/aed-website.trigger-code.com\/wp-content\/uploads\/2023\/03\/LEDWEB-1536x823-2-654x350.jpg\" class=\"attachment-container_half size-container_half\" alt=\"\" srcset=\"https:\/\/aed-website.trigger-code.com\/wp-content\/uploads\/2023\/03\/LEDWEB-1536x823-2-654x350.jpg 654w, https:\/\/aed-website.trigger-code.com\/wp-content\/uploads\/2023\/03\/LEDWEB-1536x823-2-300x161.jpg 300w, https:\/\/aed-website.trigger-code.com\/wp-content\/uploads\/2023\/03\/LEDWEB-1536x823-2-1024x549.jpg 1024w, https:\/\/aed-website.trigger-code.com\/wp-content\/uploads\/2023\/03\/LEDWEB-1536x823-2-768x412.jpg 768w, https:\/\/aed-website.trigger-code.com\/wp-content\/uploads\/2023\/03\/LEDWEB-1536x823-2-500x268.jpg 500w, https:\/\/aed-website.trigger-code.com\/wp-content\/uploads\/2023\/03\/LEDWEB-1536x823-2-840x450.jpg 840w, https:\/\/aed-website.trigger-code.com\/wp-content\/uploads\/2023\/03\/LEDWEB-1536x823-2-1308x701.jpg 1308w, https:\/\/aed-website.trigger-code.com\/wp-content\/uploads\/2023\/03\/LEDWEB-1536x823-2.jpg 1536w\" sizes=\"(max-width: 654px) 100vw, 654px\" \/>        \n        \n      <\/div>\n    \n    <div class=\"card__content-wrapper animate__animated animate__delay-default animate__fadeInLeft\">\n      <div class=\"card__inner-blocks inner-blocks\">\n        \n\n<ul class=\"wp-block-list\">\n<li>2 Kan\u00e4le pro Modul<\/li>\n\n\n\n<li>Max. Spannung: 50 V<\/li>\n\n\n\n<li>Max. Stromst\u00e4rke: 5 A<\/li>\n\n\n\n<li>Gepulste Lasten bis zu 600 Hz<\/li>\n\n\n\n<li>Max. Leistung pro Modul: 60 W, bis zu 35 W pro Kanal<\/li>\n\n\n\n<li>Galvanisch isolierte Kan\u00e4le<\/li>\n\n\n\n<li>Bis zu 16 Kan\u00e4le in einem Geh\u00e4use (19\u2033 und 3 HE)<\/li>\n<\/ul>\n\n      <\/div>\n    <\/div>\n  <\/div>\n<\/div><\/div>\n","protected":false},"excerpt":{"rendered":"<p>F\u00fcr vollumf\u00e4ngliche, reproduzierbare und  zuverl\u00e4ssige Tests aller wichtigen Beleuchtungsfunktionen Ihrer ECU.<\/p>\n","protected":false},"featured_media":597,"template":"","class_list":["post-1880","product","type-product","status-publish","has-post-thumbnail","hentry"],"aioseo_notices":[],"acf":[],"_links":{"self":[{"href":"https:\/\/aed-website.trigger-code.com\/de\/wp-json\/wp\/v2\/product\/1880","targetHints":{"allow":["GET"]}}],"collection":[{"href":"https:\/\/aed-website.trigger-code.com\/de\/wp-json\/wp\/v2\/product"}],"about":[{"href":"https:\/\/aed-website.trigger-code.com\/de\/wp-json\/wp\/v2\/types\/product"}],"version-history":[{"count":4,"href":"https:\/\/aed-website.trigger-code.com\/de\/wp-json\/wp\/v2\/product\/1880\/revisions"}],"predecessor-version":[{"id":3772,"href":"https:\/\/aed-website.trigger-code.com\/de\/wp-json\/wp\/v2\/product\/1880\/revisions\/3772"}],"wp:featuredmedia":[{"embeddable":true,"href":"https:\/\/aed-website.trigger-code.com\/de\/wp-json\/wp\/v2\/media\/597"}],"wp:attachment":[{"href":"https:\/\/aed-website.trigger-code.com\/de\/wp-json\/wp\/v2\/media?parent=1880"}],"curies":[{"name":"wp","href":"https:\/\/api.w.org\/{rel}","templated":true}]}}