{"id":2889,"date":"2023-04-28T11:16:38","date_gmt":"2023-04-28T09:16:38","guid":{"rendered":"http:\/\/aed-website.triggerco.de\/?page_id=2889"},"modified":"2023-04-28T11:19:27","modified_gmt":"2023-04-28T09:19:27","slug":"datenschutz","status":"publish","type":"page","link":"https:\/\/aed-website.trigger-code.com\/de\/datenschutz\/","title":{"rendered":"Datenschutz"},"content":{"rendered":"\n<div id=\"keyvisualblock_40b13db1354be8df0be239537829006e\" class=\"block__keyvisual -detect-in-viewport alignfull\" data-controller=\"keyvisual\">\n\n    <div class=\"keyvisual__background \">\n                                <\/div>\n\n    \n    <div class=\"keyvisual__wrapper\">\n        <div class=\"keyvisual__content__wrapper container\">\n            <div class=\"keyvisual__content inner-blocks\">\n                                    \n\n<h1 class=\"wp-block-heading\">Datenschutz<\/h1>\n\n                            <\/div>\n        <\/div>\n    <\/div>\n    \n<\/div>\n\n    <div class=\"breadcrumbs container alignwide\">\n        <div class=\"aioseo-breadcrumbs\"><span class=\"aioseo-breadcrumb\">\n\t\t\tHome\n\t\t<\/span><\/div><\/div>\n\n\n\n<h2 class=\"wp-block-heading\">Webseiten Datenschutzerkl\u00e4rung und zugleich Information der Betroffenen gem\u00e4\u00df Artikel 13 und Artikel 14 EU Datenschutzgrundverordnung<\/h2>\n\n\n\n<p><strong>Allgemeine Angaben<\/strong><br>Angaben zur verantwortlichen Stelle:<\/p>\n\n\n\n<p>AED Vantage GmbH (bislang AED Engineering GmbH)<br>Gesch\u00e4ftsf\u00fchrer: Carlos Urquizar<br>Taunusstr. 51<br>80807 M\u00fcnchen<br>Deutschland<br>Tel.: 089 159848480<br>E-Mail: info@aed-vantage.com<br>Website:&nbsp;<a href=\"https:\/\/www.aed-vantage.com\/\" target=\"_blank\" rel=\"noreferrer noopener\">www.aed-vantage.com<\/a><\/p>\n\n\n\n<p><strong>Kontakt des Datenschutzbeauftragten:<\/strong><br>IITR Datenschutz GmbH, Dr. Sebastian Kraska, Marienplatz 2, 80331 M\u00fcnchen, email@iitr.de<\/p>\n\n\n\n<p><strong>Betroffene Daten:<\/strong><br>Personenbezogene Daten werden nur erhoben, wenn Sie uns diese von sich aus mitteilen. Dar\u00fcber hinaus werden keine personenbezogenen Daten erhoben. Eine \u00fcber die Reichweite der gesetzlichen Erlaubnistatbest\u00e4nde hinausgehende Verarbeitung Ihrer personenbezogenen Daten erfolgt nur auf Grundlage Ihrer ausdr\u00fccklichen Einwilligung.<\/p>\n\n\n\n<p><strong>Verarbeitungszweck:<\/strong><\/p>\n\n\n\n<p>Vertragsdurchf\u00fchrung.<\/p>\n\n\n\n<p><strong>Kategorien von Empf\u00e4ngern:<\/strong><\/p>\n\n\n\n<p>\u00d6ffentliche Stellen bei Vorliegen vorrangiger Rechtsvorschriften.<br>Externe Dienstleister oder sonstige Auftragnehmer.<br>Weitere externe Stellen soweit der Betroffene seine Einwilligung erteilt hat oder eine \u00dcbermittlung aus \u00fcberwiegendem Interesse zul\u00e4ssig ist.<\/p>\n\n\n\n<p><strong>Drittlandtransfers:<\/strong><\/p>\n\n\n\n<p>Im Rahmen der Vertragsdurchf\u00fchrung k\u00f6nnen auch Auftragsverarbeiter au\u00dferhalb der Europ\u00e4ischen Union zum Einsatz kommen.<\/p>\n\n\n\n<p><strong>Dauer Datenspeicherung:<\/strong><\/p>\n\n\n\n<p>Die Dauer der Datenspeicherung richtet sich nach den gesetzlichen Aufbewahrungspflichten und betr\u00e4gt in der Regel 10 Jahre.<\/p>\n\n\n\n<h3 class=\"wp-block-heading\">Spezifische Angaben zur Webseite<\/h3>\n\n\n\n<p><strong>Nutzungsdaten<\/strong><br>Wenn Sie unsere Webseiten aufrufen, \u00fcbermitteln Sie (aus technischer Notwendigkeit) \u00fcber Ihren Internetbrowser Daten an unseren Webserver. Folgende Daten werden w\u00e4hrend einer laufenden Verbindung zur Kommunikation zwischen Ihrem Internetbrowser und unserem Webserver aufgezeichnet:<br><br><\/p>\n\n\n\n<ul class=\"wp-block-list\">\n<li>Datum und Uhrzeit der Anforderung<\/li>\n\n\n\n<li>Name der angeforderten Datei<\/li>\n\n\n\n<li>Seite, von der aus der Datei angefordert wurde<\/li>\n\n\n\n<li>Zugriffsstatus (Datei \u00fcbertragen, Datei nicht gefunden, etc.)<\/li>\n\n\n\n<li>Webbrowser und verwendetes Betriebssystem<br>vollst\u00e4ndige<\/li>\n\n\n\n<li>IP-Adresse des anfordernden<\/li>\n\n\n\n<li>Rechners<br>\u00fcbertragene Datenmenge.<\/li>\n<\/ul>\n\n\n\n<p>Aus Gr\u00fcnden der technischen Sicherheit, insbesondere zur Abwehr von Angriffsversuchen auf unseren Webserver, werden diese Daten von uns kurzzeitig gespeichert. Ein R\u00fcckschluss auf einzelne Personen ist uns anhand dieser Daten nicht m\u00f6glich. Die Daten werden sp\u00e4ter durch Verk\u00fcrzung der IP-Adresse auf Domain-Ebene anonymisiert, so dass es nicht mehr m\u00f6glich ist, einen Bezug zum einzelnen Nutzer herzustellen. In anonymisierter Form werden die Daten daneben zu statistischen Zwecken verarbeitet; ein Abgleich mit anderen Datenbest\u00e4nden oder eine Weitergabe an Dritte, auch in Ausz\u00fcgen, findet nicht statt.<\/p>\n\n\n\n<p><strong>Unsere Website verwendet zwei verschiedene Arten von Cookies.<\/strong><\/p>\n\n\n\n<p>1. Notwendige, f\u00fcr die Nutzung der Website erforderliche Cookies<br>Diese anonymen Cookies sind f\u00fcr die Benutzung der Website erforderlich. Wenn Sie diese Cookies deaktivieren, kann es zur funktionalen Einschr\u00e4nkung bei der Nutzung der Website kommen.<\/p>\n\n\n\n<p>2. Analyse Cookies (Google Maps)<br>Auf unserer Webseite nutzen wir das Angebot von Google Maps. Wir erm\u00f6glichen Ihnen die komfortable Nutzung der Karten-Funktion nur, wenn Sie uns vorab Ihre Einwilligung gem. Art. 6 Abs. 1 lit a DSGVO gegeben haben. Demzufolge erh\u00e4lt Google die Information, dass Sie die entsprechende Unterseite unserer Website aufgerufen haben. Google Maps wird von Google LLC, 1600 Amphitheatre Parkway, Mountain View, CA 94043, USA betrieben. Durch die Nutzung von Google Maps k\u00f6nnen Informationen \u00fcber Ihre Benutzung dieser Webseite (einschlie\u00dflich Ihrer IP-Adresse) an einen Server von Google in den USA \u00fcbertragen und dort gespeichert werden. Google wird die durch Maps gewonnenen Informationen gegebenenfalls an Dritte \u00fcbertragen, sofern dies gesetzlich vorgeschrieben ist oder soweit Dritte diese Daten im Auftrag von Google verarbeiten. Es w\u00e4re technisch m\u00f6glich, dass Google aufgrund der erhaltenen Daten eine Identifizierung zumindest einzelner Nutzenden vornehmen k\u00f6nnte. Es w\u00e4re zudem m\u00f6glich, dass personenbezogene Daten und Pers\u00f6nlichkeitsprofile von Nutzern der Webseite von Google f\u00fcr andere Zwecke verarbeitet werden k\u00f6nnten, auf welche wir keinen Einfluss haben und haben k\u00f6nnen. Google ist zertifiziert unter dem EU-US-Privacy Shield. Ein aktuelles Zertifikat kann unter\u00a0<a href=\"https:\/\/www.privacyshield.gov\/list\" target=\"_blank\" rel=\"noreferrer noopener\">https:\/\/www.privacyshield.gov\/list<\/a>\u00a0eingesehen werden. Aufgrund dieses Abkommens zwischen den USA und der Europ\u00e4ischen Kommission hat letztere f\u00fcr unter dem Privacy Shield zertifizierte Unternehmen ein angemessenes Datenschutzniveau festges-tellt. Die Google-Datenschutzerkl\u00e4rung &amp; zus\u00e4tzlichen Nutzungsbedingungen f\u00fcr Google Maps finden Sie unter\u00a0<a href=\"https:\/\/policies.google.com\/privacy?hl=de\" target=\"_blank\" rel=\"noreferrer noopener\">https:\/\/policies.google.com\/privacy?hl=de<\/a>.\u201c<\/p>\n\n\n\n<h3 class=\"wp-block-heading\">Angaben zu weiteren Datenverarbeitungsverfahren<\/h3>\n\n\n\n<div id=\"spacerblock_7f6e0c251ec7f8b42d5d2bb1e988b449\" class=\"block__spacer -detect-in-viewport block__spacer--small\"><\/div>\n\n\n<h4 class=\"wp-block-heading\">Spezifische Angaben zum Bewerbungsverfahren<\/h4>\n\n\n\n<p><strong>Betroffene Daten:<\/strong><\/p>\n\n\n\n<p>Bewerbungsangaben.<\/p>\n\n\n\n<p><strong>Verarbeitungszweck:<\/strong><\/p>\n\n\n\n<p>Durchf\u00fchrung Bewerbungsverfahren.<\/p>\n\n\n\n<p><strong>Kategorien von Empf\u00e4ngern:<\/strong><\/p>\n\n\n\n<p>\u00d6ffentliche Stellen bei Vorliegen vorrangiger Rechtsvorschriften.<br>Externe Dienstleister oder sonstige Auftragnehmer.<br>Weitere externe Stellen soweit der Betroffene seine Einwilligung erteilt hat oder eine \u00dcbermittlung aus \u00fcberwiegendem Interesse zul\u00e4ssig ist.<\/p>\n\n\n\n<p><strong>Drittlandtransfers:<\/strong><\/p>\n\n\n\n<p>Es werden keine Auftragsverarbeiter au\u00dferhalb der Europ\u00e4ischen Union eingesetzt.<\/p>\n\n\n\n<p><strong>Dauer Datenspeicherung:<\/strong><\/p>\n\n\n\n<p>Bewerbungsdaten werden nach Mitteilung der Entscheidung in der Regel binnen vier Monaten gel\u00f6scht, soweit nicht eine Einwilligung in eine l\u00e4ngere Datenspeicherung im Rahme der Aufnahme in den Bewerberpool vorliegt.<\/p>\n\n\n\n<h3 class=\"wp-block-heading\">Spezifische Angaben zur Verarbeitung von Kundendaten\/Interessentendaten<\/h3>\n\n\n\n<p><strong>Betroffene Daten:<\/strong><\/p>\n\n\n\n<p>Zur Vertragsdurchf\u00fchrung mitgeteilte Daten; ggfs. dar\u00fcber hinaus gehende Daten zur Verarbeitung auf Basis Ihrer ausdr\u00fccklichen Einwilligung.<\/p>\n\n\n\n<p><strong>Verarbeitungszweck:<\/strong><\/p>\n\n\n\n<p>Vertragsdurchf\u00fchrung, u.a. Angebote, Auftr\u00e4ge, Verkauf und Rechnungsstellung, Qualit\u00e4tssicherung.<\/p>\n\n\n\n<p><strong>Kategorien von Empf\u00e4ngern:<\/strong><\/p>\n\n\n\n<p>\u00d6ffentliche Stellen bei Vorliegen vorrangiger Rechtsvorschriften.<br>Externe Dienstleister oder sonstige Auftragnehmer, u.a. zur Datenverarbeitung und Hosting, f\u00fcr Versand, Transport und Logistik, Dienstleister zum Druck und Versand von Informationen und Call Center.<br>Weitere externe Stellen soweit der Betroffene seine Einwilligung erteilt hat oder eine \u00dcbermittlung aus \u00fcberwiegendem Interesse zul\u00e4ssig ist.<\/p>\n\n\n\n<p><strong>Drittlandtransfers:<\/strong><\/p>\n\n\n\n<p>Es werden keine Auftragsverarbeiter au\u00dferhalb der Europ\u00e4ischen Union eingesetzt.<\/p>\n\n\n\n<p><strong>Dauer Datenspeicherung:<\/strong><\/p>\n\n\n\n<p>Die Dauer der Datenspeicherung richtet sich nach den gesetzlichen Aufbewahrungspflichten und betr\u00e4gt in der Regel 10 Jahre.<\/p>\n\n\n\n<h3 class=\"wp-block-heading\">Spezifische Angaben zur Verarbeitung von Lieferantendaten<\/h3>\n\n\n\n<p><strong>Betroffene Daten:<\/strong><\/p>\n\n\n\n<p>Zur Vertragsdurchf\u00fchrung mitgeteilte Daten; ggfs. dar\u00fcber hinaus gehende Daten zur Verarbeitung auf Basis Ihrer ausdr\u00fccklichen Einwilligung.<\/p>\n\n\n\n<p><strong>Verarbeitungszweck:<\/strong><\/p>\n\n\n\n<p>Vertragsdurchf\u00fchrung, u.a. Anfragen, Einkauf, Qualit\u00e4tssicherung.<\/p>\n\n\n\n<p>Kategorien von Empf\u00e4ngern:<\/p>\n\n\n\n<p>\u00d6ffentliche Stellen bei Vorliegen vorrangiger Rechtsvorschriften.<br>Externe Dienstleister oder sonstige Auftragnehmer, u.a. zur Datenverarbeitung und Hosting, Buchhaltung, Zahlungsabwicklung.<br>Weitere externe Stellen soweit der Betroffene seine Einwilligung erteilt hat oder eine \u00dcbermittlung aus \u00fcberwiegen-dem Interesse zul\u00e4ssig ist.<\/p>\n\n\n\n<p><strong>Drittlandtransfers:<\/strong><\/p>\n\n\n\n<p>Es werden keine Auftragsverarbeiter au\u00dferhalb der Europ\u00e4ischen Union eingesetzt.<\/p>\n\n\n\n<p><strong>Dauer Datenspeicherung:<\/strong><\/p>\n\n\n\n<p>Die Dauer der Datenspeicherung richtet sich nach den gesetzlichen Aufbewahrungspflichten und betr\u00e4gt in der Regel 10 Jahre.<\/p>\n\n\n\n<h3 class=\"wp-block-heading\">Spezifische Angaben zur Verarbeitung von Besch\u00e4ftigtendaten<\/h3>\n\n\n\n<p><strong>Betroffene Daten:<\/strong><\/p>\n\n\n\n<p>Zur Vertragsdurchf\u00fchrung mitgeteilte Daten; ggfs. dar\u00fcber hinaus gehende Daten zur Verarbeitung auf Basis Ihrer ausdr\u00fccklichen Einwilligung.<\/p>\n\n\n\n<p><strong>Verarbeitungszweck:<\/strong><\/p>\n\n\n\n<p>Vertragsdurchf\u00fchrung im Rahmen des Besch\u00e4ftigungsverh\u00e4ltnisses<\/p>\n\n\n\n<p><strong>Kategorien von Empf\u00e4ngern:<\/strong><\/p>\n\n\n\n<p>\u00d6ffentliche Stellen bei Vorliegen vorrangiger Rechtsvorschriften, u.a. Finanzamt, Sozialversicherungstr\u00e4ger.<br>Externe Dienstleister oder sonstige Auftragnehmer, u.a. zur Datenverarbeitung und Hosting, zur Entgeltabrechnung, zur Reisekostenabrechnung, zu Versicherungsleistungen.<br>Weitere externe Stellen soweit der Betroffene seine Einwilligung erteilt hat oder eine \u00dcbermittlung aus \u00fcberwiegendem Interesse zul\u00e4ssig ist.<\/p>\n\n\n\n<p><strong>Drittlandtransfers:<\/strong><\/p>\n\n\n\n<p>Es werden keine Auftragsverarbeiter au\u00dferhalb der Europ\u00e4ischen Union eingesetzt.<\/p>\n\n\n\n<p><strong>Dauer Datenspeicherung:<\/strong><\/p>\n\n\n\n<p>Die Dauer der Datenspeicherung richtet sich nach den gesetzlichen Aufbewahrungspflichten und betr\u00e4gt in der Regel 10 Jahre.<\/p>\n\n\n\n<h3 class=\"wp-block-heading\">Weitere Informationen und Kontakte<\/h3>\n\n\n\n<p>Dar\u00fcber hinaus k\u00f6nnen Sie jederzeit Ihre Anspr\u00fcche auf Auskunft, Berichtigung oder L\u00f6schung oder auf Einschr\u00e4nkung der Verarbeitung oder der Wahrnehmung Ihres Widerspruchsrechts gegen die Verarbeitung sowie das Recht auf Daten\u00fcbertragbarkeit geltend machen.<br><br><br>Sie haben ferner das Recht, sich bei Beschwerden an die Datenschutz-Aufsichtsbeh\u00f6rde zu wenden.<\/p>\n\n\n\n<h3 class=\"wp-block-heading\">Zust\u00e4ndige Landesdatenschutzbeh\u00f6rde:<\/h3>\n\n\n\n<p>Bayerisches Landesamt f\u00fcr Datenschutzaufsicht (BayLDA) Promenade 18<br>91522 Ansbach<br>Telefon: +49 (0) 981 180093-0<br>Telefax: +49 (0) 981 180093-800<\/p>\n","protected":false},"excerpt":{"rendered":"<p>Webseiten Datenschutzerkl\u00e4rung und zugleich Information der Betroffenen gem\u00e4\u00df Artikel 13 und Artikel 14 EU Datenschutzgrundverordnung Allgemeine AngabenAngaben zur verantwortlichen Stelle: AED Vantage GmbH (bislang AED Engineering GmbH)Gesch\u00e4ftsf\u00fchrer: Carlos UrquizarTaunusstr. 5180807 M\u00fcnchenDeutschlandTel.: 089 159848480E-Mail: info@aed-vantage.comWebsite:&nbsp;www.aed-vantage.com Kontakt des Datenschutzbeauftragten:IITR Datenschutz GmbH, Dr. Sebastian Kraska, Marienplatz 2, 80331 M\u00fcnchen, email@iitr.de Betroffene Daten:Personenbezogene Daten werden nur erhoben, wenn Sie [&hellip;]<\/p>\n","protected":false},"author":1,"featured_media":0,"parent":0,"menu_order":0,"comment_status":"closed","ping_status":"closed","template":"","meta":{"footnotes":""},"class_list":["post-2889","page","type-page","status-publish","hentry"],"aioseo_notices":[],"acf":[],"_links":{"self":[{"href":"https:\/\/aed-website.trigger-code.com\/de\/wp-json\/wp\/v2\/pages\/2889","targetHints":{"allow":["GET"]}}],"collection":[{"href":"https:\/\/aed-website.trigger-code.com\/de\/wp-json\/wp\/v2\/pages"}],"about":[{"href":"https:\/\/aed-website.trigger-code.com\/de\/wp-json\/wp\/v2\/types\/page"}],"author":[{"embeddable":true,"href":"https:\/\/aed-website.trigger-code.com\/de\/wp-json\/wp\/v2\/users\/1"}],"replies":[{"embeddable":true,"href":"https:\/\/aed-website.trigger-code.com\/de\/wp-json\/wp\/v2\/comments?post=2889"}],"version-history":[{"count":8,"href":"https:\/\/aed-website.trigger-code.com\/de\/wp-json\/wp\/v2\/pages\/2889\/revisions"}],"predecessor-version":[{"id":2899,"href":"https:\/\/aed-website.trigger-code.com\/de\/wp-json\/wp\/v2\/pages\/2889\/revisions\/2899"}],"wp:attachment":[{"href":"https:\/\/aed-website.trigger-code.com\/de\/wp-json\/wp\/v2\/media?parent=2889"}],"curies":[{"name":"wp","href":"https:\/\/api.w.org\/{rel}","templated":true}]}}