{"id":1704,"date":"2023-03-31T16:26:06","date_gmt":"2023-03-31T14:26:06","guid":{"rendered":"http:\/\/aed-website.triggerco.de\/production-services\/"},"modified":"2024-03-05T16:44:25","modified_gmt":"2024-03-05T15:44:25","slug":"production-services","status":"publish","type":"page","link":"https:\/\/aed-website.trigger-code.com\/de\/production-services\/","title":{"rendered":"Auftragsfertigung"},"content":{"rendered":"\n<div id=\"keyvisualblock_1d142459504d773b81833287f2c93d2f\" class=\"block__keyvisual -detect-in-viewport alignfull\" data-controller=\"keyvisual\">\n\n    <div class=\"keyvisual__background keyvisual__background--video\">\n                    \n                <video src=\"https:\/\/aed-website.trigger-code.com\/wp-content\/uploads\/2023\/03\/AED_Final_low-1.mp4\" autoplay loop muted><\/video>\n                        <\/div>\n\n            <div class=\"keyvisual__overlay\"><\/div>\n    \n    <div class=\"keyvisual__wrapper\">\n        <div class=\"keyvisual__content__wrapper container\">\n            <div class=\"keyvisual__content inner-blocks\">\n                                                            \n\n<h1 class=\"wp-block-heading\">Auftragsfertigung<\/h1>\n\n\n\n<h3 class=\"wp-block-heading\">Vom Prototypen bis zur Serienfertigung<\/h3>\n\n                                                <\/div>\n        <\/div>\n    <\/div>\n    \n<\/div>\n\n    <div class=\"breadcrumbs container alignwide\">\n        <div class=\"aioseo-breadcrumbs\"><span class=\"aioseo-breadcrumb\">\n\t\t\tHome\n\t\t<\/span><\/div><\/div>\n\n\n\n<div class=\"wp-block-group is-layout-constrained wp-block-group-is-layout-constrained\"><div class=\"wp-bootstrap-blocks-row row\">\n\t\n\n<div class=\"col-12 col-md-6\">\n\t\t\t\n\n<h2 class=\"wp-block-heading has-cerulean-blue-color has-text-color\">Ihr Partner f\u00fcr ma\u00dfgeschneiderte Elektronikfertigung<\/h2>\n\n\t<\/div>\n\n\n\n<div class=\"col-12 col-md-6\">\n\t\t\t\n\n<p>Viele Jahre enger Zusammenarbeit bei AED Vantage haben unser Verst\u00e4ndnis f\u00fcr die unterschiedlichen Anforderungen an die Fertigung eines Produktes gesch\u00e4rft.<\/p>\n\n\n\n<p>Wir begegnen dem herausfordernden Neuen eines Prototypen mit kreativer Flexibilit\u00e4t und optimieren Serien stetig. Gerne k\u00fcmmern wir uns um die Best\u00fcckung Ihres ersten Schaltungsentwurfes oder nehmen Ihnen die komplette Fertigung eines Serienproduktes ab.<\/p>\n\n\n\n<p>Unsere moderne Infrastruktur ist optimiert f\u00fcr schnelle Produktwechsel und so freuen wir uns auch auf Ihre spontansten Herausforderungen.<\/p>\n\n\t<\/div>\n\n<\/div>\n<\/div>\n\n\n\n<div class=\"wp-block-group has-platinum-grey-background-color has-background is-layout-constrained wp-block-group-is-layout-constrained\"><div class=\"wp-bootstrap-blocks-container container mb-2\">\n\t\n\n<h2 class=\"wp-block-heading has-text-align-center has-cerulean-blue-color has-text-color\">Leiterplattenbest\u00fcckung: schnell und makellos ab dem ersten St\u00fcck!<\/h2>\n\n\n<div class=\"wp-bootstrap-blocks-row row\">\n\t\n\n<div class=\"col-12 col-md-6 order-md-2\">\n\t\t\t\n\n<div id=\"animationblock_fc0dcb23ee73a1203a6b83c96d8a5159\" class=\"block__animation -detect-in-viewport\">\n  <div class=\"animation__inner-blocks inner-blocks animate__animated animate__fadeInLeft animate__delay-default\">\n    \n\n<p>Schablonenloses Jetprinting der Lotpaste, digital \u00fcberwachtes, fehlerfreies R\u00fcsten sowie \u00fcberhitzungs- und prozesssicheres Dampfphasenl\u00f6ten machen aus jedem Erstmuster ein makelloses Exemplar. So sind wir schnell, zuverl\u00e4ssig und kosteng\u00fcnstig!<\/p>\n\n\n\n<p><strong>Unsere Linie und Leistungen im \u00dcberblick:<\/strong><\/p>\n\n\n\n<ul class=\"wp-block-list\">\n<li>Jetprinting statt Schablonendruck\n<ul class=\"wp-block-list\">\n<li>Keine Kosten \/ Lieferzeiten f\u00fcr Schablonen<\/li>\n\n\n\n<li>Pastenoptimierung per Software vor und w\u00e4hrend der Produktion ohne notwendiges Redesign einer Schablone.<\/li>\n<\/ul>\n<\/li>\n\n\n\n<li>Dampfphasenl\u00f6ten\n<ul class=\"wp-block-list\">\n<li>Prozesssicherheit ab dem ersten PCBA.<\/li>\n\n\n\n<li>Zuverl\u00e4ssige Ergebnisse auch bei sehr unterschiedlichen Bauteilmassen.<\/li>\n\n\n\n<li>Geringer Resssourcenverbrauch.<\/li>\n<\/ul>\n<\/li>\n\n\n\n<li>Halbautomatische, optische Inspektion jeder Leiterplatte.\n<ul class=\"wp-block-list\">\n<li>Keine Kosten \/ Vorlaufzeiten f\u00fcr AOI-Programmerstellung.<\/li>\n\n\n\n<li>Zuverl\u00e4ssige Fehlererkennung.<\/li>\n<\/ul>\n<\/li>\n\n\n\n<li>Hochqualitative Fertigung gem\u00e4\u00df IPC-A-610 class 3.<\/li>\n\n\n\n<li>ESD-gesch\u00fctzte Umgebung.<\/li>\n\n\n\n<li>Breites Spektrum m\u00f6glicher Bauteile:\n\n\n\n\n\n\n\n\n\n\n<ul class=\"wp-block-list\">\n<li>Geringster Footprint:<br>0201 Chipkomponenten<br>0.4 mm Raster<\/li>\n<\/ul>\n\n\n\n<ul class=\"wp-block-list\">\n<li>Gr\u00f6\u00dfter Footprint: <br>140mm L\u00e4nge x 73mm Breite x 15mm H\u00f6he f\u00fcr Mengen bis zu 5 Bauteile pro Leiterplatte<br>28 mm diagonale Grundfl\u00e4che x 5,6mm H\u00f6he f\u00fcr alle anderen Komponenten<\/li>\n<\/ul>\n<\/li>\n\n\n\n<li>Schnelle Auftragsabwicklung: 10 AT Standard, 5 AT Express.<\/li>\n\n\n\n<li>Einfaches, attraktives Preismodell: <a href=\"https:\/\/www.aed-vantage.com\/wp-content\/uploads\/2022\/05\/2.-Pricelist_Production_20220421_EN.pdf\" target=\"_blank\" rel=\"noopener\" title=\"\">Mehr Informationen<\/a><\/li>\n<\/ul>\n\n  <\/div>\n\n<\/div>\n\t<\/div>\n\n\n\n<div class=\"col-12 col-md-6 order-md-1\">\n\t\t\t\n\n<div id=\"animationblock_af8371ebcd5a8615c3d8b192e6619a4a\" class=\"block__animation -detect-in-viewport\">\n  <div class=\"animation__inner-blocks inner-blocks animate__animated animate__fadeInRight animate__delay-default\">\n    \n\n<figure class=\"wp-block-image size-large\"><img decoding=\"async\" width=\"1024\" height=\"672\" src=\"https:\/\/aed-website.trigger-code.com\/wp-content\/uploads\/2023\/04\/WMW_6021-copy-1024x672.webp\" alt=\"\" class=\"wp-image-2667\" srcset=\"https:\/\/aed-website.trigger-code.com\/wp-content\/uploads\/2023\/04\/WMW_6021-copy-1024x672.webp 1024w, https:\/\/aed-website.trigger-code.com\/wp-content\/uploads\/2023\/04\/WMW_6021-copy-300x197.webp 300w, https:\/\/aed-website.trigger-code.com\/wp-content\/uploads\/2023\/04\/WMW_6021-copy-768x504.webp 768w, https:\/\/aed-website.trigger-code.com\/wp-content\/uploads\/2023\/04\/WMW_6021-copy-469x308.webp 469w, https:\/\/aed-website.trigger-code.com\/wp-content\/uploads\/2023\/04\/WMW_6021-copy-840x552.webp 840w, https:\/\/aed-website.trigger-code.com\/wp-content\/uploads\/2023\/04\/WMW_6021-copy-1121x736.webp 1121w, https:\/\/aed-website.trigger-code.com\/wp-content\/uploads\/2023\/04\/WMW_6021-copy-560x368.webp 560w, https:\/\/aed-website.trigger-code.com\/wp-content\/uploads\/2023\/04\/WMW_6021-copy.webp 1500w\" sizes=\"(max-width: 1024px) 100vw, 1024px\" \/><\/figure>\n\n\n\n<figure class=\"wp-block-image size-large is-resized\"><img decoding=\"async\" src=\"https:\/\/aed-website.trigger-code.com\/wp-content\/uploads\/2023\/03\/WMW_6141-copy-1024x682.jpg\" alt=\"\" class=\"wp-image-387\" width=\"615\" height=\"409\" srcset=\"https:\/\/aed-website.trigger-code.com\/wp-content\/uploads\/2023\/03\/WMW_6141-copy-1024x682.jpg 1024w, https:\/\/aed-website.trigger-code.com\/wp-content\/uploads\/2023\/03\/WMW_6141-copy-300x200.jpg 300w, https:\/\/aed-website.trigger-code.com\/wp-content\/uploads\/2023\/03\/WMW_6141-copy-768x511.jpg 768w, https:\/\/aed-website.trigger-code.com\/wp-content\/uploads\/2023\/03\/WMW_6141-copy-462x308.jpg 462w, https:\/\/aed-website.trigger-code.com\/wp-content\/uploads\/2023\/03\/WMW_6141-copy-840x559.jpg 840w, https:\/\/aed-website.trigger-code.com\/wp-content\/uploads\/2023\/03\/WMW_6141-copy-1105x736.jpg 1105w, https:\/\/aed-website.trigger-code.com\/wp-content\/uploads\/2023\/03\/WMW_6141-copy-553x368.jpg 553w, https:\/\/aed-website.trigger-code.com\/wp-content\/uploads\/2023\/03\/WMW_6141-copy.jpg 1500w\" sizes=\"(max-width: 615px) 100vw, 615px\" \/><\/figure>\n\n  <\/div>\n\n<\/div>\n\t<\/div>\n\n<\/div>\n\n<\/div>\n<\/div>\n\n\n\n<div class=\"wp-block-group is-layout-constrained wp-block-group-is-layout-constrained\">\n<h2 class=\"wp-block-heading has-text-align-center has-cerulean-blue-color has-text-color\">Montage, Inbetriebnahme und Test<\/h2>\n\n\n\n<div id=\"cardblock_4e0486c1afc14a38850c389ed523a735\" class=\"block__card alignfull -detect-in-viewport\">\n  <div class=\"has-background-color--transparent has-image has-image--left has-image-settings--original\">\n\n          <div class=\"card__image-wrapper animate__animated animate__delay-default animate__fadeInLeft\">\n\n                  <img decoding=\"async\" width=\"565\" height=\"368\" src=\"https:\/\/aed-website.trigger-code.com\/wp-content\/uploads\/2023\/04\/Picture-2-565x368.webp\" class=\"attachment-container_half size-container_half\" alt=\"\" srcset=\"https:\/\/aed-website.trigger-code.com\/wp-content\/uploads\/2023\/04\/Picture-2-565x368.webp 565w, https:\/\/aed-website.trigger-code.com\/wp-content\/uploads\/2023\/04\/Picture-2-300x195.webp 300w, https:\/\/aed-website.trigger-code.com\/wp-content\/uploads\/2023\/04\/Picture-2-1024x667.webp 1024w, https:\/\/aed-website.trigger-code.com\/wp-content\/uploads\/2023\/04\/Picture-2-768x500.webp 768w, https:\/\/aed-website.trigger-code.com\/wp-content\/uploads\/2023\/04\/Picture-2-1536x1000.webp 1536w, https:\/\/aed-website.trigger-code.com\/wp-content\/uploads\/2023\/04\/Picture-2-473x308.webp 473w, https:\/\/aed-website.trigger-code.com\/wp-content\/uploads\/2023\/04\/Picture-2-840x547.webp 840w, https:\/\/aed-website.trigger-code.com\/wp-content\/uploads\/2023\/04\/Picture-2-1130x736.webp 1130w, https:\/\/aed-website.trigger-code.com\/wp-content\/uploads\/2023\/04\/Picture-2.webp 1958w\" sizes=\"(max-width: 565px) 100vw, 565px\" \/>        \n        \n      <\/div>\n    \n    <div class=\"card__content-wrapper animate__animated animate__delay-default animate__fadeInRight\">\n      <div class=\"card__inner-blocks inner-blocks\">\n        \n\n<p>Nach Best\u00fcckung der Leiterplatten \u00fcbernehmen wir gerne auch die komplette Fertigstellung Ihres Produktes.<\/p>\n\n\n\n<p>Konsequentes Qualit\u00e4tsmanagement, etablierte Prozesse aus dem Automobilbereich und unsere Liebe zu Ihren Details erschaffen Ger\u00e4te genau nach Kundenvorgabe.<\/p>\n\n\n\n<p><strong><strong>Unsere Leistungen im \u00dcberblick:<\/strong><\/strong><\/p>\n\n\n\n<ul class=\"wp-block-list\">\n<li>Montaget\u00e4tigkeiten.<\/li>\n\n\n\n<li>Verkabelung \/ Herstellung produktspezifischer Kabelb\u00e4ume.<\/li>\n\n\n\n<li>Aufspielen von Software.<\/li>\n\n\n\n<li>Ausf\u00fchren von manuellen und automatischen Tests.<\/li>\n\n\n\n<li>Manuelles und automatisches Kalibrieren.<\/li>\n\n\n\n<li>Anfertigung produktspezifischer Nadelbettadapter.<\/li>\n\n\n\n<li>Dokumentation des Fertigungsprozesses.<\/li>\n<\/ul>\n\n      <\/div>\n    <\/div>\n  <\/div>\n<\/div><\/div>\n\n\n\n<div class=\"wp-block-group has-platinum-grey-background-color has-background is-layout-constrained wp-block-group-is-layout-constrained\">\n<h2 class=\"wp-block-heading has-text-align-center has-cerulean-blue-color has-text-color\">CNC Fr\u00e4se<\/h2>\n\n\n\n<div id=\"cardblock_7761917696c424e73746a3ce50378000\" class=\"block__card alignfull -detect-in-viewport\">\n  <div class=\"has-background-color--transparent has-image has-image--right has-image-settings--\">\n\n          <div class=\"card__image-wrapper animate__animated animate__delay-default animate__fadeInRight\">\n\n                  <img decoding=\"async\" width=\"552\" height=\"368\" src=\"https:\/\/aed-website.trigger-code.com\/wp-content\/uploads\/2023\/04\/Picture-3-552x368.webp\" class=\"attachment-container_half size-container_half\" alt=\"\" srcset=\"https:\/\/aed-website.trigger-code.com\/wp-content\/uploads\/2023\/04\/Picture-3-552x368.webp 552w, https:\/\/aed-website.trigger-code.com\/wp-content\/uploads\/2023\/04\/Picture-3-300x200.webp 300w, https:\/\/aed-website.trigger-code.com\/wp-content\/uploads\/2023\/04\/Picture-3-1024x683.webp 1024w, https:\/\/aed-website.trigger-code.com\/wp-content\/uploads\/2023\/04\/Picture-3-768x512.webp 768w, https:\/\/aed-website.trigger-code.com\/wp-content\/uploads\/2023\/04\/Picture-3-462x308.webp 462w, https:\/\/aed-website.trigger-code.com\/wp-content\/uploads\/2023\/04\/Picture-3-840x560.webp 840w, https:\/\/aed-website.trigger-code.com\/wp-content\/uploads\/2023\/04\/Picture-3-1104x736.webp 1104w, https:\/\/aed-website.trigger-code.com\/wp-content\/uploads\/2023\/04\/Picture-3.webp 1500w\" sizes=\"(max-width: 552px) 100vw, 552px\" \/>        \n        \n      <\/div>\n    \n    <div class=\"card__content-wrapper animate__animated animate__delay-default animate__fadeInLeft\">\n      <div class=\"card__inner-blocks inner-blocks\">\n        \n\n<p>Ob Geh\u00e4use, K\u00fchlk\u00f6rper, Frontpanel oder Vorrichtung zur Best\u00fcckung herausfordernder Leiterplattengeometrien, oft passen Standard-Bauteile nicht.<\/p>\n\n\n\n<p>Unsere CNC-Fr\u00e4se steht bereit, Ihre Elektronik mit dem passenden, mechanischen Ma\u00dfanzug zu komplettieren.<\/p>\n\n\n\n<p><strong><strong>Aus einer Hand bieten wir Ihnen:<\/strong><\/strong><\/p>\n\n\n\n<ul class=\"wp-block-list\">\n<li>Konstruktionsservice.<\/li>\n\n\n\n<li>CAM Prozesserstellung.<\/li>\n\n\n\n<li>3-Achs CNC-Fr\u00e4sen.<\/li>\n\n\n\n<li>Vorrichtungsbau.<\/li>\n\n\n\n<li>Sandstrahlen der gefr\u00e4sten Teile.<\/li>\n<\/ul>\n\n      <\/div>\n    <\/div>\n  <\/div>\n<\/div><\/div>\n\n\n\n<div class=\"wp-block-group is-layout-constrained wp-block-group-is-layout-constrained\">\n<h2 class=\"wp-block-heading has-text-align-center has-cerulean-blue-color has-text-color\">Laserbeschriftung<\/h2>\n\n\n\n<div id=\"cardblock_db948efa65759f954d87c29cb70883ae\" class=\"block__card alignfull -detect-in-viewport\">\n  <div class=\"has-background-color--transparent has-image has-image--left has-image-settings--\">\n\n          <div class=\"card__image-wrapper animate__animated animate__delay-default animate__fadeInLeft\">\n\n                  <img decoding=\"async\" width=\"552\" height=\"368\" src=\"https:\/\/aed-website.trigger-code.com\/wp-content\/uploads\/2023\/04\/WMW_6379-copy-552x368.webp\" class=\"attachment-container_half size-container_half\" alt=\"\" srcset=\"https:\/\/aed-website.trigger-code.com\/wp-content\/uploads\/2023\/04\/WMW_6379-copy-552x368.webp 552w, https:\/\/aed-website.trigger-code.com\/wp-content\/uploads\/2023\/04\/WMW_6379-copy-300x200.webp 300w, https:\/\/aed-website.trigger-code.com\/wp-content\/uploads\/2023\/04\/WMW_6379-copy-1024x683.webp 1024w, https:\/\/aed-website.trigger-code.com\/wp-content\/uploads\/2023\/04\/WMW_6379-copy-768x512.webp 768w, https:\/\/aed-website.trigger-code.com\/wp-content\/uploads\/2023\/04\/WMW_6379-copy-462x308.webp 462w, https:\/\/aed-website.trigger-code.com\/wp-content\/uploads\/2023\/04\/WMW_6379-copy-840x560.webp 840w, https:\/\/aed-website.trigger-code.com\/wp-content\/uploads\/2023\/04\/WMW_6379-copy-1104x736.webp 1104w, https:\/\/aed-website.trigger-code.com\/wp-content\/uploads\/2023\/04\/WMW_6379-copy.webp 1500w\" sizes=\"(max-width: 552px) 100vw, 552px\" \/>        \n        \n      <\/div>\n    \n    <div class=\"card__content-wrapper animate__animated animate__delay-default animate__fadeInRight\">\n      <div class=\"card__inner-blocks inner-blocks\">\n        \n\n<p>Edel und dauerhaft pr\u00e4sentieren sich unsere Lasergravuren.<\/p>\n\n\n\n<p>\u00dcberzeugen Sie Ihre Kunden schon beim Erstkontakt mit einem wertigen \u00c4u\u00dferen Ihres Produktes.<\/p>\n\n\n\n<p><strong>Unser Faserlaser graviert:<\/strong><\/p>\n\n\n\n<ul class=\"wp-block-list\">\n<li>Statischen Text.<\/li>\n\n\n\n<li>Grafiken und Logos.<\/li>\n\n\n\n<li>Fortlaufende Seriennummern nach Kundenschema.<\/li>\n\n\n\n<li>QR-Codes.<\/li>\n<\/ul>\n\n      <\/div>\n    <\/div>\n  <\/div>\n<\/div><\/div>\n\n\n\n<div class=\"wp-block-group has-platinum-grey-background-color has-background is-layout-constrained wp-block-group-is-layout-constrained\">\n<h2 class=\"wp-block-heading has-text-align-center has-cerulean-blue-color has-text-color\">Einkauf und Lagerhaltung<\/h2>\n\n\n\n<div id=\"cardblock_deb4db0e311080806aaca2cbf7aad9a0\" class=\"block__card alignfull -detect-in-viewport\">\n  <div class=\"has-background-color--transparent has-image has-image--right has-image-settings--\">\n\n          <div class=\"card__image-wrapper animate__animated animate__delay-default animate__fadeInRight\">\n\n                  <img decoding=\"async\" width=\"552\" height=\"368\" src=\"https:\/\/aed-website.trigger-code.com\/wp-content\/uploads\/2023\/04\/WMW_6333-copy-552x368.webp\" class=\"attachment-container_half size-container_half\" alt=\"\" srcset=\"https:\/\/aed-website.trigger-code.com\/wp-content\/uploads\/2023\/04\/WMW_6333-copy-552x368.webp 552w, https:\/\/aed-website.trigger-code.com\/wp-content\/uploads\/2023\/04\/WMW_6333-copy-300x200.webp 300w, https:\/\/aed-website.trigger-code.com\/wp-content\/uploads\/2023\/04\/WMW_6333-copy-1024x683.webp 1024w, https:\/\/aed-website.trigger-code.com\/wp-content\/uploads\/2023\/04\/WMW_6333-copy-768x512.webp 768w, https:\/\/aed-website.trigger-code.com\/wp-content\/uploads\/2023\/04\/WMW_6333-copy-462x308.webp 462w, https:\/\/aed-website.trigger-code.com\/wp-content\/uploads\/2023\/04\/WMW_6333-copy-840x560.webp 840w, https:\/\/aed-website.trigger-code.com\/wp-content\/uploads\/2023\/04\/WMW_6333-copy-1104x736.webp 1104w, https:\/\/aed-website.trigger-code.com\/wp-content\/uploads\/2023\/04\/WMW_6333-copy.webp 1500w\" sizes=\"(max-width: 552px) 100vw, 552px\" \/>        \n        \n      <\/div>\n    \n    <div class=\"card__content-wrapper animate__animated animate__delay-default animate__fadeInLeft\">\n      <div class=\"card__inner-blocks inner-blocks\">\n        \n\n<p>Wir \u00fcbernehmen den kompletten Einkauf aller Komponenten oder verarbeiten vom Kunden beigestellte Bauteile \u2013 auch in schwierigen Verpackungseinheiten.&nbsp;Bei Standardkomponenten h\u00e4lt unser gro\u00dfes Lager Vorlaufzeiten gering und&nbsp;&nbsp;bei schwer Verf\u00fcgbarem helfen uns unsere langj\u00e4hrigen Partnerschaften.<\/p>\n\n\n\n<p>Sollte dennoch einmal ein Alternativbauteil ben\u00f6tigt werden, unterst\u00fctzen wir Sie gerne mit passenden Vorschl\u00e4gen.<\/p>\n\n\n\n<p>Leiterplatten kaufen wir bei unseren etablierten Zulieferern und optimieren vorab das Nutzen-Layout f\u00fcr die Anforderungen unserer Linie. So profitieren wir und Sie von einem reibungslosen, schnellen und ressourcenschonenden Ablauf!<\/p>\n\n      <\/div>\n    <\/div>\n  <\/div>\n<\/div><\/div>\n","protected":false},"excerpt":{"rendered":"<p>Montage, Inbetriebnahme und Test CNC Fr\u00e4se Laserbeschriftung Einkauf und Lagerhaltung<\/p>\n","protected":false},"author":1,"featured_media":0,"parent":0,"menu_order":0,"comment_status":"closed","ping_status":"closed","template":"","meta":{"footnotes":""},"class_list":["post-1704","page","type-page","status-publish","hentry"],"aioseo_notices":[],"acf":[],"_links":{"self":[{"href":"https:\/\/aed-website.trigger-code.com\/de\/wp-json\/wp\/v2\/pages\/1704","targetHints":{"allow":["GET"]}}],"collection":[{"href":"https:\/\/aed-website.trigger-code.com\/de\/wp-json\/wp\/v2\/pages"}],"about":[{"href":"https:\/\/aed-website.trigger-code.com\/de\/wp-json\/wp\/v2\/types\/page"}],"author":[{"embeddable":true,"href":"https:\/\/aed-website.trigger-code.com\/de\/wp-json\/wp\/v2\/users\/1"}],"replies":[{"embeddable":true,"href":"https:\/\/aed-website.trigger-code.com\/de\/wp-json\/wp\/v2\/comments?post=1704"}],"version-history":[{"count":10,"href":"https:\/\/aed-website.trigger-code.com\/de\/wp-json\/wp\/v2\/pages\/1704\/revisions"}],"predecessor-version":[{"id":3605,"href":"https:\/\/aed-website.trigger-code.com\/de\/wp-json\/wp\/v2\/pages\/1704\/revisions\/3605"}],"wp:attachment":[{"href":"https:\/\/aed-website.trigger-code.com\/de\/wp-json\/wp\/v2\/media?parent=1704"}],"curies":[{"name":"wp","href":"https:\/\/api.w.org\/{rel}","templated":true}]}}