{"id":1693,"date":"2023-03-31T16:26:16","date_gmt":"2023-03-31T14:26:16","guid":{"rendered":"http:\/\/aed-website.triggerco.de\/system-qualifications-testing\/"},"modified":"2023-05-04T16:25:46","modified_gmt":"2023-05-04T14:25:46","slug":"system-qualifications-testing","status":"publish","type":"page","link":"https:\/\/aed-website.trigger-code.com\/de\/system-qualifications-testing\/","title":{"rendered":"System Qualifications Testing"},"content":{"rendered":"\n<div id=\"keyvisualblock_37276c06b74953c43772d2eb96564ff6\" class=\"block__keyvisual -detect-in-viewport alignfull\" data-controller=\"keyvisual\">\n\n    <div class=\"keyvisual__background \">\n                                    <img decoding=\"async\" width=\"875\" height=\"583\" src=\"https:\/\/aed-website.trigger-code.com\/wp-content\/uploads\/2023\/03\/cabecera-system-qualification.jpg\" class=\"attachment-fullscreen_16_9 size-fullscreen_16_9\" alt=\"\" srcset=\"https:\/\/aed-website.trigger-code.com\/wp-content\/uploads\/2023\/03\/cabecera-system-qualification.jpg 875w, https:\/\/aed-website.trigger-code.com\/wp-content\/uploads\/2023\/03\/cabecera-system-qualification-300x200.jpg 300w, https:\/\/aed-website.trigger-code.com\/wp-content\/uploads\/2023\/03\/cabecera-system-qualification-768x512.jpg 768w, https:\/\/aed-website.trigger-code.com\/wp-content\/uploads\/2023\/03\/cabecera-system-qualification-462x308.jpg 462w, https:\/\/aed-website.trigger-code.com\/wp-content\/uploads\/2023\/03\/cabecera-system-qualification-840x560.jpg 840w, https:\/\/aed-website.trigger-code.com\/wp-content\/uploads\/2023\/03\/cabecera-system-qualification-552x368.jpg 552w\" sizes=\"(max-width: 875px) 100vw, 875px\" \/>                        <\/div>\n\n            <div class=\"keyvisual__overlay\"><\/div>\n    \n    <div class=\"keyvisual__wrapper\">\n        <div class=\"keyvisual__content__wrapper container\">\n            <div class=\"keyvisual__content inner-blocks\">\n                                    \n\n<h1 class=\"wp-block-heading\">System-Qualifizierung<\/h1>\n\n                            <\/div>\n        <\/div>\n    <\/div>\n    \n<\/div>\n\n    <div class=\"breadcrumbs container alignwide\">\n        <div class=\"aioseo-breadcrumbs\"><span class=\"aioseo-breadcrumb\">\n\t\t\tHome\n\t\t<\/span><\/div><\/div>\n\n\n\n<h2 class=\"wp-block-heading has-text-align-center has-cerulean-blue-color has-text-color\">Unsere Testkapazit\u00e4ten wachsen<\/h2>\n\n\n\n<div id=\"cardblock_1586cca2f90c12d600b614b408813971\" class=\"block__card -detect-in-viewport\">\n  <div class=\"has-background-color--white has-shadow animate__animated animate__fadeInUp animate__delay-default\">\n\n    \n    <div class=\"card__content-wrapper \">\n      <div class=\"card__inner-blocks inner-blocks\">\n        \n\n<p>Wir haben uns entschieden, unsere Testkapazit\u00e4ten deutlich auszubauen und akkreditierte Testlabore mit Klimakammern und EMV-Pr\u00fcfung einzurichten. In naher Zukunft werden wir an unserem Standort in Murcia Umwelt- und elektromagnetische Pr\u00fcfungen f\u00fcr Automotive-Systeme und -Komponenten anbieten, bei denen die Funktionen und die Sicherheit Ihrer Produkte unter spezifizierten Umgebungsbedingungen werden k\u00f6nnen. Damit sorgen wir daf\u00fcr, dass Ihre Produkte globale Standards und lokale Vorschriften einhalten und ds zertifiziert nachgewiesen werden kann.<\/p>\n\n\n\n<p><br>Wie bei anderen Services auch, wird AED Vantage bei diesen Tests ein ma\u00dfgeschneidertes Portfolio anbieten, denn wir m\u00f6chten unsere Kunden umfassend unterst\u00fctzen \u2013 angefangen beim , \u00fcber die Entwicklung der Test-Benches, bis zum Reporting und zu SoP, gern auch dar\u00fcber hinaus. Sie k\u00f6nnen sich darauf verlassen, dass wir die richtige Teststrategie, den richtigen Testplan, die Durchf\u00fchrung und Berichterstattung der Qualifizierungs- und EMV-Tests sicherstellen.<\/p>\n\n\n\n<p><strong>Mit unseren Services im Bereich Testen und Pr\u00fcfen k\u00f6nnen Sie die Eigenschaften Ihrer Automotive-Systeme fr\u00fchzeitig validieren, Entwicklungszeiten verk\u00fcrzen und Kosten sparen.<\/strong><\/p>\n\n      <\/div>\n    <\/div>\n  <\/div>\n<\/div>","protected":false},"excerpt":{"rendered":"<p>Unsere Testkapazit\u00e4ten wachsen<\/p>\n","protected":false},"author":1,"featured_media":0,"parent":0,"menu_order":0,"comment_status":"closed","ping_status":"closed","template":"","meta":{"footnotes":""},"class_list":["post-1693","page","type-page","status-publish","hentry"],"aioseo_notices":[],"acf":[],"_links":{"self":[{"href":"https:\/\/aed-website.trigger-code.com\/de\/wp-json\/wp\/v2\/pages\/1693","targetHints":{"allow":["GET"]}}],"collection":[{"href":"https:\/\/aed-website.trigger-code.com\/de\/wp-json\/wp\/v2\/pages"}],"about":[{"href":"https:\/\/aed-website.trigger-code.com\/de\/wp-json\/wp\/v2\/types\/page"}],"author":[{"embeddable":true,"href":"https:\/\/aed-website.trigger-code.com\/de\/wp-json\/wp\/v2\/users\/1"}],"replies":[{"embeddable":true,"href":"https:\/\/aed-website.trigger-code.com\/de\/wp-json\/wp\/v2\/comments?post=1693"}],"version-history":[{"count":5,"href":"https:\/\/aed-website.trigger-code.com\/de\/wp-json\/wp\/v2\/pages\/1693\/revisions"}],"predecessor-version":[{"id":3630,"href":"https:\/\/aed-website.trigger-code.com\/de\/wp-json\/wp\/v2\/pages\/1693\/revisions\/3630"}],"wp:attachment":[{"href":"https:\/\/aed-website.trigger-code.com\/de\/wp-json\/wp\/v2\/media?parent=1693"}],"curies":[{"name":"wp","href":"https:\/\/api.w.org\/{rel}","templated":true}]}}