{"id":1687,"date":"2023-03-31T16:26:22","date_gmt":"2023-03-31T14:26:22","guid":{"rendered":"http:\/\/aed-website.triggerco.de\/verification-validation\/"},"modified":"2023-05-04T16:26:21","modified_gmt":"2023-05-04T14:26:21","slug":"verification-validation","status":"publish","type":"page","link":"https:\/\/aed-website.trigger-code.com\/de\/verification-validation\/","title":{"rendered":"Verification &#038; Validation"},"content":{"rendered":"\n<div id=\"keyvisualblock_c070f3c171bce6e6d2b9c2c2a7889b83\" class=\"block__keyvisual -detect-in-viewport alignfull\" data-controller=\"keyvisual\">\n\n    <div class=\"keyvisual__background \">\n                                    <img decoding=\"async\" width=\"875\" height=\"547\" src=\"https:\/\/aed-website.trigger-code.com\/wp-content\/uploads\/2023\/03\/cabecera-integration.jpg\" class=\"attachment-fullscreen_16_9 size-fullscreen_16_9\" alt=\"\" srcset=\"https:\/\/aed-website.trigger-code.com\/wp-content\/uploads\/2023\/03\/cabecera-integration.jpg 875w, https:\/\/aed-website.trigger-code.com\/wp-content\/uploads\/2023\/03\/cabecera-integration-300x188.jpg 300w, https:\/\/aed-website.trigger-code.com\/wp-content\/uploads\/2023\/03\/cabecera-integration-768x480.jpg 768w, https:\/\/aed-website.trigger-code.com\/wp-content\/uploads\/2023\/03\/cabecera-integration-493x308.jpg 493w, https:\/\/aed-website.trigger-code.com\/wp-content\/uploads\/2023\/03\/cabecera-integration-840x525.jpg 840w, https:\/\/aed-website.trigger-code.com\/wp-content\/uploads\/2023\/03\/cabecera-integration-589x368.jpg 589w\" sizes=\"(max-width: 875px) 100vw, 875px\" \/>                        <\/div>\n\n            <div class=\"keyvisual__overlay\"><\/div>\n    \n    <div class=\"keyvisual__wrapper\">\n        <div class=\"keyvisual__content__wrapper container\">\n            <div class=\"keyvisual__content inner-blocks\">\n                                    \n\n<h1 class=\"wp-block-heading\">Verification &amp; Validation<\/h1>\n\n                            <\/div>\n        <\/div>\n    <\/div>\n    \n<\/div>\n\n    <div class=\"breadcrumbs container alignwide\">\n        <div class=\"aioseo-breadcrumbs\"><span class=\"aioseo-breadcrumb\">\n\t\t\tHome\n\t\t<\/span><\/div><\/div>\n\n\n\n<h2 class=\"wp-block-heading has-text-align-center has-cerulean-blue-color has-text-color\">Kundenspezifische Testsysteme &#8211; von einfach bis komplex<\/h2>\n\n\n<div class=\"wp-bootstrap-blocks-row row\">\n\t\n\n<div class=\"col-12 col-md-6\">\n\t\t\t\n\n<p>AED Vantage plant und entwickelt Automotive-Testsysteme f\u00fcr Ihren individuellen Bedarf \u2013 inklusive aller Hardware- und Softwarekomponenten. Mit unseren L\u00f6sungen f\u00fchren Sie teilautomatisierte funktionale Tests durch oder realisieren komplexe, vollautomatische Qualifikationstests. Selbst bestehende Pr\u00fcfst\u00e4nde erweitern wir nach Ihren W\u00fcnschen. Hierbei integrieren wir unsere Software-Schnittstellen nahtlos in existierende Automatisierungsl\u00f6sungen oder wir arbeiten mit etablierten Testautomatiserungswerkzeugen wie NI TestStand, Tracetronic ECU-Test oder Robot Framework. Als Partner von National Instruments verf\u00fcgen wir \u00fcber umfangreiche Erfahrung mit NI LabVIEW und den Hardware-Plattformen PXI sowie cRIO.<\/p>\n\n\n\n<p>Egal, f\u00fcr welche L\u00f6sung Sie sich entscheiden: Mit einem Testsystem von AED Vantage k\u00f6nnen Sie beliebig viele Feldbus-Komponenten nachbilden. Selbst vollautomatisierte Tests lassen sich m\u00fchelos umsetzen.<\/p>\n\n\n\n<p>Sie haben Interesse, m\u00f6chten Ihr ECU-Testkonzept aber nicht selbst entwickeln? Auch in diesem Fall unterst\u00fctzen wir Sie gern. Bspw.<\/p>\n\n\t<\/div>\n\n\n\n<div class=\"col-12 col-md-6\">\n\t\t\t\n\n<p class=\"has-cerulean-blue-color has-text-color\"><strong>In den Bereichen:<\/strong><\/p>\n\n\n\n<ul class=\"wp-block-list\">\n<li>Konzepterarbeitung.<\/li>\n\n\n\n<li>Testautomatisierung (z.B. ECU-Tests, robotframework, NI Teststand).<\/li>\n\n\n\n<li>Softwareentwicklung (z.B. Testautomatisierung oder Restbussimulationen auf Basis von Vector CANoe).<\/li>\n\n\n\n<li>Entwicklung von Pickering-L\u00f6sungen bei Fault-Insertion.<\/li>\n\n\n\n<li>Widerstandsimulation.<\/li>\n<\/ul>\n\n\t<\/div>\n\n<\/div>\n\n\n\n<div class=\"wp-block-group has-platinum-grey-background-color has-background is-layout-constrained wp-block-group-is-layout-constrained\"><div class=\"wp-bootstrap-blocks-container container mb-2\">\n\t\n\n<h2 class=\"wp-block-heading has-text-align-center has-cerulean-blue-color has-text-color\">Testsysteme auf funktionaler Ebene<\/h2>\n\n\n\n<div id=\"cardblock_d475d59b0dee50a7a8989cef9bbf39dd\" class=\"block__card alignwide -detect-in-viewport\">\n  <div class=\"has-background-color--transparent has-image has-image--right has-image-settings--logo\">\n\n          <div class=\"card__image-wrapper animate__animated animate__delay-default animate__fadeInRight\">\n\n                  <img decoding=\"async\" width=\"253\" height=\"368\" src=\"https:\/\/aed-website.trigger-code.com\/wp-content\/uploads\/2023\/05\/HMI_Ausstellershop-transparent-253x368.webp\" class=\"attachment-container_half size-container_half\" alt=\"\" srcset=\"https:\/\/aed-website.trigger-code.com\/wp-content\/uploads\/2023\/05\/HMI_Ausstellershop-transparent-253x368.webp 253w, https:\/\/aed-website.trigger-code.com\/wp-content\/uploads\/2023\/05\/HMI_Ausstellershop-transparent-206x300.webp 206w, https:\/\/aed-website.trigger-code.com\/wp-content\/uploads\/2023\/05\/HMI_Ausstellershop-transparent-704x1024.webp 704w, https:\/\/aed-website.trigger-code.com\/wp-content\/uploads\/2023\/05\/HMI_Ausstellershop-transparent-768x1117.webp 768w, https:\/\/aed-website.trigger-code.com\/wp-content\/uploads\/2023\/05\/HMI_Ausstellershop-transparent-212x308.webp 212w, https:\/\/aed-website.trigger-code.com\/wp-content\/uploads\/2023\/05\/HMI_Ausstellershop-transparent-413x600.webp 413w, https:\/\/aed-website.trigger-code.com\/wp-content\/uploads\/2023\/05\/HMI_Ausstellershop-transparent-506x736.webp 506w, https:\/\/aed-website.trigger-code.com\/wp-content\/uploads\/2023\/05\/HMI_Ausstellershop-transparent.webp 868w\" sizes=\"(max-width: 253px) 100vw, 253px\" \/>        \n        \n      <\/div>\n    \n    <div class=\"card__content-wrapper animate__animated animate__delay-default animate__fadeInLeft\">\n      <div class=\"card__inner-blocks inner-blocks\">\n        \n\n<h3 class=\"wp-block-heading\"><strong>Testsysteme auf funktionaler Ebene<\/strong><\/h3>\n\n\n\n<p>Bevorzugen Sie einen kleinen Pr\u00fcfstand f\u00fcr spezielle Tests an ausgew\u00e4hlten Automotive-Steuerger\u00e4ten? Dann bauen wir gern einen kompakten Desktop-Testplatz, der exakt diese Aufgaben erf\u00fcllt. Bei Bedarf integrieren wir dabei auch individuelle L\u00f6sungen mit analoger Messtechnik, besonderen PCBs oder speziellen Varianten ohne Umverkabelung und vieles mehr.<\/p>\n\n\n\n<p>Vieles davon produzieren wir auf unserer eigenen Produktionslinie. So realisieren wir in k\u00fcrzester Zeit funktionale Testsysteme \u2013 bspw. f\u00fcr das Exterior- und Interior-Automotive Lighting, f\u00fcr den Test von Klimaanlagen, f\u00fcr Body- und Komfort-Funktionen oder f\u00fcr das Testen von Zentralsteuerger\u00e4ten.<\/p>\n\n      <\/div>\n    <\/div>\n  <\/div>\n<\/div>\n<\/div>\n<\/div>\n\n\n\n<h2 class=\"wp-block-heading has-text-align-center has-cerulean-blue-color has-text-color\">Qualifikationstests in Klimakammern und EMV-Hallen<\/h2>\n\n\n\n<div id=\"cardblock_339d6c9448a3a8d5560dc653bb080d32\" class=\"block__card -detect-in-viewport\">\n  <div class=\"has-background-color--transparent has-image has-image--right has-image-settings--\">\n\n          <div class=\"card__image-wrapper animate__animated animate__delay-default animate__fadeInRight\">\n\n                  <img decoding=\"async\" width=\"552\" height=\"368\" src=\"https:\/\/aed-website.trigger-code.com\/wp-content\/uploads\/2023\/03\/quality-testing-552x368.jpg\" class=\"attachment-container_half size-container_half\" alt=\"\" srcset=\"https:\/\/aed-website.trigger-code.com\/wp-content\/uploads\/2023\/03\/quality-testing-552x368.jpg 552w, https:\/\/aed-website.trigger-code.com\/wp-content\/uploads\/2023\/03\/quality-testing-300x200.jpg 300w, https:\/\/aed-website.trigger-code.com\/wp-content\/uploads\/2023\/03\/quality-testing-1024x683.jpg 1024w, https:\/\/aed-website.trigger-code.com\/wp-content\/uploads\/2023\/03\/quality-testing-768x512.jpg 768w, https:\/\/aed-website.trigger-code.com\/wp-content\/uploads\/2023\/03\/quality-testing-462x308.jpg 462w, https:\/\/aed-website.trigger-code.com\/wp-content\/uploads\/2023\/03\/quality-testing-840x560.jpg 840w, https:\/\/aed-website.trigger-code.com\/wp-content\/uploads\/2023\/03\/quality-testing-1104x736.jpg 1104w, https:\/\/aed-website.trigger-code.com\/wp-content\/uploads\/2023\/03\/quality-testing.jpg 1500w\" sizes=\"(max-width: 552px) 100vw, 552px\" \/>        \n        \n      <\/div>\n    \n    <div class=\"card__content-wrapper animate__animated animate__delay-default animate__fadeInLeft\">\n      <div class=\"card__inner-blocks inner-blocks\">\n        \n\n<p>Seit mehr als 10 Jahren entwickelt AED Vantage ma\u00dfgeschneiderte Testsysteme. Zu unseren Schwerpunkten geh\u00f6ren anspruchsvolle ECU-Qualit\u00e4tspr\u00fcfungen f\u00fcr die Nachbildung aller Feldbus-Komponenten. Mit diesen Systemen lassen sich vollst\u00e4ndig automatisierte EMV-Tests f\u00fcr Automotive-Steuerger\u00e4te durchf\u00fchren oder monatelange Environmental-Tests in Klimakammern nach LV124 bei externen Laboren realisieren.<\/p>\n\n\n\n<p>Wir lieben die Herausforderung! Daher freuen wir uns auf spezielle Kundenanforderungen, die sich mit standardisierter Messtechnik und herk\u00f6mmlichem Equipment nur sehr schwer umsetzen lassen. Dank unserer Erfahrung in der Hardware-Entwicklung und der FPGA-Programmierung finden wir immer wieder neue L\u00f6sungen \u2013 bspw. f\u00fcr Echtzeitanforderungen. Dabei profitieren wir nat\u00fcrlich auch von unserer In-House-Elektronikfertigung.<\/p>\n\n      <\/div>\n    <\/div>\n  <\/div>\n<\/div>","protected":false},"excerpt":{"rendered":"<p>Kundenspezifische Testsysteme &#8211; von einfach bis komplex Qualifikationstests in Klimakammern und EMV-Hallen<\/p>\n","protected":false},"author":1,"featured_media":0,"parent":0,"menu_order":0,"comment_status":"closed","ping_status":"closed","template":"","meta":{"footnotes":""},"class_list":["post-1687","page","type-page","status-publish","hentry"],"aioseo_notices":[],"acf":[],"_links":{"self":[{"href":"https:\/\/aed-website.trigger-code.com\/de\/wp-json\/wp\/v2\/pages\/1687","targetHints":{"allow":["GET"]}}],"collection":[{"href":"https:\/\/aed-website.trigger-code.com\/de\/wp-json\/wp\/v2\/pages"}],"about":[{"href":"https:\/\/aed-website.trigger-code.com\/de\/wp-json\/wp\/v2\/types\/page"}],"author":[{"embeddable":true,"href":"https:\/\/aed-website.trigger-code.com\/de\/wp-json\/wp\/v2\/users\/1"}],"replies":[{"embeddable":true,"href":"https:\/\/aed-website.trigger-code.com\/de\/wp-json\/wp\/v2\/comments?post=1687"}],"version-history":[{"count":10,"href":"https:\/\/aed-website.trigger-code.com\/de\/wp-json\/wp\/v2\/pages\/1687\/revisions"}],"predecessor-version":[{"id":3634,"href":"https:\/\/aed-website.trigger-code.com\/de\/wp-json\/wp\/v2\/pages\/1687\/revisions\/3634"}],"wp:attachment":[{"href":"https:\/\/aed-website.trigger-code.com\/de\/wp-json\/wp\/v2\/media?parent=1687"}],"curies":[{"name":"wp","href":"https:\/\/api.w.org\/{rel}","templated":true}]}}