{"id":1670,"date":"2023-03-29T13:46:56","date_gmt":"2023-03-29T11:46:56","guid":{"rendered":"http:\/\/aed-website.triggerco.de\/electronics-for-series-car-application\/"},"modified":"2023-05-03T11:33:29","modified_gmt":"2023-05-03T09:33:29","slug":"electronics-for-series-car-application","status":"publish","type":"page","link":"https:\/\/aed-website.trigger-code.com\/de\/electronics-for-series-car-application\/","title":{"rendered":"Elektronik f\u00fcr Serienfahrzeuge"},"content":{"rendered":"\n<div id=\"keyvisualblock_8c6c000f0f6cce6cf49500fcb322a1cc\" class=\"block__keyvisual -detect-in-viewport alignfull\" data-controller=\"keyvisual\">\n\n    <div class=\"keyvisual__background \">\n                                    <img decoding=\"async\" width=\"875\" height=\"547\" src=\"https:\/\/aed-website.trigger-code.com\/wp-content\/uploads\/2023\/03\/Electronics-for-car-applications.jpg\" class=\"attachment-fullscreen_16_9 size-fullscreen_16_9\" alt=\"\" srcset=\"https:\/\/aed-website.trigger-code.com\/wp-content\/uploads\/2023\/03\/Electronics-for-car-applications.jpg 875w, https:\/\/aed-website.trigger-code.com\/wp-content\/uploads\/2023\/03\/Electronics-for-car-applications-300x188.jpg 300w, https:\/\/aed-website.trigger-code.com\/wp-content\/uploads\/2023\/03\/Electronics-for-car-applications-768x480.jpg 768w, https:\/\/aed-website.trigger-code.com\/wp-content\/uploads\/2023\/03\/Electronics-for-car-applications-493x308.jpg 493w, https:\/\/aed-website.trigger-code.com\/wp-content\/uploads\/2023\/03\/Electronics-for-car-applications-840x525.jpg 840w, https:\/\/aed-website.trigger-code.com\/wp-content\/uploads\/2023\/03\/Electronics-for-car-applications-589x368.jpg 589w\" sizes=\"(max-width: 875px) 100vw, 875px\" \/>                        <\/div>\n\n            <div class=\"keyvisual__overlay\"><\/div>\n    \n    <div class=\"keyvisual__wrapper\">\n        <div class=\"keyvisual__content__wrapper container\">\n            <div class=\"keyvisual__content inner-blocks\">\n                                    \n\n<h1 class=\"wp-block-heading\">Elektronik f\u00fcr Serienfahrzeuge<\/h1>\n\n                            <\/div>\n        <\/div>\n    <\/div>\n    \n<\/div>\n\n    <div class=\"breadcrumbs container alignwide\">\n        <div class=\"aioseo-breadcrumbs\"><span class=\"aioseo-breadcrumb\">\n\t\t\tHome\n\t\t<\/span><\/div><\/div>\n\n\n\n<div class=\"wp-block-group is-layout-constrained wp-block-group-is-layout-constrained\">\n<h2 class=\"wp-block-heading has-text-align-center has-cerulean-blue-color has-text-color\">Ihr kompetenter Partner f\u00fcr Entwicklung, Integration und Validierung<\/h2>\n\n\n\n<div id=\"cardblock_eada1a516e1c664938d0ba983a8f309b\" class=\"block__card -detect-in-viewport\">\n  <div class=\"has-background-color--transparent has-image has-image--right has-image-settings--portrait\">\n\n          <div class=\"card__image-wrapper animate__animated animate__delay-default animate__fadeInRight\">\n\n                  <img decoding=\"async\" width=\"629\" height=\"689\" src=\"https:\/\/aed-website.trigger-code.com\/wp-content\/uploads\/2023\/03\/Mask-Group-30.jpg\" class=\"attachment-container_half_3_4 size-container_half_3_4\" alt=\"\" srcset=\"https:\/\/aed-website.trigger-code.com\/wp-content\/uploads\/2023\/03\/Mask-Group-30.jpg 629w, https:\/\/aed-website.trigger-code.com\/wp-content\/uploads\/2023\/03\/Mask-Group-30-274x300.jpg 274w, https:\/\/aed-website.trigger-code.com\/wp-content\/uploads\/2023\/03\/Mask-Group-30-281x308.jpg 281w, https:\/\/aed-website.trigger-code.com\/wp-content\/uploads\/2023\/03\/Mask-Group-30-548x600.jpg 548w, https:\/\/aed-website.trigger-code.com\/wp-content\/uploads\/2023\/03\/Mask-Group-30-336x368.jpg 336w\" sizes=\"(max-width: 629px) 100vw, 629px\" \/>        \n        \n      <\/div>\n    \n    <div class=\"card__content-wrapper animate__animated animate__delay-default animate__fadeInLeft\">\n      <div class=\"card__inner-blocks inner-blocks\">\n        \n\n<p>Wir sind ein erfahrener Entwicklungspartner mit L\u00f6sungen f\u00fcr die Innenraum- und Karosserieelektronik sowie elektrische Systeme. Unsere E\/E-Architekturen und kundenspezifischen Module f\u00fcr Body und Komfort werden von Automotive-OEMs in aller Welt eingesetzt. Aber auch in den Bereichen Funktionale Sicherheit und Cyber-Security sowie Integration and Validierung k\u00f6nnen wir seit vielen Jahren \u00fcberzeugen.<\/p>\n\n\n\n<p><br>Von der Forschung, bis zur Serienproduktion: Wir realisieren ma\u00dfgeschneiderte Architekturen und binden sie in ein vernetztes Gesamtkonzept der Mobilit\u00e4t von morgen ein.<\/p>\n\n\n\n<p> <\/p>\n\n\n\n<p>Hierzu geh\u00f6ren u.a.:<\/p>\n\n\n\n<ul class=\"wp-block-list\">\n<li>E\/E-Architekturen<\/li>\n\n\n\n<li>Funktionale Sicherheit<\/li>\n\n\n\n<li>Cyber Security<\/li>\n\n\n\n<li>Integration<\/li>\n\n\n\n<li>Validierung<\/li>\n<\/ul>\n\n      <\/div>\n    <\/div>\n  <\/div>\n<\/div><\/div>\n\n\n\n<div class=\"wp-block-group is-layout-constrained wp-block-group-is-layout-constrained\"><div class=\"wp-bootstrap-blocks-row row\">\n\t\n\n<div class=\"col-12 col-md-6\">\n\t\t\t\n\n<h2 class=\"wp-block-heading has-cerulean-blue-color has-text-color\">Von der Idee zur Serie \u2013 Entwicklung, Integration, Produktion und Validierung aus einer Hand<\/h2>\n\n\t<\/div>\n\n\n\n<div class=\"col-12 col-md-6\">\n\t\t\t\n\n<p><strong>Wir setzen auf vertrauensvolle Zusammenarbeit und realisieren individuelle Hardware bzw. Software nach Ihren W\u00fcnschen!<\/strong><\/p>\n\n\n\n<p>Gern \u00fcbernehmen wir auch die Gesamtverantwortung f\u00fcr die Entwicklung von kompletten E\/E-Architekturen sowie L\u00f6sungen in den Bereichen Funktionale Sicherheit und Cyber-Security.<\/p>\n\n\n\n<p>AED Vantage unterst\u00fctzt Sie in allen Bereichen \u2013 von der Konzeption, \u00fcber die Entwicklung und die Produktion, bis hin zur Integration, Validierung und Serienbetreuung. Zudem programmieren wir individuelle Softwarefunktionen nach modernen Normen und Standards und legen so die Grundlagen f\u00fcr den Erfolg Ihres Automotive-Projektes.<\/p>\n\n\n\n<p>Erl\u00e4utern Sie uns einfach Ihre Idee \u2013 wir erledigen den Rest! Um Ihr Projekt erfolgreich umzusetzen, erstellen wir zun\u00e4chst einen Anforderungskatalog, der Ihre W\u00fcnsche, Kriterien und Ma\u00dfnahmen in den Mittelpunkt stellt. Diese kombinieren wir mit den vielf\u00e4ltigen Methoden der modernen und hoch effizienten Automobilproduktion.<\/p>\n\n\n\n<p>Unsere Projekte haben Eins gemeinsam: Zuerst sprechen wir mit unseren Kunden und danach beginnen wir mit der Definition des Systems. Sind alle Beteiligten einverstanden, planen wir alle weiteren Schritte \u2013 von der effizienten Fertigung, bis hin zum optimalen Service nach dem Abschluss des Projektes. Dabei behalten wir Ihre Ziele jederzeit fest im Blick.<\/p>\n\n\t<\/div>\n\n<\/div>\n<\/div>\n\n\n\n<div class=\"wp-block-group is-layout-constrained wp-block-group-is-layout-constrained\">\n<figure class=\"wp-block-image alignwide size-large\"><img decoding=\"async\" width=\"1062\" height=\"363\" src=\"https:\/\/aed-website.trigger-code.com\/wp-content\/uploads\/2023\/05\/V-Modell-DE.svg\" alt=\"\" class=\"wp-image-3133\"\/><\/figure>\n<\/div>\n\n\n\n<div class=\"wp-block-group is-layout-constrained wp-block-group-is-layout-constrained\">\n<div id=\"overlapping-section-dividerblock_8cc5ab6feb4afe53a75943c208eb06be\" class=\"block__overlapping-section-divider alignwide -detect-in-viewport\">\n  <div class='animate__animated animate__fadeInUp animate__delay-default'>\n\n    <div class=\"overlapping-section-divider__image --setDimension\">\n      <img decoding=\"async\" width=\"1364\" height=\"289\" src=\"https:\/\/aed-website.trigger-code.com\/wp-content\/uploads\/2023\/03\/Mask-Group-29-1.jpg\" class=\"attachment-fullscreen_16_9 size-fullscreen_16_9\" alt=\"\" srcset=\"https:\/\/aed-website.trigger-code.com\/wp-content\/uploads\/2023\/03\/Mask-Group-29-1.jpg 1364w, https:\/\/aed-website.trigger-code.com\/wp-content\/uploads\/2023\/03\/Mask-Group-29-1-300x64.jpg 300w, https:\/\/aed-website.trigger-code.com\/wp-content\/uploads\/2023\/03\/Mask-Group-29-1-1024x217.jpg 1024w, https:\/\/aed-website.trigger-code.com\/wp-content\/uploads\/2023\/03\/Mask-Group-29-1-768x163.jpg 768w, https:\/\/aed-website.trigger-code.com\/wp-content\/uploads\/2023\/03\/Mask-Group-29-1-500x106.jpg 500w, https:\/\/aed-website.trigger-code.com\/wp-content\/uploads\/2023\/03\/Mask-Group-29-1-840x178.jpg 840w, https:\/\/aed-website.trigger-code.com\/wp-content\/uploads\/2023\/03\/Mask-Group-29-1-1308x277.jpg 1308w, https:\/\/aed-website.trigger-code.com\/wp-content\/uploads\/2023\/03\/Mask-Group-29-1-654x139.jpg 654w\" sizes=\"(max-width: 1364px) 100vw, 1364px\" \/>    <\/div>\n\n    <div class=\"overlapping-section-divider__title-wrapper\">\n      <div class=\"overlapping-section-divider__title\">\n        <h2>\n          Safe and Secure &#8211; Sicherheit in allen Schl\u00fcsselbereichen        <\/h2>\n      <\/div>\n    <\/div>\n  <\/div>\n<\/div>\n\n<div class=\"wp-bootstrap-blocks-row row\">\n\t\n\n<div class=\"col-12 col-md-6\">\n\t\t\t\n\n<p>Funktionale Sicherheit und Cyber-Security sind heute von zentraler Bedeutung, denn die zunehmende Vernetzung von Fahrzeugen und die Einf\u00fchrung des autonomen Fahrens setzen neue Ma\u00dfst\u00e4be. Daher legen die Ingenieure von AED Vantage gr\u00f6\u00dften Wert darauf, dass unsere Softwareanwendungen auch in diesen Bereichen \u00fcberzeugen.<\/p>\n\n\n\n<p><br>Als Elektronik- sowie Security-Spezialist sind wir mit der funktionalen Sicherheit von Serienfahrzeugen vertraut. Und: Wir besch\u00e4ftigen uns seit vielen Jahren mit den Herausforderungen der Cyber-Security.<\/p>\n\n\n\n<p> <\/p>\n\n\n\n<p><strong>Wir kennen die Best Practices der Automobilindustrie und bieten zuverl\u00e4ssige Services, Support sowie kompetente Beratung!<\/strong><\/p>\n\n\t<\/div>\n\n\n\n<div class=\"col-12 col-md-6\">\n\t\t\t\n\n<p><strong>Hierzu geh\u00f6ren:<\/strong><\/p>\n\n\n\n<ul class=\"wp-block-list\">\n<li>Beim Management der funktionalen Sicherheit und der Cyber-Security orientieren wir uns vor allem an den Standards ISO 26262:2018 sowie ISO21434:2021<\/li>\n\n\n\n<li>Beratung in der Konzeptphase.<\/li>\n\n\n\n<li>Analysen in allen Sicherheitsbereichen.<\/li>\n\n\n\n<li>Spezifikation, Weiterentwicklung und Verifizierung in der Systemsicherheit und bei Security-relevanten Produkten.<\/li>\n\n\n\n<li>Beratung inklusive Training, Durchf\u00fchren von Audits, Prozessentwicklung und vieles.<\/li>\n<\/ul>\n\n\t<\/div>\n\n<\/div>\n<\/div>\n\n\n\n<h2 class=\"wp-block-heading has-text-align-center has-cerulean-blue-color has-text-color\" id=\"autonomes-fahren\">Ihr Partner f\u00fcr autonomes Fahren<\/h2>\n\n\n\n<div id=\"cardblock_3fe74cbaaf69471a72be06387eb2b657\" class=\"block__card -detect-in-viewport\">\n  <div class=\"has-background-color--transparent has-image has-image--right has-image-settings--original\">\n\n          <div class=\"card__image-wrapper animate__animated animate__delay-default animate__fadeInRight\">\n\n                  <img decoding=\"async\" width=\"594\" height=\"368\" src=\"https:\/\/aed-website.trigger-code.com\/wp-content\/uploads\/2023\/03\/BANNER-1-594x368.jpg\" class=\"attachment-container_half size-container_half\" alt=\"\" srcset=\"https:\/\/aed-website.trigger-code.com\/wp-content\/uploads\/2023\/03\/BANNER-1-594x368.jpg 594w, https:\/\/aed-website.trigger-code.com\/wp-content\/uploads\/2023\/03\/BANNER-1-300x186.jpg 300w, https:\/\/aed-website.trigger-code.com\/wp-content\/uploads\/2023\/03\/BANNER-1-1024x634.jpg 1024w, https:\/\/aed-website.trigger-code.com\/wp-content\/uploads\/2023\/03\/BANNER-1-768x476.jpg 768w, https:\/\/aed-website.trigger-code.com\/wp-content\/uploads\/2023\/03\/BANNER-1-497x308.jpg 497w, https:\/\/aed-website.trigger-code.com\/wp-content\/uploads\/2023\/03\/BANNER-1-840x520.jpg 840w, https:\/\/aed-website.trigger-code.com\/wp-content\/uploads\/2023\/03\/BANNER-1-1188x736.jpg 1188w, https:\/\/aed-website.trigger-code.com\/wp-content\/uploads\/2023\/03\/BANNER-1.jpg 1500w\" sizes=\"(max-width: 594px) 100vw, 594px\" \/>        \n        \n      <\/div>\n    \n    <div class=\"card__content-wrapper animate__animated animate__delay-default animate__fadeInLeft\">\n      <div class=\"card__inner-blocks inner-blocks\">\n        \n\n<p>Die Zukunft geh\u00f6rt dem autonomen Fahren! Daher entwickelt AED Vantage innovative L\u00f6sungen f\u00fcr die sichere Mobilit\u00e4t der Zukunft. Mit ma\u00dfgeschneiderten L\u00f6sungen in den Bereichen Funktionale Sicherheit und Cyber-Security sorgen wir daf\u00fcr, dass diese Anwendungen hoch effizient arbeiten \u2013 in jedem Fahrzeug, in jedem System, jederzeit. &nbsp; AED Vantage entwickelt ma\u00dfgeschneiderte Insassen\u00fcberwachungsprodukte nach Ihren W\u00fcnschen. Diese leisten einen wichtigen Beitrag zur Sicherheit des autonomen Fahrens. Zudem bieten wir Ihnen z.B. ein umfangreiches Portfolio an innovativen und hoch zuverl\u00e4ssigen Messtechnik-Produkten. Diese erfassen u.a. Video-, Radar- oder Lidar-Daten aus den Fahrerassistenzsystemen (ADAS sowie Automated Driving) und zeichnen diese zuverl\u00e4ssig auf. Erfahren Sie mehr \u00fcber unseren Serdes Logging Adapter (SLA). <\/p>\n\n\n\n<p><a href=\"\/de\/product\/serdes-logging-adapter\/\" title=\"Mehr sehen\">Mehr sehen<\/a><\/p>\n\n      <\/div>\n    <\/div>\n  <\/div>\n<\/div>","protected":false},"excerpt":{"rendered":"<p>Ihr kompetenter Partner f\u00fcr Entwicklung, Integration und Validierung Ihr Partner f\u00fcr autonomes Fahren<\/p>\n","protected":false},"author":1,"featured_media":0,"parent":0,"menu_order":0,"comment_status":"closed","ping_status":"closed","template":"","meta":{"footnotes":""},"class_list":["post-1670","page","type-page","status-publish","hentry"],"aioseo_notices":[],"acf":[],"_links":{"self":[{"href":"https:\/\/aed-website.trigger-code.com\/de\/wp-json\/wp\/v2\/pages\/1670","targetHints":{"allow":["GET"]}}],"collection":[{"href":"https:\/\/aed-website.trigger-code.com\/de\/wp-json\/wp\/v2\/pages"}],"about":[{"href":"https:\/\/aed-website.trigger-code.com\/de\/wp-json\/wp\/v2\/types\/page"}],"author":[{"embeddable":true,"href":"https:\/\/aed-website.trigger-code.com\/de\/wp-json\/wp\/v2\/users\/1"}],"replies":[{"embeddable":true,"href":"https:\/\/aed-website.trigger-code.com\/de\/wp-json\/wp\/v2\/comments?post=1670"}],"version-history":[{"count":10,"href":"https:\/\/aed-website.trigger-code.com\/de\/wp-json\/wp\/v2\/pages\/1670\/revisions"}],"predecessor-version":[{"id":3234,"href":"https:\/\/aed-website.trigger-code.com\/de\/wp-json\/wp\/v2\/pages\/1670\/revisions\/3234"}],"wp:attachment":[{"href":"https:\/\/aed-website.trigger-code.com\/de\/wp-json\/wp\/v2\/media?parent=1670"}],"curies":[{"name":"wp","href":"https:\/\/api.w.org\/{rel}","templated":true}]}}