{"id":1667,"date":"2023-03-30T11:00:29","date_gmt":"2023-03-30T09:00:29","guid":{"rendered":"http:\/\/aed-website.triggerco.de\/automotive-engineering-services\/"},"modified":"2023-05-04T16:23:17","modified_gmt":"2023-05-04T14:23:17","slug":"automotive-engineering-services","status":"publish","type":"page","link":"https:\/\/aed-website.trigger-code.com\/de\/automotive-engineering-services\/","title":{"rendered":"Automotive Engineering Services"},"content":{"rendered":"\n<div id=\"keyvisualblock_eebad15f87faaa45bdb95842dc615c90\" class=\"block__keyvisual -detect-in-viewport alignfull\" data-controller=\"keyvisual\">\n\n    <div class=\"keyvisual__background \">\n                                    <img decoding=\"async\" width=\"875\" height=\"547\" src=\"https:\/\/aed-website.trigger-code.com\/wp-content\/uploads\/2023\/03\/cabecera-automotive.jpg\" class=\"attachment-fullscreen_16_9 size-fullscreen_16_9\" alt=\"\" srcset=\"https:\/\/aed-website.trigger-code.com\/wp-content\/uploads\/2023\/03\/cabecera-automotive.jpg 875w, https:\/\/aed-website.trigger-code.com\/wp-content\/uploads\/2023\/03\/cabecera-automotive-300x188.jpg 300w, https:\/\/aed-website.trigger-code.com\/wp-content\/uploads\/2023\/03\/cabecera-automotive-768x480.jpg 768w, https:\/\/aed-website.trigger-code.com\/wp-content\/uploads\/2023\/03\/cabecera-automotive-493x308.jpg 493w, https:\/\/aed-website.trigger-code.com\/wp-content\/uploads\/2023\/03\/cabecera-automotive-840x525.jpg 840w, https:\/\/aed-website.trigger-code.com\/wp-content\/uploads\/2023\/03\/cabecera-automotive-589x368.jpg 589w\" sizes=\"(max-width: 875px) 100vw, 875px\" \/>                        <\/div>\n\n            <div class=\"keyvisual__overlay\"><\/div>\n    \n    <div class=\"keyvisual__wrapper\">\n        <div class=\"keyvisual__content__wrapper container\">\n            <div class=\"keyvisual__content inner-blocks\">\n                                    \n\n<h1 class=\"wp-block-heading\">Automotive Engineering Services<\/h1>\n\n                            <\/div>\n        <\/div>\n    <\/div>\n    \n<\/div>\n\n    <div class=\"breadcrumbs container alignwide\">\n        <div class=\"aioseo-breadcrumbs\"><span class=\"aioseo-breadcrumb\">\n\t\t\tHome\n\t\t<\/span><\/div><\/div>\n\n\n\n<div id=\"cardblock_47b16092b4032aaf57f0d3ee20003873\" class=\"block__card -detect-in-viewport\">\n  <div class=\"has-background-color--white has-shadow has-image has-image--\">\n\n          <div class=\"card__image-wrapper \">\n\n        \n        \n      <\/div>\n    \n    <div class=\"card__content-wrapper \">\n      <div class=\"card__inner-blocks inner-blocks\">\n        \n\n<p>Weltweit sind die Automobilhersteller herausgefordert, neue Konzepte f\u00fcr die Mobilit\u00e4t der Zukunft zu entwickeln. Diese setzen neue Ideen, innovative Hardware und Software bzw. modernste Elektronik-Komponenten voraus. Mit mehr als 15 Jahren Automotive-Erfahrung bietet AED Vantage umfangreiche Services f\u00fcr den gesamten Prozessablauf \u2013 von der Konzeption, \u00fcber die Konstruktion und die Entwicklung, bis hin zu Prototypenbau, Produktionsplanung, Serienanlauf und Support. Dabei denken wir vernetzt und nutzen Synergien f\u00fcr den Vorteil unserer Kunden!<\/p>\n\n\n\n<p>Als langj\u00e4hriger Partner der Automotive-OEMs stehen wir f\u00fcr zuverl\u00e4ssige Komponenten bzw. Module nach individuellen Bed\u00fcrfnissen. So entwickeln wir ma\u00dfgeschneiderte Software und Hardware inklusive Simulation und Test.<\/p>\n\n\n\n<p>Wir denken ganzheitlich, agieren proaktiv und \u00fcbernehmen Verantwortung. Daher steht die Qualit\u00e4t unserer Services an erster Stelle! Gleichzeitig agieren wir so flexibel, dass wir uns jederzeit nach Ihren Bed\u00fcrfnissen richten k\u00f6nnen.<\/p>\n\n      <\/div>\n    <\/div>\n  <\/div>\n<\/div>\n\n\n<div class=\"wp-block-group is-layout-constrained wp-block-group-is-layout-constrained\">\n<h2 class=\"wp-block-heading has-text-align-center has-cerulean-blue-color has-text-color\">Software und Digitalisierung &#8211;<br>Die Treiber unserer Mobilit\u00e4t<\/h2>\n\n\n\n<div id=\"cardblock_1dc56313aefb97abe71791998b80cf26\" class=\"block__card -detect-in-viewport\">\n  <div class=\"has-background-color--transparent has-image has-image--right has-image-settings--landscape\">\n\n          <div class=\"card__image-wrapper animate__animated animate__delay-default animate__fadeInRight\">\n\n                  <img decoding=\"async\" width=\"654\" height=\"368\" src=\"https:\/\/aed-website.trigger-code.com\/wp-content\/uploads\/2023\/03\/2-2-1024x682-1-654x368.jpg\" class=\"attachment-container_half_16_9 size-container_half_16_9\" alt=\"\" srcset=\"https:\/\/aed-website.trigger-code.com\/wp-content\/uploads\/2023\/03\/2-2-1024x682-1-654x368.jpg 654w, https:\/\/aed-website.trigger-code.com\/wp-content\/uploads\/2023\/03\/2-2-1024x682-1-738x416.jpg 738w\" sizes=\"(max-width: 654px) 100vw, 654px\" \/>        \n        \n      <\/div>\n    \n    <div class=\"card__content-wrapper animate__animated animate__delay-default animate__fadeInLeft\">\n      <div class=\"card__inner-blocks inner-blocks\">\n        \n\n<p>Das Auto wandelt sich zum fahrenden Internet-Knotenpunkt. Moderne Fahrzeuge werden daher immer komplexer und somit wachsen die Anforderungen an deren Software kontinuierlich.<\/p>\n\n\n\n<p>AED Vantage ist auf anspruchsvolle Applikationssoftware und Embedded-Software-Entwicklung spezialisiert. Durch unsere langj\u00e4hrige Erfahrung in der Entwicklung unterschiedlichster Softwareanwendungen verf\u00fcgen wir \u00fcber eine umfassende Systemkompetenz. Als integrierter Entwicklungspartner unterst\u00fctzen wir Sie von Anfang an bis zur Serienproduktion. Gemeinsam entwickeln wir Ihre Software ressourcenschonend und als Basis f\u00fcr Ihre Hochleistungselektronik.<\/p>\n\n\n\n<ul class=\"wp-block-list\">\n<li>AUTOSAR Classic Plattform<\/li>\n\n\n\n<li>AUTOSAR Adaptive Plattform<\/li>\n\n\n\n<li>V-Modell sowie agile Entwicklung<\/li>\n\n\n\n<li>Unternehmensprozess auf Basis von ASPICE Level 3<\/li>\n<\/ul>\n\n\n\n<p>Unsere Entwickler erkennen das Potenzial abstrakter Ideen und Spezifikationen, verstehen deren logische Zusammenh\u00e4nge sowie das Hardwarezielsystem und ber\u00fccksichtigen dessen Anforderungen bei der Softwareentwicklung.<\/p>\n\n      <\/div>\n    <\/div>\n  <\/div>\n<\/div><\/div>\n\n\n\n<div class=\"wp-block-group is-layout-constrained wp-block-group-is-layout-constrained\">\n<h2 class=\"wp-block-heading has-text-align-center has-cerulean-blue-color has-text-color\">Aus Produktentwicklung wird Systementwicklung<\/h2>\n\n\n\n<div id=\"cardblock_95e81d3921b1eb62ae0da9bd301791be\" class=\"block__card -detect-in-viewport\">\n  <div class=\"has-background-color--transparent has-image has-image--right has-image-settings--landscape\">\n\n          <div class=\"card__image-wrapper animate__animated animate__delay-default animate__fadeInRight\">\n\n                  <img decoding=\"async\" width=\"654\" height=\"368\" src=\"https:\/\/aed-website.trigger-code.com\/wp-content\/uploads\/2023\/03\/3-1024x683-1-654x368.jpg\" class=\"attachment-container_half_16_9 size-container_half_16_9\" alt=\"\" srcset=\"https:\/\/aed-website.trigger-code.com\/wp-content\/uploads\/2023\/03\/3-1024x683-1-654x368.jpg 654w, https:\/\/aed-website.trigger-code.com\/wp-content\/uploads\/2023\/03\/3-1024x683-1-738x416.jpg 738w\" sizes=\"(max-width: 654px) 100vw, 654px\" \/>        \n        \n      <\/div>\n    \n    <div class=\"card__content-wrapper animate__animated animate__delay-default animate__fadeInLeft\">\n      <div class=\"card__inner-blocks inner-blocks\">\n        \n\n<p>AED Vantage beh\u00e4lt das gro\u00dfe Ganze stets im Blick! Wir begleiten den gesamten Entwicklungszyklus \u2013 von der Definition der Anforderungen, \u00fcber die komplette Hard- und Softwareentwicklung, bis hin zur Funktionsintegration.<\/p>\n\n\n\n<p>Bei uns erhalten Anwender ein fertiges Produkt, das perfekt in ihr Fahrzeug passt. Dabei nehmen die meisten Anwender die komplexe Technik der Systeme \u00fcberhaupt nicht wahr, denn sie arbeitet im Verborgenen. Um das zu erreichen, passen wir uns an individuelle Rahmenbedingungen an und arbeiten je nach Bedarf nach dem klassischen V-Modell oder agil. Wenn n\u00f6tig, beziehen wir dabei auch kompetente Partner ein.<\/p>\n\n      <\/div>\n    <\/div>\n  <\/div>\n<\/div><\/div>\n\n\n\n<div class=\"wp-block-group is-layout-constrained wp-block-group-is-layout-constrained\">\n<h2 class=\"wp-block-heading has-text-align-center has-cerulean-blue-color has-text-color\">Wir testen und pr\u00fcfen f\u00fcr Sie<\/h2>\n\n\n\n<div id=\"cardblock_a1abf4b09683e25cce6a036e7c6364a6\" class=\"block__card -detect-in-viewport\">\n  <div class=\"has-background-color--transparent has-image has-image--left has-image-settings--landscape\">\n\n          <div class=\"card__image-wrapper animate__animated animate__delay-default animate__fadeInLeft\">\n\n                  <img decoding=\"async\" width=\"450\" height=\"300\" src=\"https:\/\/aed-website.trigger-code.com\/wp-content\/uploads\/2023\/03\/2_2-copy.jpg\" class=\"attachment-container_half_16_9 size-container_half_16_9\" alt=\"\" srcset=\"https:\/\/aed-website.trigger-code.com\/wp-content\/uploads\/2023\/03\/2_2-copy.jpg 450w, https:\/\/aed-website.trigger-code.com\/wp-content\/uploads\/2023\/03\/2_2-copy-300x200.jpg 300w\" sizes=\"(max-width: 450px) 100vw, 450px\" \/>        \n        \n      <\/div>\n    \n    <div class=\"card__content-wrapper animate__animated animate__delay-default animate__fadeInRight\">\n      <div class=\"card__inner-blocks inner-blocks\">\n        \n\n<p>Gemeinsam l\u00f6sen wir Ihre Pr\u00fcf- und Testaufgaben. Dabei begleiten wir Sie von der ersten Analyse der Pr\u00fcfaufgabe, \u00fcber die Durchf\u00fchrung und Betreuung der Pr\u00fcfst\u00e4nde, bis hin zum Qualit\u00e4tsmanagement im Rahmen der Serienfertigung.<\/p>\n\n\n\n<p>Nicht zuletzt legen wir gr\u00f6\u00dften Wert auf die zuverl\u00e4ssige Validierung und Zertifizierung aller Komponenten und Systeme. Denn: Hier zeigt sich, ob ein Fahrzeug, ein Konzept oder ein Prototyp alle geforderten Kriterien erf\u00fcllt und den gesetzlichen Vorgaben entspricht.<\/p>\n\n      <\/div>\n    <\/div>\n  <\/div>\n<\/div><\/div>\n\n\n\n<div class=\"wp-block-group is-layout-constrained wp-block-group-is-layout-constrained\">\n<h2 class=\"wp-block-heading has-text-align-center has-cerulean-blue-color has-text-color\">Nachhaltiges Projektmanagement<br>am Puls der Zeit<\/h2>\n\n\n\n<div id=\"cardblock_94d1b7c721692a7796487ec9a0f0d6d3\" class=\"block__card -detect-in-viewport\">\n  <div class=\"has-background-color--transparent has-image has-image--right has-image-settings--landscape\">\n\n          <div class=\"card__image-wrapper animate__animated animate__delay-default animate__fadeInRight\">\n\n                  <img decoding=\"async\" width=\"654\" height=\"368\" src=\"https:\/\/aed-website.trigger-code.com\/wp-content\/uploads\/2023\/03\/5-654x368.jpg\" class=\"attachment-container_half_16_9 size-container_half_16_9\" alt=\"\" srcset=\"https:\/\/aed-website.trigger-code.com\/wp-content\/uploads\/2023\/03\/5-654x368.jpg 654w, https:\/\/aed-website.trigger-code.com\/wp-content\/uploads\/2023\/03\/5-738x416.jpg 738w\" sizes=\"(max-width: 654px) 100vw, 654px\" \/>        \n        \n      <\/div>\n    \n    <div class=\"card__content-wrapper animate__animated animate__delay-default animate__fadeInLeft\">\n      <div class=\"card__inner-blocks inner-blocks\">\n        \n\n<p>AED Vantage ist ein erfahrener Spezialist f\u00fcr die Entwicklung von Automotive-Software und -Hardware. Unsere Projektmanager sind mit den modernen Prozesstechniken vertraut und arbeiten jeden Tag f\u00fcr den Erfolg unserer Kunden.<\/p>\n\n\n\n<p>Auf Wunsch \u00fcbernehmen sie dabei auch die Funktion eines Generalplaners, der das gesamte Engineering in einer Hand b\u00fcndelt \u2013 von der Konzeption, bis zur Umsetzung.<\/p>\n\n      <\/div>\n    <\/div>\n  <\/div>\n<\/div><\/div>\n","protected":false},"excerpt":{"rendered":"<p>Software und Digitalisierung &#8211;Die Treiber unserer Mobilit\u00e4t Aus Produktentwicklung wird Systementwicklung Wir testen und pr\u00fcfen f\u00fcr Sie Nachhaltiges Projektmanagementam Puls der Zeit<\/p>\n","protected":false},"author":1,"featured_media":0,"parent":0,"menu_order":0,"comment_status":"closed","ping_status":"closed","template":"","meta":{"footnotes":""},"class_list":["post-1667","page","type-page","status-publish","hentry"],"aioseo_notices":[],"acf":[],"_links":{"self":[{"href":"https:\/\/aed-website.trigger-code.com\/de\/wp-json\/wp\/v2\/pages\/1667","targetHints":{"allow":["GET"]}}],"collection":[{"href":"https:\/\/aed-website.trigger-code.com\/de\/wp-json\/wp\/v2\/pages"}],"about":[{"href":"https:\/\/aed-website.trigger-code.com\/de\/wp-json\/wp\/v2\/types\/page"}],"author":[{"embeddable":true,"href":"https:\/\/aed-website.trigger-code.com\/de\/wp-json\/wp\/v2\/users\/1"}],"replies":[{"embeddable":true,"href":"https:\/\/aed-website.trigger-code.com\/de\/wp-json\/wp\/v2\/comments?post=1667"}],"version-history":[{"count":4,"href":"https:\/\/aed-website.trigger-code.com\/de\/wp-json\/wp\/v2\/pages\/1667\/revisions"}],"predecessor-version":[{"id":3607,"href":"https:\/\/aed-website.trigger-code.com\/de\/wp-json\/wp\/v2\/pages\/1667\/revisions\/3607"}],"wp:attachment":[{"href":"https:\/\/aed-website.trigger-code.com\/de\/wp-json\/wp\/v2\/media?parent=1667"}],"curies":[{"name":"wp","href":"https:\/\/api.w.org\/{rel}","templated":true}]}}