{"id":1622,"date":"2023-04-13T15:13:17","date_gmt":"2023-04-13T13:13:17","guid":{"rendered":"http:\/\/aed-website.triggerco.de\/central-units\/"},"modified":"2023-05-04T16:25:37","modified_gmt":"2023-05-04T14:25:37","slug":"central-units","status":"publish","type":"page","link":"https:\/\/aed-website.trigger-code.com\/de\/products\/central-units\/","title":{"rendered":"Zentralsteuerger\u00e4te"},"content":{"rendered":"\n<div id=\"keyvisualblock_1881b3a87dd8d75c95d802d59620a562\" class=\"block__keyvisual -detect-in-viewport alignfull\" data-controller=\"keyvisual\">\n\n    <div class=\"keyvisual__background \">\n                                    <img decoding=\"async\" width=\"875\" height=\"416\" src=\"https:\/\/aed-website.trigger-code.com\/wp-content\/uploads\/2023\/04\/cabecera-control-units.jpg\" class=\"attachment-fullscreen_16_9 size-fullscreen_16_9\" alt=\"\" srcset=\"https:\/\/aed-website.trigger-code.com\/wp-content\/uploads\/2023\/04\/cabecera-control-units.jpg 875w, https:\/\/aed-website.trigger-code.com\/wp-content\/uploads\/2023\/04\/cabecera-control-units-300x143.jpg 300w, https:\/\/aed-website.trigger-code.com\/wp-content\/uploads\/2023\/04\/cabecera-control-units-768x365.jpg 768w, https:\/\/aed-website.trigger-code.com\/wp-content\/uploads\/2023\/04\/cabecera-control-units-500x238.jpg 500w, https:\/\/aed-website.trigger-code.com\/wp-content\/uploads\/2023\/04\/cabecera-control-units-840x399.jpg 840w, https:\/\/aed-website.trigger-code.com\/wp-content\/uploads\/2023\/04\/cabecera-control-units-654x311.jpg 654w\" sizes=\"(max-width: 875px) 100vw, 875px\" \/>                        <\/div>\n\n            <div class=\"keyvisual__overlay\"><\/div>\n    \n    <div class=\"keyvisual__wrapper\">\n        <div class=\"keyvisual__content__wrapper container\">\n            <div class=\"keyvisual__content inner-blocks\">\n                                    \n\n<h1 class=\"wp-block-heading\">Zentralsteuerger\u00e4te<\/h1>\n\n                            <\/div>\n        <\/div>\n    <\/div>\n    \n<\/div>\n\n    <div class=\"breadcrumbs container alignwide\">\n        <div class=\"aioseo-breadcrumbs\"><span class=\"aioseo-breadcrumb\">\n\t\t\tHome\n\t\t<\/span><\/div><\/div>\n\n\n\n<div class=\"wp-block-group is-layout-constrained wp-block-group-is-layout-constrained\">\n<h2 class=\"wp-block-heading has-text-align-center has-cerulean-blue-color has-text-color\">Zentralsteuerger\u00e4te \u2013 Das Superhirn in jedem Fahrzeug<\/h2>\n\n\n\n<div id=\"cardblock_9e9dcf5fde2e064a54cc015f6fe03c98\" class=\"block__card alignwide -detect-in-viewport\">\n  <div class=\"has-background-color--white has-shadow animate__animated animate__fadeInUp animate__delay-default\">\n\n    \n    <div class=\"card__content-wrapper \">\n      <div class=\"card__inner-blocks inner-blocks\">\n        \n\n<p class=\"has-text-align-center\">Das zentrale Steuerger\u00e4t (ECU) empf\u00e4ngt und analysiert Daten \u00fcber den Zustand des Fahrzeugs und tauscht diese mit anderen Steuerger\u00e4ten aus. Wenn der Motor das Herz des Autos darstellen w\u00fcrde, w\u00e4re die ECU das Superhirn. In jahrelanger Zusammenarbeit mit unterschiedlichen Automobilherstellern entwickeln wir Basis- sowie Applikationssoftware f\u00fcr Zentralsteuerger\u00e4te. Unsere Experten sind daher mit den Funktionsumf\u00e4ngen von Zentralsteuerger\u00e4ten bestens vertraut. Mit unseren aktuellen Seriensteuerger\u00e4ten, wie beispielsweise den Body- und Comfort Modulen, beweisen wir au\u00dferdem ein hohes Ma\u00df an Verst\u00e4ndnis f\u00fcr Hardware- und Software.&nbsp;<\/p>\n\n\n\n<p class=\"has-text-align-center\">Unser Anspruch ist es mutig zu sein und neue Wege einzuschlagen. Wir analysieren den Wandel und die Ver\u00e4nderungen in der Mobilit\u00e4t stetig und bauen hierf\u00fcr wichtige Engineeringkompetenzen aus. Unser ausgebautes Automotive Know-how wollen wir jetzt nutzen, um den n\u00e4chsten gro\u00dfen Schritt zu gehen. Daf\u00fcr arbeiten wir derzeit daran, Ihnen schon bald die vollumf\u00e4ngliche Entwicklung von Zentralsteuerger\u00e4ten eigenst\u00e4ndig anbieten zu k\u00f6nnen.&nbsp;<\/p>\n\n\n\n<p class=\"has-text-align-center\">Sprechen Sie uns an und erfahren Sie mehr dar\u00fcber, wie wir Ihr Partner f\u00fcr Zentralsteuerger\u00e4te werden k\u00f6nnen!<\/p>\n\n      <\/div>\n    <\/div>\n  <\/div>\n<\/div><\/div>\n\n\n\n<div class=\"wp-block-group is-layout-constrained wp-block-group-is-layout-constrained\">\n<h2 class=\"wp-block-heading has-text-align-center has-cerulean-blue-color has-text-color\">Die treibende Kraft hinter dem Gesamtkonzept der Mobilit\u00e4t von morgen<\/h2>\n\n\n\n<div id=\"cardblock_eb8b03f7511fa6c1525ef9f15c0cf81b\" class=\"block__card alignwide -detect-in-viewport\">\n  <div class=\"has-background-color--transparent has-image has-image--right has-image-settings--landscape\">\n\n          <div class=\"card__image-wrapper animate__animated animate__delay-default animate__fadeInRight\">\n\n                  <img decoding=\"async\" width=\"654\" height=\"368\" src=\"https:\/\/aed-website.trigger-code.com\/wp-content\/uploads\/2023\/04\/centralunits-2048x850-1-654x368.jpg\" class=\"attachment-container_half_16_9 size-container_half_16_9\" alt=\"\" srcset=\"https:\/\/aed-website.trigger-code.com\/wp-content\/uploads\/2023\/04\/centralunits-2048x850-1-654x368.jpg 654w, https:\/\/aed-website.trigger-code.com\/wp-content\/uploads\/2023\/04\/centralunits-2048x850-1-738x416.jpg 738w\" sizes=\"(max-width: 654px) 100vw, 654px\" \/>        \n        \n      <\/div>\n    \n    <div class=\"card__content-wrapper animate__animated animate__delay-default animate__fadeInLeft\">\n      <div class=\"card__inner-blocks inner-blocks\">\n        \n\n<p>Die Anforderungen an das Zentralsteuerger\u00e4t sind gro\u00df und reichen \u00fcber ein effizientes Energiemanagement, hoch performante Gateway-Funktionen, die neuesten Kommunikationsstandards, h\u00f6chste Sicherheitsstandards, ausgezeichnetes Platinendesign, und vieles mehr.<\/p>\n\n\n\n<p>Digitalisierung, autonomes Fahren und zunehmende Konnektivit\u00e4t: Das vernetzte Auto muss heute die Fahrzeuginsassen immer mit der Au\u00dfenwelt verbinden und daf\u00fcr mitgef\u00fchrte Smart-Devices m\u00fcssen sich leicht mit dem Fahrzeug verbinden lassen als auch interoperabel werden. Das Automobil steht vor seiner Neuerfindung, womit auch das zentrale Steuerger\u00e4t mitwachsen muss.&nbsp;<\/p>\n\n\n\n<p>Wir wollen mit unseren Ideen, unserer Kreativit\u00e4t und unserem Know-How weiterhin bei der Entwicklung dieser Superhirne im Fahrzeug mitwirken.<\/p>\n\n      <\/div>\n    <\/div>\n  <\/div>\n<\/div><\/div>\n","protected":false},"excerpt":{"rendered":"<p>Zentralsteuerger\u00e4te \u2013 Das Superhirn in jedem Fahrzeug Die treibende Kraft hinter dem Gesamtkonzept der Mobilit\u00e4t von morgen<\/p>\n","protected":false},"author":1,"featured_media":0,"parent":1697,"menu_order":0,"comment_status":"closed","ping_status":"closed","template":"","meta":{"footnotes":""},"class_list":["post-1622","page","type-page","status-publish","hentry"],"aioseo_notices":[],"acf":[],"_links":{"self":[{"href":"https:\/\/aed-website.trigger-code.com\/de\/wp-json\/wp\/v2\/pages\/1622","targetHints":{"allow":["GET"]}}],"collection":[{"href":"https:\/\/aed-website.trigger-code.com\/de\/wp-json\/wp\/v2\/pages"}],"about":[{"href":"https:\/\/aed-website.trigger-code.com\/de\/wp-json\/wp\/v2\/types\/page"}],"author":[{"embeddable":true,"href":"https:\/\/aed-website.trigger-code.com\/de\/wp-json\/wp\/v2\/users\/1"}],"replies":[{"embeddable":true,"href":"https:\/\/aed-website.trigger-code.com\/de\/wp-json\/wp\/v2\/comments?post=1622"}],"version-history":[{"count":7,"href":"https:\/\/aed-website.trigger-code.com\/de\/wp-json\/wp\/v2\/pages\/1622\/revisions"}],"predecessor-version":[{"id":3628,"href":"https:\/\/aed-website.trigger-code.com\/de\/wp-json\/wp\/v2\/pages\/1622\/revisions\/3628"}],"up":[{"embeddable":true,"href":"https:\/\/aed-website.trigger-code.com\/de\/wp-json\/wp\/v2\/pages\/1697"}],"wp:attachment":[{"href":"https:\/\/aed-website.trigger-code.com\/de\/wp-json\/wp\/v2\/media?parent=1622"}],"curies":[{"name":"wp","href":"https:\/\/api.w.org\/{rel}","templated":true}]}}