{"id":1620,"date":"2023-04-13T17:21:23","date_gmt":"2023-04-13T15:21:23","guid":{"rendered":"http:\/\/aed-website.triggerco.de\/career\/"},"modified":"2023-08-16T09:51:51","modified_gmt":"2023-08-16T07:51:51","slug":"career","status":"publish","type":"page","link":"https:\/\/aed-website.trigger-code.com\/de\/career\/","title":{"rendered":"Karriere"},"content":{"rendered":"\n<div id=\"keyvisualblock_468d538f94a0b76cac62ae6863795858\" class=\"block__keyvisual -detect-in-viewport alignfull\" data-controller=\"keyvisual\">\n\n    <div class=\"keyvisual__background \">\n                                    <img decoding=\"async\" width=\"2400\" height=\"1600\" src=\"https:\/\/aed-website.trigger-code.com\/wp-content\/uploads\/2023\/04\/careerWMW_5530-2400x1600.jpg\" class=\"attachment-fullscreen_16_9 size-fullscreen_16_9\" alt=\"\" srcset=\"https:\/\/aed-website.trigger-code.com\/wp-content\/uploads\/2023\/04\/careerWMW_5530-2400x1600.jpg 2400w, https:\/\/aed-website.trigger-code.com\/wp-content\/uploads\/2023\/04\/careerWMW_5530-300x200.jpg 300w, https:\/\/aed-website.trigger-code.com\/wp-content\/uploads\/2023\/04\/careerWMW_5530-1024x683.jpg 1024w, https:\/\/aed-website.trigger-code.com\/wp-content\/uploads\/2023\/04\/careerWMW_5530-768x512.jpg 768w, https:\/\/aed-website.trigger-code.com\/wp-content\/uploads\/2023\/04\/careerWMW_5530-1536x1024.jpg 1536w, https:\/\/aed-website.trigger-code.com\/wp-content\/uploads\/2023\/04\/careerWMW_5530-2048x1366.jpg 2048w, https:\/\/aed-website.trigger-code.com\/wp-content\/uploads\/2023\/04\/careerWMW_5530-462x308.jpg 462w, https:\/\/aed-website.trigger-code.com\/wp-content\/uploads\/2023\/04\/careerWMW_5530-840x560.jpg 840w, https:\/\/aed-website.trigger-code.com\/wp-content\/uploads\/2023\/04\/careerWMW_5530-1104x736.jpg 1104w, https:\/\/aed-website.trigger-code.com\/wp-content\/uploads\/2023\/04\/careerWMW_5530-552x368.jpg 552w\" sizes=\"(max-width: 2400px) 100vw, 2400px\" \/>                        <\/div>\n\n            <div class=\"keyvisual__overlay\"><\/div>\n    \n    <div class=\"keyvisual__wrapper\">\n        <div class=\"keyvisual__content__wrapper container\">\n            <div class=\"keyvisual__content inner-blocks\">\n                                    \n\n<h1 class=\"wp-block-heading\">Karriere<\/h1>\n\n                            <\/div>\n        <\/div>\n    <\/div>\n    \n<\/div>\n\n    <div class=\"breadcrumbs container alignwide\">\n        <div class=\"aioseo-breadcrumbs\"><span class=\"aioseo-breadcrumb\">\n\t\t\tHome\n\t\t<\/span><\/div><\/div>\n\n\n\n<div class=\"wp-block-group is-layout-constrained wp-block-group-is-layout-constrained\">\n<h2 class=\"wp-block-heading has-text-align-center has-cerulean-blue-color has-text-color\">Bereit, etwas zu bewegen?<\/h2>\n\n\n\n<h4 class=\"wp-block-heading has-cerulean-blue-color has-text-color\">Werde Teil unseres Teams und gestalte gemeinsam mit uns die Zukunft der Mobilit\u00e4t!<\/h4>\n\n\n\n<p>AED Vantage ist ein international erfolgreicher Elektronikspezialist. Als anerkannter Partner der Automobilindustrie entwickeln wir kundenspezifische L\u00f6sungen und produzieren diese auf unseren eigenen Maschinen.<\/p>\n\n\n\n<h4 class=\"wp-block-heading has-cerulean-blue-color has-text-color\">Lass Dich von uns \u00fcberraschen, denn wir sind alles andere als Standard!<\/h4>\n\n\n\n<p>AED Vantage pflegt eine offene Unternehmenskultur und lebt echten Teamgeist. Denn wir wissen: Nur gemeinsam k\u00f6nnen wir in allen Bereichen gleichzeitig an der Spitze sein! Daher setzen wir klar auf Individualit\u00e4t und Vielfalt. Diese Philosophie bereichert unser Konzept des ma\u00dfgeschneiderten Engineerings und \u00fcberzeugt Automotive-Kunden in vielen L\u00e4ndern.<\/p>\n\n\n\n<h4 class=\"wp-block-heading has-cerulean-blue-color has-text-color\">Vielf\u00e4ltige Chancen. Innovatives Arbeiten.<\/h4>\n\n\n\n<p>Bei AED Vantage reden wir miteinander. Ganz einfach &#8211; Jeder mit Jedem, auch mit dem Chef. Wir stellen Gewohnheiten in Frage, ergreifen die Initiative und beschreiten immer wieder neue Wege. Und das tun wir gemeinsam: Wir nutzen das Potenzial jedes Einzelnen, f\u00f6rdern Leistung und machen den t\u00e4glichen Job zu einer spannenden Aufgabe, die immer wieder neu begeistert.<\/p>\n<\/div>\n\n\n\n<div id=\"spacerblock_68be8bcad0da04b871248183cb92001b\" class=\"block__spacer -detect-in-viewport block__spacer--medium\"><\/div>\n\n\n<p class=\"has-large-font-size\">Du stehst ganz am Anfang Deiner Karriere oder mitten im beruflichen Leben? Wir haben den passenden Job f\u00fcr Dich! Schau Dich einfach auf unserer Karriereseite um.<\/p>\n\n\n\n<div class=\"wp-block-group has-platinum-grey-background-color has-background is-layout-constrained wp-block-group-is-layout-constrained\">\n<h2 class=\"wp-block-heading has-text-align-center\">Stellenanzeigen<\/h2>\n\n\n\n<p class=\"has-text-align-center\">Hier geht\u2019s zu den offenen Stellen: Bewirb dich direkt auf unserer Recruiting-Plattform Bizneo. Wir freuen uns schon auf dich und deine Ideen.<\/p>\n\n\n<div class=\"wp-bootstrap-blocks-row row\">\n\t\n\n<div class=\"col-12 col-md-4\">\n\t\t\t\t<\/div>\n\n\n\n<div class=\"col-12 col-md-4\">\n\t\t\t\n\n<div id=\"buttonblock_7586f59ee734d2f53196671f9f1275f8\" class=\"block__button -detect-in-viewport button__size--full\">\n  <div class=\"button__color--white animate__animated animate__fadeIn animate__delay-default\">\n          <a href=\"https:\/\/career.aed-vantage.com\/jobs\" target=\"_blank\" class=\"btn\">\n        <span class=\"button__link__label\">Zu den Stellenanzeigen<\/span>\n      <\/a>\n      <\/div>\n<\/div>\n\t<\/div>\n\n\n\n<div class=\"col-12 col-md-4\">\n\t\t\t\t<\/div>\n\n<\/div>\n<\/div>\n\n\n\n<div class=\"wp-block-group alignwide is-layout-constrained wp-block-group-is-layout-constrained\">\n<h2 class=\"wp-block-heading has-text-align-center has-cerulean-blue-color has-text-color\">Warum Du bei AED arbeiten solltest? <br>Es lohnt sich!<\/h2>\n\n\n<div class=\"wp-bootstrap-blocks-row row alignfull justify-content-center\">\n\t\n\n<div class=\"col-12 col-lg-6 col-xl-3\">\n\t\t\t\n\n<div id=\"cardblock_2e82efb995683fe49669be000a37ed51\" class=\"block__card -detect-in-viewport\">\n  <div class=\"has-background-color--white has-shadow animate__animated animate__fadeIn animate__delay-default\">\n\n    \n    <div class=\"card__content-wrapper \">\n      <div class=\"card__inner-blocks inner-blocks\">\n        \n\n<h3 class=\"wp-block-heading\">01<\/h3>\n\n\n\n<h4 class=\"wp-block-heading\">Work life balance<\/h4>\n\n\n\n<p>40h\/Woche oder 35\/Woche<\/p>\n\n      <\/div>\n    <\/div>\n  <\/div>\n<\/div>\n\t<\/div>\n\n\n\n<div class=\"col-12 col-lg-6 col-xl-3\">\n\t\t\t\n\n<div id=\"cardblock_b9415311c0138a7dab54a938ee375dd2\" class=\"block__card -detect-in-viewport\">\n  <div class=\"has-background-color--white has-shadow animate__animated animate__fadeIn animate__delay-0-5s\">\n\n    \n    <div class=\"card__content-wrapper \">\n      <div class=\"card__inner-blocks inner-blocks\">\n        \n\n<h3 class=\"wp-block-heading\">02<\/h3>\n\n\n\n<h4 class=\"wp-block-heading\">Ganz nach deinem Geschmack<\/h4>\n\n\n\n<p>Mobiles Arbeiten und flexible Arbeitszeiten<\/p>\n\n      <\/div>\n    <\/div>\n  <\/div>\n<\/div>\n\t<\/div>\n\n\n\n<div class=\"col-12 col-lg-6 col-xl-3\">\n\t\t\t\n\n<div id=\"cardblock_a8479e01ba384985ac155cf6ddabae5a\" class=\"block__card -detect-in-viewport\">\n  <div class=\"has-background-color--white has-shadow animate__animated animate__fadeIn animate__delay-1s\">\n\n    \n    <div class=\"card__content-wrapper \">\n      <div class=\"card__inner-blocks inner-blocks\">\n        \n\n<h3 class=\"wp-block-heading\">03<\/h3>\n\n\n\n<h4 class=\"wp-block-heading\">Zeit f\u00fcr Abenteuer<\/h4>\n\n\n\n<p>Urlaub: Bis zu 30 Tage im Jahr<\/p>\n\n      <\/div>\n    <\/div>\n  <\/div>\n<\/div>\n\t<\/div>\n\n\n\n<div class=\"col-12 col-lg-6 col-xl-3\">\n\t\t\t\n\n<div id=\"cardblock_c323a2bc8e3fd6015eb48b132bda3682\" class=\"block__card -detect-in-viewport\">\n  <div class=\"has-background-color--white has-shadow animate__animated animate__fadeIn animate__delay-1-5s\">\n\n    \n    <div class=\"card__content-wrapper \">\n      <div class=\"card__inner-blocks inner-blocks\">\n        \n\n<h3 class=\"wp-block-heading\">04<\/h3>\n\n\n\n<h4 class=\"wp-block-heading\">Neue Kulturen erleben<\/h4>\n\n\n\n<p>Wir arbeiten international<\/p>\n\n      <\/div>\n    <\/div>\n  <\/div>\n<\/div>\n\t<\/div>\n\n\n\n<div class=\"col-12 col-lg-6 col-xl-3\">\n\t\t\t\n\n<div id=\"cardblock_c323a2bc8e3fd6015eb48b132bda3682\" class=\"block__card -detect-in-viewport\">\n  <div class=\"has-background-color--white has-shadow animate__animated animate__fadeIn animate__delay-1-5s\">\n\n    \n    <div class=\"card__content-wrapper \">\n      <div class=\"card__inner-blocks inner-blocks\">\n        \n\n<h3 class=\"wp-block-heading\">05<\/h3>\n\n\n\n<h4 class=\"wp-block-heading\">Wir unterst\u00fctzen Talent<\/h4>\n\n\n\n<p>Festes Fortbildungsbudget pro Jahr<\/p>\n\n      <\/div>\n    <\/div>\n  <\/div>\n<\/div>\n\t<\/div>\n\n\n\n<div class=\"col-12 col-lg-6 col-xl-3\">\n\t\t\t\n\n<div id=\"cardblock_c321de38001bcda2f41ce63c9979046a\" class=\"block__card -detect-in-viewport\">\n  <div class=\"has-background-color--white has-shadow animate__animated animate__fadeIn animate__delay-2s\">\n\n    \n    <div class=\"card__content-wrapper \">\n      <div class=\"card__inner-blocks inner-blocks\">\n        \n\n<h3 class=\"wp-block-heading\">06<\/h3>\n\n\n\n<h4 class=\"wp-block-heading\">Kind oder Karriere?<\/h4>\n\n\n\n<p>Bei AED geht beides!<\/p>\n\n      <\/div>\n    <\/div>\n  <\/div>\n<\/div>\n\t<\/div>\n\n\n\n<div class=\"col-12 col-lg-6 col-xl-3\">\n\t\t\t\n\n<div id=\"cardblock_31f3a77e3531c70b3873148d823611bd\" class=\"block__card -detect-in-viewport\">\n  <div class=\"has-background-color--white has-shadow animate__animated animate__fadeIn animate__delay-2-5s\">\n\n    \n    <div class=\"card__content-wrapper \">\n      <div class=\"card__inner-blocks inner-blocks\">\n        \n\n<h3 class=\"wp-block-heading\">07<\/h3>\n\n\n\n<h4 class=\"wp-block-heading\">Deine Fellnase geh\u00f6rt mit ins Team!<\/h4>\n\n\n\n<p>Gerne kannst du deinen Hund mit ins B\u00fcro bringen<\/p>\n\n      <\/div>\n    <\/div>\n  <\/div>\n<\/div>\n\t<\/div>\n\n<\/div>\n<\/div>\n\n\n\n<div class=\"wp-block-group is-layout-constrained wp-block-group-is-layout-constrained\">\n<h2 class=\"wp-block-heading has-text-align-center has-cerulean-blue-color has-text-color\">Neugierig? Dann schreib uns. <br>Unser Team freut sich darauf, Dich kennen zu lernen!<\/h2>\n\n\n<div class=\"wp-bootstrap-blocks-row row\">\n\t\n\n<div class=\"col-12 col-md-4\">\n\t\t\t\n\n<div id=\"cardblock_b54e8984c7d3199174f683bc136d56e7\" class=\"block__card -detect-in-viewport\">\n  <div class=\"has-background-color--white has-shadow has-image has-image--top has-image-settings-- animate__animated animate__fadeInUp animate__delay-default\">\n\n          <div class=\"card__image-wrapper \">\n\n                  <img decoding=\"async\" width=\"1267\" height=\"866\" src=\"https:\/\/aed-website.trigger-code.com\/wp-content\/uploads\/2023\/05\/5S8A7027_b3.jpg\" class=\"attachment-container2x_16_9 size-container2x_16_9\" alt=\"\" srcset=\"https:\/\/aed-website.trigger-code.com\/wp-content\/uploads\/2023\/05\/5S8A7027_b3.jpg 1267w, https:\/\/aed-website.trigger-code.com\/wp-content\/uploads\/2023\/05\/5S8A7027_b3-300x205.jpg 300w, https:\/\/aed-website.trigger-code.com\/wp-content\/uploads\/2023\/05\/5S8A7027_b3-1024x700.jpg 1024w, https:\/\/aed-website.trigger-code.com\/wp-content\/uploads\/2023\/05\/5S8A7027_b3-768x525.jpg 768w, https:\/\/aed-website.trigger-code.com\/wp-content\/uploads\/2023\/05\/5S8A7027_b3-451x308.jpg 451w, https:\/\/aed-website.trigger-code.com\/wp-content\/uploads\/2023\/05\/5S8A7027_b3-840x574.jpg 840w, https:\/\/aed-website.trigger-code.com\/wp-content\/uploads\/2023\/05\/5S8A7027_b3-1077x736.jpg 1077w, https:\/\/aed-website.trigger-code.com\/wp-content\/uploads\/2023\/05\/5S8A7027_b3-538x368.jpg 538w\" sizes=\"(max-width: 1267px) 100vw, 1267px\" \/>        \n        \n      <\/div>\n    \n    <div class=\"card__content-wrapper \">\n      <div class=\"card__inner-blocks inner-blocks\">\n        \n\n<h4 class=\"wp-block-heading has-text-align-center\">Silvia D\u00edaz Riquelme<\/h4>\n\n\n\n<p class=\"has-text-align-center\">Talent Acquisition<\/p>\n\n      <\/div>\n    <\/div>\n  <\/div>\n<\/div>\n\t<\/div>\n\n\n\n<div class=\"col-12 col-md-4\">\n\t\t\t\n\n<div id=\"cardblock_6cb14980f11bf762727becdebf00bb6e\" class=\"block__card -detect-in-viewport\">\n  <div class=\"has-background-color--white has-shadow has-image has-image--top has-image-settings-- animate__animated animate__fadeInUp animate__delay-0-5s\">\n\n          <div class=\"card__image-wrapper \">\n\n                  <img decoding=\"async\" width=\"1267\" height=\"854\" src=\"https:\/\/aed-website.trigger-code.com\/wp-content\/uploads\/2023\/05\/5S8A7020_b.jpg\" class=\"attachment-container2x_16_9 size-container2x_16_9\" alt=\"\" srcset=\"https:\/\/aed-website.trigger-code.com\/wp-content\/uploads\/2023\/05\/5S8A7020_b.jpg 1267w, https:\/\/aed-website.trigger-code.com\/wp-content\/uploads\/2023\/05\/5S8A7020_b-300x202.jpg 300w, https:\/\/aed-website.trigger-code.com\/wp-content\/uploads\/2023\/05\/5S8A7020_b-1024x690.jpg 1024w, https:\/\/aed-website.trigger-code.com\/wp-content\/uploads\/2023\/05\/5S8A7020_b-768x518.jpg 768w, https:\/\/aed-website.trigger-code.com\/wp-content\/uploads\/2023\/05\/5S8A7020_b-457x308.jpg 457w, https:\/\/aed-website.trigger-code.com\/wp-content\/uploads\/2023\/05\/5S8A7020_b-840x566.jpg 840w, https:\/\/aed-website.trigger-code.com\/wp-content\/uploads\/2023\/05\/5S8A7020_b-1092x736.jpg 1092w, https:\/\/aed-website.trigger-code.com\/wp-content\/uploads\/2023\/05\/5S8A7020_b-546x368.jpg 546w\" sizes=\"(max-width: 1267px) 100vw, 1267px\" \/>        \n        \n      <\/div>\n    \n    <div class=\"card__content-wrapper \">\n      <div class=\"card__inner-blocks inner-blocks\">\n        \n\n<h4 class=\"wp-block-heading has-text-align-center\">Nayely Peters<\/h4>\n\n\n\n<p class=\"has-text-align-center\">Teamleitung People &amp; Culture<\/p>\n\n      <\/div>\n    <\/div>\n  <\/div>\n<\/div>\n\t<\/div>\n\n\n\n<div class=\"col-12 col-md-4\">\n\t\t\t\n\n<div id=\"cardblock_97886fbabd5b464785121566dd0e44bb\" class=\"block__card -detect-in-viewport\">\n  <div class=\"has-background-color--white has-shadow has-image has-image--top has-image-settings-- animate__animated animate__fadeInUp animate__delay-1s\">\n\n          <div class=\"card__image-wrapper \">\n\n                  <img decoding=\"async\" width=\"1267\" height=\"871\" src=\"https:\/\/aed-website.trigger-code.com\/wp-content\/uploads\/2023\/05\/5S8A7042_b.jpg\" class=\"attachment-container2x_16_9 size-container2x_16_9\" alt=\"\" srcset=\"https:\/\/aed-website.trigger-code.com\/wp-content\/uploads\/2023\/05\/5S8A7042_b.jpg 1267w, https:\/\/aed-website.trigger-code.com\/wp-content\/uploads\/2023\/05\/5S8A7042_b-300x206.jpg 300w, https:\/\/aed-website.trigger-code.com\/wp-content\/uploads\/2023\/05\/5S8A7042_b-1024x704.jpg 1024w, https:\/\/aed-website.trigger-code.com\/wp-content\/uploads\/2023\/05\/5S8A7042_b-768x528.jpg 768w, https:\/\/aed-website.trigger-code.com\/wp-content\/uploads\/2023\/05\/5S8A7042_b-448x308.jpg 448w, https:\/\/aed-website.trigger-code.com\/wp-content\/uploads\/2023\/05\/5S8A7042_b-840x577.jpg 840w, https:\/\/aed-website.trigger-code.com\/wp-content\/uploads\/2023\/05\/5S8A7042_b-1071x736.jpg 1071w, https:\/\/aed-website.trigger-code.com\/wp-content\/uploads\/2023\/05\/5S8A7042_b-535x368.jpg 535w\" sizes=\"(max-width: 1267px) 100vw, 1267px\" \/>        \n        \n      <\/div>\n    \n    <div class=\"card__content-wrapper \">\n      <div class=\"card__inner-blocks inner-blocks\">\n        \n\n<h4 class=\"wp-block-heading has-text-align-center\">Marta Aquilera D\u00edaz<\/h4>\n\n\n\n<p class=\"has-text-align-center\">People &amp; Culture<\/p>\n\n      <\/div>\n    <\/div>\n  <\/div>\n<\/div>\n\t<\/div>\n\n<\/div>\n<\/div>\n\n\n\n<div class=\"wp-block-group is-layout-constrained wp-block-group-is-layout-constrained\">\n<h3 class=\"wp-block-heading has-text-align-center has-cerulean-blue-color has-text-color\">Du hast Fragen?<\/h3>\n\n\n\n<p class=\"has-text-align-center has-cerulean-blue-color has-text-color has-large-font-size\">Kontaktiere uns<\/p>\n\n\n<div class=\"wp-bootstrap-blocks-row row\">\n\t\n\n<div class=\"col-12 col-md-4\">\n\t\t\t\n\n<div id=\"buttonblock_05faa10c821ae3c414ba2aadfdfcb1eb\" class=\"block__button -detect-in-viewport button__size--full\">\n  <div class=\"button__color--transparent\">\n          <a href=\"mailto:career@aed-vantage.com\" target=\"\" class=\"btn\">\n        <span class=\"button__link__label\">career@aed-vantage.com<\/span>\n      <\/a>\n      <\/div>\n<\/div>\n\t<\/div>\n\n\n\n<div class=\"col-12 col-md-4\">\n\t\t\t\n\n<div id=\"buttonblock_4af64627424d57a75b4097d1ea7cc6c8\" class=\"block__button -detect-in-viewport button__size--full\">\n  <div class=\"button__color--transparent\">\n          <a href=\"tel:+4989159848480\" target=\"\" class=\"btn\">\n        <span class=\"button__link__label\">+49 89 15984848 &#8211; 0 Deutschland<\/span>\n      <\/a>\n      <\/div>\n<\/div>\n\t<\/div>\n\n\n\n<div class=\"col-12 col-md-4\">\n\t\t\t\n\n<div id=\"buttonblock_0357c65eb589487b2c3a974a5ccf94f7\" class=\"block__button -detect-in-viewport button__size--full\">\n  <div class=\"button__color--transparent\">\n          <a href=\"tel:+34868454588\" target=\"\" class=\"btn\">\n        <span class=\"button__link__label\">+34 868 4545 &#8211; 88 Spanien<\/span>\n      <\/a>\n      <\/div>\n<\/div>\n\t<\/div>\n\n<\/div>\n<\/div>\n","protected":false},"excerpt":{"rendered":"<p>Bereit, etwas zu bewegen? Werde Teil unseres Teams und gestalte gemeinsam mit uns die Zukunft der Mobilit\u00e4t! AED Vantage ist ein international erfolgreicher Elektronikspezialist. Als anerkannter Partner der Automobilindustrie entwickeln wir kundenspezifische L\u00f6sungen und produzieren diese auf unseren eigenen Maschinen. Lass Dich von uns \u00fcberraschen, denn wir sind alles andere als Standard! AED Vantage pflegt [&hellip;]<\/p>\n","protected":false},"author":1,"featured_media":0,"parent":0,"menu_order":0,"comment_status":"closed","ping_status":"closed","template":"","meta":{"footnotes":""},"class_list":["post-1620","page","type-page","status-publish","hentry"],"aioseo_notices":[],"acf":[],"_links":{"self":[{"href":"https:\/\/aed-website.trigger-code.com\/de\/wp-json\/wp\/v2\/pages\/1620","targetHints":{"allow":["GET"]}}],"collection":[{"href":"https:\/\/aed-website.trigger-code.com\/de\/wp-json\/wp\/v2\/pages"}],"about":[{"href":"https:\/\/aed-website.trigger-code.com\/de\/wp-json\/wp\/v2\/types\/page"}],"author":[{"embeddable":true,"href":"https:\/\/aed-website.trigger-code.com\/de\/wp-json\/wp\/v2\/users\/1"}],"replies":[{"embeddable":true,"href":"https:\/\/aed-website.trigger-code.com\/de\/wp-json\/wp\/v2\/comments?post=1620"}],"version-history":[{"count":9,"href":"https:\/\/aed-website.trigger-code.com\/de\/wp-json\/wp\/v2\/pages\/1620\/revisions"}],"predecessor-version":[{"id":4364,"href":"https:\/\/aed-website.trigger-code.com\/de\/wp-json\/wp\/v2\/pages\/1620\/revisions\/4364"}],"wp:attachment":[{"href":"https:\/\/aed-website.trigger-code.com\/de\/wp-json\/wp\/v2\/media?parent=1620"}],"curies":[{"name":"wp","href":"https:\/\/api.w.org\/{rel}","templated":true}]}}